{"id":15187,"date":"2025-10-27T11:15:56","date_gmt":"2025-10-27T11:15:56","guid":{"rendered":"https:\/\/enlineabarcelona.com\/producto\/mistral\/"},"modified":"2026-03-23T15:41:41","modified_gmt":"2026-03-23T15:41:41","slug":"mistral","status":"publish","type":"product","link":"https:\/\/enlineabarcelona.com\/ca\/producto\/mistral\/","title":{"rendered":"MISTRAL"},"content":{"rendered":"<p>La gandula Mistralenca, dissenyada per Rodolfo Dordoni per a Roda, t\u00e9 una armadura en teak i sustentaci\u00f3 en corretges de poli\u00e8ster. Amb rodes en la part davantera i el respatller regulable en 7 posicions.<\/p>\n","protected":false},"excerpt":{"rendered":"<p>La gandula Mistralenca, dissenyada per Rodolfo Dordoni per a Roda, t\u00e9 una armadura en teak i sustentaci\u00f3 en corretges de poli\u00e8ster. Amb rodes en la part davantera i el respatller regulable en 7 posicions.<\/p>\n","protected":false},"featured_media":14803,"comment_status":"closed","ping_status":"open","template":"","meta":{"_acf_changed":false},"product_cat":[1405,1423],"product_tag":[],"disenadores":[1356],"marca":[2046],"class_list":{"0":"post-15187","1":"product","2":"type-product","3":"status-publish","4":"has-post-thumbnail","6":"product_cat-exterior","7":"product_cat-gandules","8":"disenadores-rodolfo-dordonirodolfo-dordoni","9":"marca-roda","10":"sales-flash-overlay","11":"woocommerce-text-align-center","12":"woocommerce-image-align-center","13":"do-quantity-buttons","14":"wc-has-gallery","16":"first","17":"instock","18":"purchasable","19":"product-type-simple"},"acf":[],"_links":{"self":[{"href":"https:\/\/enlineabarcelona.com\/ca\/wp-json\/wp\/v2\/product\/15187","targetHints":{"allow":["GET"]}}],"collection":[{"href":"https:\/\/enlineabarcelona.com\/ca\/wp-json\/wp\/v2\/product"}],"about":[{"href":"https:\/\/enlineabarcelona.com\/ca\/wp-json\/wp\/v2\/types\/product"}],"replies":[{"embeddable":true,"href":"https:\/\/enlineabarcelona.com\/ca\/wp-json\/wp\/v2\/comments?post=15187"}],"wp:featuredmedia":[{"embeddable":true,"href":"https:\/\/enlineabarcelona.com\/ca\/wp-json\/wp\/v2\/media\/14803"}],"wp:attachment":[{"href":"https:\/\/enlineabarcelona.com\/ca\/wp-json\/wp\/v2\/media?parent=15187"}],"wp:term":[{"taxonomy":"product_cat","embeddable":true,"href":"https:\/\/enlineabarcelona.com\/ca\/wp-json\/wp\/v2\/product_cat?post=15187"},{"taxonomy":"product_tag","embeddable":true,"href":"https:\/\/enlineabarcelona.com\/ca\/wp-json\/wp\/v2\/product_tag?post=15187"},{"taxonomy":"disenadores","embeddable":true,"href":"https:\/\/enlineabarcelona.com\/ca\/wp-json\/wp\/v2\/disenadores?post=15187"},{"taxonomy":"marca","embeddable":true,"href":"https:\/\/enlineabarcelona.com\/ca\/wp-json\/wp\/v2\/marca?post=15187"}],"curies":[{"name":"wp","href":"https:\/\/api.w.org\/{rel}","templated":true}]}}