{"id":15188,"date":"2025-10-27T11:15:56","date_gmt":"2025-10-27T11:15:56","guid":{"rendered":"https:\/\/enlineabarcelona.com\/producto\/harp-2\/"},"modified":"2026-03-23T15:41:41","modified_gmt":"2026-03-23T15:41:41","slug":"harp-2","status":"publish","type":"product","link":"https:\/\/enlineabarcelona.com\/ca\/producto\/harp-2\/","title":{"rendered":"HARP"},"content":{"rendered":"<p>Gracias a su respaldo reclinable en tres posiciones diferentes, la tumbona HARP es perfecta para leer o tomar el sol en el jard\u00edn o en la terraza. La estructura, de acero inoxidable pintado para exterior, est\u00e1 elaborada y soldada a mano. La cordeler\u00eda, igualmente realizada a mano, est\u00e1 fabricada con hilo de poli\u00e9ster o acr\u00edlico con acabado de algod\u00f3n. Las diferentes variaciones de color disponibles para estas elegantes tumbonas de exterior satisfacen cualquier exigencia de decoraci\u00f3n y personalizaci\u00f3n.<\/p>\n\n<p><\/p>\n","protected":false},"excerpt":{"rendered":"<p>Gracias a su respaldo reclinable en tres posiciones diferentes, la tumbona HARP es perfecta para leer o tomar el sol en el jard\u00edn o en la terraza. La estructura, de acero inoxidable pintado para exterior, est\u00e1 elaborada y soldada a mano. La cordeler\u00eda, igualmente realizada a mano, est\u00e1 fabricada con hilo de poli\u00e9ster o acr\u00edlico &#8230; <a title=\"HARP\" class=\"read-more\" href=\"https:\/\/enlineabarcelona.com\/ca\/producto\/harp-2\/\" aria-label=\"M\u00e9s informaci\u00f3 sobre HARP\">Llegiu m\u00e9s<\/a><\/p>\n","protected":false},"featured_media":7162,"comment_status":"closed","ping_status":"open","template":"","meta":{"_acf_changed":false},"product_cat":[1405,1423],"product_tag":[],"disenadores":[1356],"marca":[2046],"class_list":{"0":"post-15188","1":"product","2":"type-product","3":"status-publish","4":"has-post-thumbnail","6":"product_cat-exterior","7":"product_cat-gandules","8":"disenadores-rodolfo-dordonirodolfo-dordoni","9":"marca-roda","10":"sales-flash-overlay","11":"woocommerce-text-align-center","12":"woocommerce-image-align-center","13":"do-quantity-buttons","14":"wc-has-gallery","16":"first","17":"instock","18":"purchasable","19":"product-type-simple"},"acf":[],"_links":{"self":[{"href":"https:\/\/enlineabarcelona.com\/ca\/wp-json\/wp\/v2\/product\/15188","targetHints":{"allow":["GET"]}}],"collection":[{"href":"https:\/\/enlineabarcelona.com\/ca\/wp-json\/wp\/v2\/product"}],"about":[{"href":"https:\/\/enlineabarcelona.com\/ca\/wp-json\/wp\/v2\/types\/product"}],"replies":[{"embeddable":true,"href":"https:\/\/enlineabarcelona.com\/ca\/wp-json\/wp\/v2\/comments?post=15188"}],"wp:featuredmedia":[{"embeddable":true,"href":"https:\/\/enlineabarcelona.com\/ca\/wp-json\/wp\/v2\/media\/7162"}],"wp:attachment":[{"href":"https:\/\/enlineabarcelona.com\/ca\/wp-json\/wp\/v2\/media?parent=15188"}],"wp:term":[{"taxonomy":"product_cat","embeddable":true,"href":"https:\/\/enlineabarcelona.com\/ca\/wp-json\/wp\/v2\/product_cat?post=15188"},{"taxonomy":"product_tag","embeddable":true,"href":"https:\/\/enlineabarcelona.com\/ca\/wp-json\/wp\/v2\/product_tag?post=15188"},{"taxonomy":"disenadores","embeddable":true,"href":"https:\/\/enlineabarcelona.com\/ca\/wp-json\/wp\/v2\/disenadores?post=15188"},{"taxonomy":"marca","embeddable":true,"href":"https:\/\/enlineabarcelona.com\/ca\/wp-json\/wp\/v2\/marca?post=15188"}],"curies":[{"name":"wp","href":"https:\/\/api.w.org\/{rel}","templated":true}]}}