{"id":15191,"date":"2025-10-27T11:15:56","date_gmt":"2025-10-27T11:15:56","guid":{"rendered":"https:\/\/enlineabarcelona.com\/producto\/hospes\/"},"modified":"2026-02-16T12:23:58","modified_gmt":"2026-02-16T12:23:58","slug":"hospes","status":"publish","type":"product","link":"https:\/\/enlineabarcelona.com\/ca\/producto\/hospes\/","title":{"rendered":"HOSPES"},"content":{"rendered":"<p>Hospes es un puf extremadamente vers\u00e1til, un complemento din\u00e1mico que se puede utilizar de diferentes maneras y que combina a la perfecci\u00f3n con diferentes familias de productos. Realizado en dos tama\u00f1os y tres colores, cuenta con una robusta estructura de aluminio recubierta de un entrelazado de fibra de polietileno. En la parte superior, el entrelazado est\u00e1 sostenido por una cincha que brinda soporte y comodidad.<\/p>\n\n<p><\/p>\n","protected":false},"excerpt":{"rendered":"<p>Hospes es un puf extremadamente vers\u00e1til, un complemento din\u00e1mico que se puede utilizar de diferentes maneras y que combina a la perfecci\u00f3n con diferentes familias de productos. Realizado en dos tama\u00f1os y tres colores, cuenta con una robusta estructura de aluminio recubierta de un entrelazado de fibra de polietileno. En la parte superior, el entrelazado &#8230; <a title=\"HOSPES\" class=\"read-more\" href=\"https:\/\/enlineabarcelona.com\/ca\/producto\/hospes\/\" aria-label=\"M\u00e9s informaci\u00f3 sobre HOSPES\">Llegiu m\u00e9s<\/a><\/p>\n","protected":false},"featured_media":14810,"comment_status":"closed","ping_status":"open","template":"","meta":{"_acf_changed":false},"product_cat":[1425,1405],"product_tag":[],"disenadores":[],"marca":[1422],"class_list":{"0":"post-15191","1":"product","2":"type-product","3":"status-publish","4":"has-post-thumbnail","6":"product_cat-bancs-puff","7":"product_cat-exterior","8":"marca-bb-italia","9":"sales-flash-overlay","10":"woocommerce-text-align-center","11":"woocommerce-image-align-center","12":"do-quantity-buttons","13":"wc-has-gallery","15":"first","16":"instock","17":"purchasable","18":"product-type-simple"},"acf":[],"_links":{"self":[{"href":"https:\/\/enlineabarcelona.com\/ca\/wp-json\/wp\/v2\/product\/15191","targetHints":{"allow":["GET"]}}],"collection":[{"href":"https:\/\/enlineabarcelona.com\/ca\/wp-json\/wp\/v2\/product"}],"about":[{"href":"https:\/\/enlineabarcelona.com\/ca\/wp-json\/wp\/v2\/types\/product"}],"replies":[{"embeddable":true,"href":"https:\/\/enlineabarcelona.com\/ca\/wp-json\/wp\/v2\/comments?post=15191"}],"wp:featuredmedia":[{"embeddable":true,"href":"https:\/\/enlineabarcelona.com\/ca\/wp-json\/wp\/v2\/media\/14810"}],"wp:attachment":[{"href":"https:\/\/enlineabarcelona.com\/ca\/wp-json\/wp\/v2\/media?parent=15191"}],"wp:term":[{"taxonomy":"product_cat","embeddable":true,"href":"https:\/\/enlineabarcelona.com\/ca\/wp-json\/wp\/v2\/product_cat?post=15191"},{"taxonomy":"product_tag","embeddable":true,"href":"https:\/\/enlineabarcelona.com\/ca\/wp-json\/wp\/v2\/product_tag?post=15191"},{"taxonomy":"disenadores","embeddable":true,"href":"https:\/\/enlineabarcelona.com\/ca\/wp-json\/wp\/v2\/disenadores?post=15191"},{"taxonomy":"marca","embeddable":true,"href":"https:\/\/enlineabarcelona.com\/ca\/wp-json\/wp\/v2\/marca?post=15191"}],"curies":[{"name":"wp","href":"https:\/\/api.w.org\/{rel}","templated":true}]}}