{"id":15193,"date":"2025-10-27T11:15:56","date_gmt":"2025-10-27T11:15:56","guid":{"rendered":"https:\/\/enlineabarcelona.com\/producto\/kos\/"},"modified":"2025-10-27T15:46:47","modified_gmt":"2025-10-27T15:46:47","slug":"kos","status":"publish","type":"product","link":"https:\/\/enlineabarcelona.com\/ca\/producto\/kos\/","title":{"rendered":"KOS"},"content":{"rendered":"<p>Banc \u00e9s l&#8217;alternativa informal a les cadires a l&#8217;hora de reunir-se al voltant de la taula, per\u00f2 tamb\u00e9 \u00e9s perfecte com a banc independent al jard\u00ed. Els amples llistons i el disseny pur, deixen veure el costat m\u00e9s robust i modern de la teca.<\/p>\n","protected":false},"excerpt":{"rendered":"<p>Banc \u00e9s l&#8217;alternativa informal a les cadires a l&#8217;hora de reunir-se al voltant de la taula, per\u00f2 tamb\u00e9 \u00e9s perfecte com a banc independent al jard\u00ed. Els amples llistons i el disseny pur, deixen veure el costat m\u00e9s robust i modern de la teca.<\/p>\n","protected":false},"featured_media":14827,"comment_status":"closed","ping_status":"open","template":"","meta":{"_acf_changed":false},"product_cat":[1425,1405],"product_tag":[],"disenadores":[1427],"marca":[2042],"class_list":{"0":"post-15193","1":"product","2":"type-product","3":"status-publish","4":"has-post-thumbnail","6":"product_cat-bancs-puff","7":"product_cat-exterior","8":"disenadores-studio-segersstudio-segers","9":"marca-tribu","10":"sales-flash-overlay","11":"woocommerce-text-align-center","12":"woocommerce-image-align-center","13":"do-quantity-buttons","14":"wc-has-gallery","16":"first","17":"instock","18":"purchasable","19":"product-type-simple"},"acf":[],"_links":{"self":[{"href":"https:\/\/enlineabarcelona.com\/ca\/wp-json\/wp\/v2\/product\/15193","targetHints":{"allow":["GET"]}}],"collection":[{"href":"https:\/\/enlineabarcelona.com\/ca\/wp-json\/wp\/v2\/product"}],"about":[{"href":"https:\/\/enlineabarcelona.com\/ca\/wp-json\/wp\/v2\/types\/product"}],"replies":[{"embeddable":true,"href":"https:\/\/enlineabarcelona.com\/ca\/wp-json\/wp\/v2\/comments?post=15193"}],"wp:featuredmedia":[{"embeddable":true,"href":"https:\/\/enlineabarcelona.com\/ca\/wp-json\/wp\/v2\/media\/14827"}],"wp:attachment":[{"href":"https:\/\/enlineabarcelona.com\/ca\/wp-json\/wp\/v2\/media?parent=15193"}],"wp:term":[{"taxonomy":"product_cat","embeddable":true,"href":"https:\/\/enlineabarcelona.com\/ca\/wp-json\/wp\/v2\/product_cat?post=15193"},{"taxonomy":"product_tag","embeddable":true,"href":"https:\/\/enlineabarcelona.com\/ca\/wp-json\/wp\/v2\/product_tag?post=15193"},{"taxonomy":"disenadores","embeddable":true,"href":"https:\/\/enlineabarcelona.com\/ca\/wp-json\/wp\/v2\/disenadores?post=15193"},{"taxonomy":"marca","embeddable":true,"href":"https:\/\/enlineabarcelona.com\/ca\/wp-json\/wp\/v2\/marca?post=15193"}],"curies":[{"name":"wp","href":"https:\/\/api.w.org\/{rel}","templated":true}]}}