{"id":15194,"date":"2025-10-27T11:15:56","date_gmt":"2025-10-27T11:15:56","guid":{"rendered":"https:\/\/enlineabarcelona.com\/producto\/nomad\/"},"modified":"2025-10-27T15:46:47","modified_gmt":"2025-10-27T15:46:47","slug":"nomad","status":"publish","type":"product","link":"https:\/\/enlineabarcelona.com\/ca\/producto\/nomad\/","title":{"rendered":"NOMAD"},"content":{"rendered":"<p>Pouf, dissenyat per Monica Armani, amb una forma harmoniosa, est\u00e0 especialment dissenyat per al seu \u00fas a l&#8217;aire lliure, amb una estructura drenant en EPS, i entapissats amb escuma reticulada i un teixit per a exteriors. L&#8217;estructura est\u00e0 fabricada en multiplex resistent a l&#8217;aigua, amb el que s&#8217;obt\u00e9 una base s\u00f2lida. Gr\u00e0cies a les seves tres potes invisibles, aquests pufs semblen surar en l&#8217;aire. Disponibles en tres grand\u00e0ries.<\/p>\n","protected":false},"excerpt":{"rendered":"<p>Pouf, dissenyat per Monica Armani, amb una forma harmoniosa, est\u00e0 especialment dissenyat per al seu \u00fas a l&#8217;aire lliure, amb una estructura drenant en EPS, i entapissats amb escuma reticulada i un teixit per a exteriors. L&#8217;estructura est\u00e0 fabricada en multiplex resistent a l&#8217;aigua, amb el que s&#8217;obt\u00e9 una base s\u00f2lida. Gr\u00e0cies a les seves &#8230; <a title=\"NOMAD\" class=\"read-more\" href=\"https:\/\/enlineabarcelona.com\/ca\/producto\/nomad\/\" aria-label=\"M\u00e9s informaci\u00f3 sobre NOMAD\">Llegiu m\u00e9s<\/a><\/p>\n","protected":false},"featured_media":7219,"comment_status":"closed","ping_status":"open","template":"","meta":{"_acf_changed":false},"product_cat":[1425,1405],"product_tag":[],"disenadores":[1413],"marca":[2042],"class_list":{"0":"post-15194","1":"product","2":"type-product","3":"status-publish","4":"has-post-thumbnail","6":"product_cat-bancs-puff","7":"product_cat-exterior","8":"disenadores-monica-armanimonica-armani","9":"marca-tribu","10":"sales-flash-overlay","11":"woocommerce-text-align-center","12":"woocommerce-image-align-center","13":"do-quantity-buttons","14":"wc-has-gallery","16":"first","17":"instock","18":"purchasable","19":"product-type-simple"},"acf":[],"_links":{"self":[{"href":"https:\/\/enlineabarcelona.com\/ca\/wp-json\/wp\/v2\/product\/15194","targetHints":{"allow":["GET"]}}],"collection":[{"href":"https:\/\/enlineabarcelona.com\/ca\/wp-json\/wp\/v2\/product"}],"about":[{"href":"https:\/\/enlineabarcelona.com\/ca\/wp-json\/wp\/v2\/types\/product"}],"replies":[{"embeddable":true,"href":"https:\/\/enlineabarcelona.com\/ca\/wp-json\/wp\/v2\/comments?post=15194"}],"wp:featuredmedia":[{"embeddable":true,"href":"https:\/\/enlineabarcelona.com\/ca\/wp-json\/wp\/v2\/media\/7219"}],"wp:attachment":[{"href":"https:\/\/enlineabarcelona.com\/ca\/wp-json\/wp\/v2\/media?parent=15194"}],"wp:term":[{"taxonomy":"product_cat","embeddable":true,"href":"https:\/\/enlineabarcelona.com\/ca\/wp-json\/wp\/v2\/product_cat?post=15194"},{"taxonomy":"product_tag","embeddable":true,"href":"https:\/\/enlineabarcelona.com\/ca\/wp-json\/wp\/v2\/product_tag?post=15194"},{"taxonomy":"disenadores","embeddable":true,"href":"https:\/\/enlineabarcelona.com\/ca\/wp-json\/wp\/v2\/disenadores?post=15194"},{"taxonomy":"marca","embeddable":true,"href":"https:\/\/enlineabarcelona.com\/ca\/wp-json\/wp\/v2\/marca?post=15194"}],"curies":[{"name":"wp","href":"https:\/\/api.w.org\/{rel}","templated":true}]}}