{"id":15198,"date":"2025-10-27T11:15:56","date_gmt":"2025-10-27T11:15:56","guid":{"rendered":"https:\/\/enlineabarcelona.com\/producto\/teti\/"},"modified":"2026-02-16T11:51:18","modified_gmt":"2026-02-16T11:51:18","slug":"teti","status":"publish","type":"product","link":"https:\/\/enlineabarcelona.com\/ca\/producto\/teti\/","title":{"rendered":"TETI"},"content":{"rendered":"<p>\u00c9s una pe\u00e7a \u00fanica ja que totes les peces es realitzen a m\u00e0 i totes s\u00f3n diferents. Pot ser d&#8217;exterior o interior. Disponible en dos colors<\/p>\n","protected":false},"excerpt":{"rendered":"<p>\u00c9s una pe\u00e7a \u00fanica ja que totes les peces es realitzen a m\u00e0 i totes s\u00f3n diferents. Pot ser d&#8217;exterior o interior. Disponible en dos colors<\/p>\n","protected":false},"featured_media":4930,"comment_status":"closed","ping_status":"open","template":"","meta":{"_acf_changed":false},"product_cat":[1405,1428],"product_tag":[],"disenadores":[1970],"marca":[],"class_list":{"0":"post-15198","1":"product","2":"type-product","3":"status-publish","4":"has-post-thumbnail","6":"product_cat-exterior","7":"product_cat-tamborets","8":"disenadores-prospero-rasulo","9":"sales-flash-overlay","10":"woocommerce-text-align-center","11":"woocommerce-image-align-center","12":"do-quantity-buttons","13":"wc-has-gallery","15":"first","16":"instock","17":"purchasable","18":"product-type-simple"},"acf":[],"_links":{"self":[{"href":"https:\/\/enlineabarcelona.com\/ca\/wp-json\/wp\/v2\/product\/15198","targetHints":{"allow":["GET"]}}],"collection":[{"href":"https:\/\/enlineabarcelona.com\/ca\/wp-json\/wp\/v2\/product"}],"about":[{"href":"https:\/\/enlineabarcelona.com\/ca\/wp-json\/wp\/v2\/types\/product"}],"replies":[{"embeddable":true,"href":"https:\/\/enlineabarcelona.com\/ca\/wp-json\/wp\/v2\/comments?post=15198"}],"wp:featuredmedia":[{"embeddable":true,"href":"https:\/\/enlineabarcelona.com\/ca\/wp-json\/wp\/v2\/media\/4930"}],"wp:attachment":[{"href":"https:\/\/enlineabarcelona.com\/ca\/wp-json\/wp\/v2\/media?parent=15198"}],"wp:term":[{"taxonomy":"product_cat","embeddable":true,"href":"https:\/\/enlineabarcelona.com\/ca\/wp-json\/wp\/v2\/product_cat?post=15198"},{"taxonomy":"product_tag","embeddable":true,"href":"https:\/\/enlineabarcelona.com\/ca\/wp-json\/wp\/v2\/product_tag?post=15198"},{"taxonomy":"disenadores","embeddable":true,"href":"https:\/\/enlineabarcelona.com\/ca\/wp-json\/wp\/v2\/disenadores?post=15198"},{"taxonomy":"marca","embeddable":true,"href":"https:\/\/enlineabarcelona.com\/ca\/wp-json\/wp\/v2\/marca?post=15198"}],"curies":[{"name":"wp","href":"https:\/\/api.w.org\/{rel}","templated":true}]}}