{"id":15205,"date":"2025-10-27T11:16:10","date_gmt":"2025-10-27T11:16:10","guid":{"rendered":"https:\/\/enlineabarcelona.com\/producto\/mirto-3\/"},"modified":"2026-02-16T12:23:58","modified_gmt":"2026-02-16T12:23:58","slug":"mirto-3","status":"publish","type":"product","link":"https:\/\/enlineabarcelona.com\/ca\/producto\/mirto-3\/","title":{"rendered":"MIRTO"},"content":{"rendered":"<p>Les taules Murta Outdoor es caracteritzen per la seva puresa de formes, eleg\u00e0ncia atemporal i detalls de qualitat. Disponibles en nombrosos tamanys, es presenta en estructures lleugeres d&#8217;alumini injectat i una varietat de taulers: d&#8217;alumini pintat, l\u00e0mines d&#8217;iroko, gres porcel\u00e0nic i rajoles de pedra de lava esmaltada, decorades amb reproduccions d&#8217;encaixos tradicionals sicilians. Aquesta \u00faltima versi\u00f3 utilitza un material especial per a la decoraci\u00f3, obtingut trencant el cristall de monitors i residus d&#8217;instruments electr\u00f2nics, i aplicant-lo a la superf\u00edcie de les rajoles mitjan\u00e7ant un proc\u00e9s exclusiu de fabricaci\u00f3.<\/p>\n","protected":false},"excerpt":{"rendered":"<p>Les taules Murta Outdoor es caracteritzen per la seva puresa de formes, eleg\u00e0ncia atemporal i detalls de qualitat. Disponibles en nombrosos tamanys, es presenta en estructures lleugeres d&#8217;alumini injectat i una varietat de taulers: d&#8217;alumini pintat, l\u00e0mines d&#8217;iroko, gres porcel\u00e0nic i rajoles de pedra de lava esmaltada, decorades amb reproduccions d&#8217;encaixos tradicionals sicilians. Aquesta \u00faltima &#8230; <a title=\"MIRTO\" class=\"read-more\" href=\"https:\/\/enlineabarcelona.com\/ca\/producto\/mirto-3\/\" aria-label=\"M\u00e9s informaci\u00f3 sobre MIRTO\">Llegiu m\u00e9s<\/a><\/p>\n","protected":false},"featured_media":7341,"comment_status":"closed","ping_status":"open","template":"","meta":{"_acf_changed":false},"product_cat":[1405,1429],"product_tag":[],"disenadores":[1933],"marca":[1422],"class_list":{"0":"post-15205","1":"product","2":"type-product","3":"status-publish","4":"has-post-thumbnail","6":"product_cat-exterior","7":"product_cat-taules","8":"disenadores-antonio-citterio","9":"marca-bb-italia","10":"sales-flash-overlay","11":"woocommerce-text-align-center","12":"woocommerce-image-align-center","13":"do-quantity-buttons","14":"wc-has-gallery","16":"first","17":"instock","18":"purchasable","19":"product-type-simple"},"acf":[],"_links":{"self":[{"href":"https:\/\/enlineabarcelona.com\/ca\/wp-json\/wp\/v2\/product\/15205","targetHints":{"allow":["GET"]}}],"collection":[{"href":"https:\/\/enlineabarcelona.com\/ca\/wp-json\/wp\/v2\/product"}],"about":[{"href":"https:\/\/enlineabarcelona.com\/ca\/wp-json\/wp\/v2\/types\/product"}],"replies":[{"embeddable":true,"href":"https:\/\/enlineabarcelona.com\/ca\/wp-json\/wp\/v2\/comments?post=15205"}],"wp:featuredmedia":[{"embeddable":true,"href":"https:\/\/enlineabarcelona.com\/ca\/wp-json\/wp\/v2\/media\/7341"}],"wp:attachment":[{"href":"https:\/\/enlineabarcelona.com\/ca\/wp-json\/wp\/v2\/media?parent=15205"}],"wp:term":[{"taxonomy":"product_cat","embeddable":true,"href":"https:\/\/enlineabarcelona.com\/ca\/wp-json\/wp\/v2\/product_cat?post=15205"},{"taxonomy":"product_tag","embeddable":true,"href":"https:\/\/enlineabarcelona.com\/ca\/wp-json\/wp\/v2\/product_tag?post=15205"},{"taxonomy":"disenadores","embeddable":true,"href":"https:\/\/enlineabarcelona.com\/ca\/wp-json\/wp\/v2\/disenadores?post=15205"},{"taxonomy":"marca","embeddable":true,"href":"https:\/\/enlineabarcelona.com\/ca\/wp-json\/wp\/v2\/marca?post=15205"}],"curies":[{"name":"wp","href":"https:\/\/api.w.org\/{rel}","templated":true}]}}