{"id":15211,"date":"2025-10-27T11:16:10","date_gmt":"2025-10-27T11:16:10","guid":{"rendered":"https:\/\/enlineabarcelona.com\/producto\/pillow\/"},"modified":"2026-03-23T15:41:41","modified_gmt":"2026-03-23T15:41:41","slug":"pillow","status":"publish","type":"product","link":"https:\/\/enlineabarcelona.com\/ca\/producto\/pillow\/","title":{"rendered":"PILLOW"},"content":{"rendered":"<p>PILLOW introdueix la il\u00b7luminaci\u00f3 d&#8217;exterior en la proposta de RODA. Una col\u00b7lecci\u00f3 d&#8217;accessoris d&#8217;exterior que, igual que la resta de complements dissenyats per l&#8217;empresa, pret\u00e9n crear una atmosfera altament emocional, en espais exteriors, cada vegada m\u00e9s confortables i relaxants.<\/p>\n","protected":false},"excerpt":{"rendered":"<p>PILLOW introdueix la il\u00b7luminaci\u00f3 d&#8217;exterior en la proposta de RODA. Una col\u00b7lecci\u00f3 d&#8217;accessoris d&#8217;exterior que, igual que la resta de complements dissenyats per l&#8217;empresa, pret\u00e9n crear una atmosfera altament emocional, en espais exteriors, cada vegada m\u00e9s confortables i relaxants.<\/p>\n","protected":false},"featured_media":7407,"comment_status":"closed","ping_status":"open","template":"","meta":{"_acf_changed":false},"product_cat":[1405,1433],"product_tag":[],"disenadores":[1953],"marca":[2046],"class_list":{"0":"post-15211","1":"product","2":"type-product","3":"status-publish","4":"has-post-thumbnail","6":"product_cat-exterior","7":"product_cat-illuminacio","8":"disenadores-gordon-guillaumier","9":"marca-roda","10":"sales-flash-overlay","11":"woocommerce-text-align-center","12":"woocommerce-image-align-center","13":"do-quantity-buttons","14":"wc-has-gallery","16":"first","17":"instock","18":"purchasable","19":"product-type-simple"},"acf":[],"_links":{"self":[{"href":"https:\/\/enlineabarcelona.com\/ca\/wp-json\/wp\/v2\/product\/15211","targetHints":{"allow":["GET"]}}],"collection":[{"href":"https:\/\/enlineabarcelona.com\/ca\/wp-json\/wp\/v2\/product"}],"about":[{"href":"https:\/\/enlineabarcelona.com\/ca\/wp-json\/wp\/v2\/types\/product"}],"replies":[{"embeddable":true,"href":"https:\/\/enlineabarcelona.com\/ca\/wp-json\/wp\/v2\/comments?post=15211"}],"wp:featuredmedia":[{"embeddable":true,"href":"https:\/\/enlineabarcelona.com\/ca\/wp-json\/wp\/v2\/media\/7407"}],"wp:attachment":[{"href":"https:\/\/enlineabarcelona.com\/ca\/wp-json\/wp\/v2\/media?parent=15211"}],"wp:term":[{"taxonomy":"product_cat","embeddable":true,"href":"https:\/\/enlineabarcelona.com\/ca\/wp-json\/wp\/v2\/product_cat?post=15211"},{"taxonomy":"product_tag","embeddable":true,"href":"https:\/\/enlineabarcelona.com\/ca\/wp-json\/wp\/v2\/product_tag?post=15211"},{"taxonomy":"disenadores","embeddable":true,"href":"https:\/\/enlineabarcelona.com\/ca\/wp-json\/wp\/v2\/disenadores?post=15211"},{"taxonomy":"marca","embeddable":true,"href":"https:\/\/enlineabarcelona.com\/ca\/wp-json\/wp\/v2\/marca?post=15211"}],"curies":[{"name":"wp","href":"https:\/\/api.w.org\/{rel}","templated":true}]}}