{"id":15214,"date":"2025-10-27T11:16:10","date_gmt":"2025-10-27T11:16:10","guid":{"rendered":"https:\/\/enlineabarcelona.com\/producto\/flindt\/"},"modified":"2026-01-19T12:38:35","modified_gmt":"2026-01-19T12:38:35","slug":"flindt","status":"publish","type":"product","link":"https:\/\/enlineabarcelona.com\/ca\/producto\/flindt\/","title":{"rendered":"FLINDT"},"content":{"rendered":"<p>La llumin\u00e0ria projecta cap avall una distribuci\u00f3 de la llum asim\u00e8trica i sense enlluernament. Aix\u00ed, il\u00b7lumina suaument la seva silueta retallada, al mateix temps que ofereix una efica\u00e7 il\u00b7luminaci\u00f3 horitzontal sobre el terra. Adequada per a usos en espais tant d&#8217;interior com d&#8217;exterior.<\/p>\n","protected":false},"excerpt":{"rendered":"<p>La llumin\u00e0ria projecta cap avall una distribuci\u00f3 de la llum asim\u00e8trica i sense enlluernament. Aix\u00ed, il\u00b7lumina suaument la seva silueta retallada, al mateix temps que ofereix una efica\u00e7 il\u00b7luminaci\u00f3 horitzontal sobre el terra. Adequada per a usos en espais tant d&#8217;interior com d&#8217;exterior.<\/p>\n","protected":false},"featured_media":7446,"comment_status":"closed","ping_status":"open","template":"","meta":{"_acf_changed":false},"product_cat":[1405,1433],"product_tag":[],"disenadores":[1944],"marca":[1360],"class_list":{"0":"post-15214","1":"product","2":"type-product","3":"status-publish","4":"has-post-thumbnail","6":"product_cat-exterior","7":"product_cat-illuminacio","8":"disenadores-christian-flindt","9":"marca-louis-poulsenlouis-poulsen","10":"sales-flash-overlay","11":"woocommerce-text-align-center","12":"woocommerce-image-align-center","13":"do-quantity-buttons","14":"wc-has-gallery","16":"first","17":"instock","18":"purchasable","19":"product-type-simple"},"acf":[],"_links":{"self":[{"href":"https:\/\/enlineabarcelona.com\/ca\/wp-json\/wp\/v2\/product\/15214","targetHints":{"allow":["GET"]}}],"collection":[{"href":"https:\/\/enlineabarcelona.com\/ca\/wp-json\/wp\/v2\/product"}],"about":[{"href":"https:\/\/enlineabarcelona.com\/ca\/wp-json\/wp\/v2\/types\/product"}],"replies":[{"embeddable":true,"href":"https:\/\/enlineabarcelona.com\/ca\/wp-json\/wp\/v2\/comments?post=15214"}],"wp:featuredmedia":[{"embeddable":true,"href":"https:\/\/enlineabarcelona.com\/ca\/wp-json\/wp\/v2\/media\/7446"}],"wp:attachment":[{"href":"https:\/\/enlineabarcelona.com\/ca\/wp-json\/wp\/v2\/media?parent=15214"}],"wp:term":[{"taxonomy":"product_cat","embeddable":true,"href":"https:\/\/enlineabarcelona.com\/ca\/wp-json\/wp\/v2\/product_cat?post=15214"},{"taxonomy":"product_tag","embeddable":true,"href":"https:\/\/enlineabarcelona.com\/ca\/wp-json\/wp\/v2\/product_tag?post=15214"},{"taxonomy":"disenadores","embeddable":true,"href":"https:\/\/enlineabarcelona.com\/ca\/wp-json\/wp\/v2\/disenadores?post=15214"},{"taxonomy":"marca","embeddable":true,"href":"https:\/\/enlineabarcelona.com\/ca\/wp-json\/wp\/v2\/marca?post=15214"}],"curies":[{"name":"wp","href":"https:\/\/api.w.org\/{rel}","templated":true}]}}