{"id":15217,"date":"2025-10-27T11:16:10","date_gmt":"2025-10-27T11:16:10","guid":{"rendered":"https:\/\/enlineabarcelona.com\/producto\/wally\/"},"modified":"2025-10-27T15:47:07","modified_gmt":"2025-10-27T15:47:07","slug":"wally","status":"publish","type":"product","link":"https:\/\/enlineabarcelona.com\/ca\/producto\/wally\/","title":{"rendered":"WALLY"},"content":{"rendered":"<p>Pertanyent a la s\u00e8rie de les l\u00e0mpades Cesta, aquesta \u00e9s met\u00e0l\u00b7lica i apta per a exteriors<\/p>\n","protected":false},"excerpt":{"rendered":"<p>Pertanyent a la s\u00e8rie de les l\u00e0mpades Cesta, aquesta \u00e9s met\u00e0l\u00b7lica i apta per a exteriors<\/p>\n","protected":false},"featured_media":7479,"comment_status":"closed","ping_status":"open","template":"","meta":{"_acf_changed":false},"product_cat":[1441,1440],"product_tag":[],"disenadores":[1704],"marca":[1368],"class_list":{"0":"post-15217","1":"product","2":"type-product","3":"status-publish","4":"has-post-thumbnail","6":"product_cat-illuminacio","7":"product_cat-illuminacioexterior","8":"disenadores-miguel-mila","9":"marca-santa-cole","10":"sales-flash-overlay","11":"woocommerce-text-align-center","12":"woocommerce-image-align-center","13":"do-quantity-buttons","14":"wc-has-gallery","16":"first","17":"instock","18":"purchasable","19":"product-type-simple"},"acf":[],"_links":{"self":[{"href":"https:\/\/enlineabarcelona.com\/ca\/wp-json\/wp\/v2\/product\/15217","targetHints":{"allow":["GET"]}}],"collection":[{"href":"https:\/\/enlineabarcelona.com\/ca\/wp-json\/wp\/v2\/product"}],"about":[{"href":"https:\/\/enlineabarcelona.com\/ca\/wp-json\/wp\/v2\/types\/product"}],"replies":[{"embeddable":true,"href":"https:\/\/enlineabarcelona.com\/ca\/wp-json\/wp\/v2\/comments?post=15217"}],"wp:featuredmedia":[{"embeddable":true,"href":"https:\/\/enlineabarcelona.com\/ca\/wp-json\/wp\/v2\/media\/7479"}],"wp:attachment":[{"href":"https:\/\/enlineabarcelona.com\/ca\/wp-json\/wp\/v2\/media?parent=15217"}],"wp:term":[{"taxonomy":"product_cat","embeddable":true,"href":"https:\/\/enlineabarcelona.com\/ca\/wp-json\/wp\/v2\/product_cat?post=15217"},{"taxonomy":"product_tag","embeddable":true,"href":"https:\/\/enlineabarcelona.com\/ca\/wp-json\/wp\/v2\/product_tag?post=15217"},{"taxonomy":"disenadores","embeddable":true,"href":"https:\/\/enlineabarcelona.com\/ca\/wp-json\/wp\/v2\/disenadores?post=15217"},{"taxonomy":"marca","embeddable":true,"href":"https:\/\/enlineabarcelona.com\/ca\/wp-json\/wp\/v2\/marca?post=15217"}],"curies":[{"name":"wp","href":"https:\/\/api.w.org\/{rel}","templated":true}]}}