{"id":15219,"date":"2025-10-27T11:16:10","date_gmt":"2025-10-27T11:16:10","guid":{"rendered":"https:\/\/enlineabarcelona.com\/producto\/mayday\/"},"modified":"2025-10-27T15:47:09","modified_gmt":"2025-10-27T15:47:09","slug":"mayday","status":"publish","type":"product","link":"https:\/\/enlineabarcelona.com\/ca\/producto\/mayday\/","title":{"rendered":"MAYDAY"},"content":{"rendered":"<p>Dispositiu d&#8217;il\u00b7luminaci\u00f3 multiusos per a instal\u00b7lar en exteriors. Ganxo\/nansa amb funci\u00f3 d&#8217;enrotllador de cable i difusor c\u00f2nic opal\u00ed&nbsp;sostenible, fet de residus industrials. Interruptor de bot\u00f3 col\u00b7locat en la nansa.<\/p>\n","protected":false},"excerpt":{"rendered":"<p>Dispositiu d&#8217;il\u00b7luminaci\u00f3 multiusos per a instal\u00b7lar en exteriors. Ganxo\/nansa amb funci\u00f3 d&#8217;enrotllador de cable i difusor c\u00f2nic opal\u00ed&nbsp;sostenible, fet de residus industrials. Interruptor de bot\u00f3 col\u00b7locat en la nansa.<\/p>\n","protected":false},"featured_media":7511,"comment_status":"closed","ping_status":"open","template":"","meta":{"_acf_changed":false},"product_cat":[1405,1433],"product_tag":[],"disenadores":[1444],"marca":[],"class_list":{"0":"post-15219","1":"product","2":"type-product","3":"status-publish","4":"has-post-thumbnail","6":"product_cat-exterior","7":"product_cat-illuminacio","8":"disenadores-konstantin-grcickonstantin-grcic","9":"sales-flash-overlay","10":"woocommerce-text-align-center","11":"woocommerce-image-align-center","12":"do-quantity-buttons","13":"wc-has-gallery","15":"first","16":"instock","17":"sale","18":"purchasable","19":"product-type-simple"},"acf":[],"_links":{"self":[{"href":"https:\/\/enlineabarcelona.com\/ca\/wp-json\/wp\/v2\/product\/15219","targetHints":{"allow":["GET"]}}],"collection":[{"href":"https:\/\/enlineabarcelona.com\/ca\/wp-json\/wp\/v2\/product"}],"about":[{"href":"https:\/\/enlineabarcelona.com\/ca\/wp-json\/wp\/v2\/types\/product"}],"replies":[{"embeddable":true,"href":"https:\/\/enlineabarcelona.com\/ca\/wp-json\/wp\/v2\/comments?post=15219"}],"wp:featuredmedia":[{"embeddable":true,"href":"https:\/\/enlineabarcelona.com\/ca\/wp-json\/wp\/v2\/media\/7511"}],"wp:attachment":[{"href":"https:\/\/enlineabarcelona.com\/ca\/wp-json\/wp\/v2\/media?parent=15219"}],"wp:term":[{"taxonomy":"product_cat","embeddable":true,"href":"https:\/\/enlineabarcelona.com\/ca\/wp-json\/wp\/v2\/product_cat?post=15219"},{"taxonomy":"product_tag","embeddable":true,"href":"https:\/\/enlineabarcelona.com\/ca\/wp-json\/wp\/v2\/product_tag?post=15219"},{"taxonomy":"disenadores","embeddable":true,"href":"https:\/\/enlineabarcelona.com\/ca\/wp-json\/wp\/v2\/disenadores?post=15219"},{"taxonomy":"marca","embeddable":true,"href":"https:\/\/enlineabarcelona.com\/ca\/wp-json\/wp\/v2\/marca?post=15219"}],"curies":[{"name":"wp","href":"https:\/\/api.w.org\/{rel}","templated":true}]}}