{"id":15220,"date":"2025-10-27T11:16:10","date_gmt":"2025-10-27T11:16:10","guid":{"rendered":"https:\/\/enlineabarcelona.com\/producto\/k2-k3-k4\/"},"modified":"2025-12-18T09:58:34","modified_gmt":"2025-12-18T09:58:34","slug":"k2-k3-k4","status":"publish","type":"product","link":"https:\/\/enlineabarcelona.com\/ca\/producto\/k2-k3-k4\/","title":{"rendered":"K2-K3-K4"},"content":{"rendered":"<p>Bloc de cuina amb sobre superior lliscant amb diferents acabats possibles (acer inoxidable\/Corian\/fusta xapada amb cant en acer inox), i placa de cocci\u00f3 de treball fixa en acer inoxidable. Es completa amb contenidors amb frontals en acabats: fusta (segons cat\u00e0leg), acer o corian. En exterior, nom\u00e9s pot anar en corian, i sempre en espais protegits per una coberta.<\/p>\n","protected":false},"excerpt":{"rendered":"<p>Bloc de cuina amb sobre superior lliscant amb diferents acabats possibles (acer inoxidable\/Corian\/fusta xapada amb cant en acer inox), i placa de cocci\u00f3 de treball fixa en acer inoxidable. Es completa amb contenidors amb frontals en acabats: fusta (segons cat\u00e0leg), acer o corian. En exterior, nom\u00e9s pot anar en corian, i sempre en espais protegits &#8230; <a title=\"K2-K3-K4\" class=\"read-more\" href=\"https:\/\/enlineabarcelona.com\/ca\/producto\/k2-k3-k4\/\" aria-label=\"M\u00e9s informaci\u00f3 sobre K2-K3-K4\">Llegiu m\u00e9s<\/a><\/p>\n","protected":false},"featured_media":7524,"comment_status":"closed","ping_status":"open","template":"","meta":{"_acf_changed":false},"product_cat":[1445,1405],"product_tag":[],"disenadores":[1780],"marca":[1446],"class_list":{"0":"post-15220","1":"product","2":"type-product","3":"status-publish","4":"has-post-thumbnail","6":"product_cat-cuina","7":"product_cat-exterior","8":"disenadores-norbert-wangen","9":"marca-boffi","10":"sales-flash-overlay","11":"woocommerce-text-align-center","12":"woocommerce-image-align-center","13":"do-quantity-buttons","15":"first","16":"instock","17":"product-type-simple"},"acf":[],"_links":{"self":[{"href":"https:\/\/enlineabarcelona.com\/ca\/wp-json\/wp\/v2\/product\/15220","targetHints":{"allow":["GET"]}}],"collection":[{"href":"https:\/\/enlineabarcelona.com\/ca\/wp-json\/wp\/v2\/product"}],"about":[{"href":"https:\/\/enlineabarcelona.com\/ca\/wp-json\/wp\/v2\/types\/product"}],"replies":[{"embeddable":true,"href":"https:\/\/enlineabarcelona.com\/ca\/wp-json\/wp\/v2\/comments?post=15220"}],"wp:featuredmedia":[{"embeddable":true,"href":"https:\/\/enlineabarcelona.com\/ca\/wp-json\/wp\/v2\/media\/7524"}],"wp:attachment":[{"href":"https:\/\/enlineabarcelona.com\/ca\/wp-json\/wp\/v2\/media?parent=15220"}],"wp:term":[{"taxonomy":"product_cat","embeddable":true,"href":"https:\/\/enlineabarcelona.com\/ca\/wp-json\/wp\/v2\/product_cat?post=15220"},{"taxonomy":"product_tag","embeddable":true,"href":"https:\/\/enlineabarcelona.com\/ca\/wp-json\/wp\/v2\/product_tag?post=15220"},{"taxonomy":"disenadores","embeddable":true,"href":"https:\/\/enlineabarcelona.com\/ca\/wp-json\/wp\/v2\/disenadores?post=15220"},{"taxonomy":"marca","embeddable":true,"href":"https:\/\/enlineabarcelona.com\/ca\/wp-json\/wp\/v2\/marca?post=15220"}],"curies":[{"name":"wp","href":"https:\/\/api.w.org\/{rel}","templated":true}]}}