{"id":15222,"date":"2025-10-27T11:16:10","date_gmt":"2025-10-27T11:16:10","guid":{"rendered":"https:\/\/enlineabarcelona.com\/producto\/ah01\/"},"modified":"2025-12-18T09:58:35","modified_gmt":"2025-12-18T09:58:35","slug":"ah01","status":"publish","type":"product","link":"https:\/\/enlineabarcelona.com\/ca\/producto\/ah01\/","title":{"rendered":"AH01"},"content":{"rendered":"<p>Sistema de cuina d&#8217;exterior d&#8217;acer inoxidable amb elements: barbacoa, rentada i servei. Materials: Acer inoxidable AISI 316, PaperStone i Iroco, adequats per a espais exteriors. Atenci\u00f3 al detall: l&#8217;acer inox AISI 304 utilitzat per a la placa de cocci\u00f3, se selecciona en fase de fusi\u00f3 per a obtenir el m\u00e0xim rendiment en termes de duresa, compacitat i conductivitat t\u00e8rmica. Aquesta caracter\u00edstica permet que la placa eviti que les mol\u00e8cules de greix penetrin en l&#8217;acer i alterin els sabors del menjar. Cremadors professionals. A\u00efllament: l&#8217;\u00e0rea de sota la placa est\u00e0 a\u00efllada amb Aerogel, material altament a\u00efllant utilitzat en els sat\u00e8l\u00b7lits de la Nasa, que garanteix una protecci\u00f3 adequada fins als 400 \u00b0C. Seguretat: V\u00e0lvules de seguretat per a gas. Certificat CE: producte que compleix amb els requisits per al mercat nord-americ\u00e0. Cobertures: els m\u00f2duls de rentada i\/o Barbacoa estan equipats amb tapa de PaperStone negre.<\/p>\n","protected":false},"excerpt":{"rendered":"<p>Sistema de cuina d&#8217;exterior d&#8217;acer inoxidable amb elements: barbacoa, rentada i servei. Materials: Acer inoxidable AISI 316, PaperStone i Iroco, adequats per a espais exteriors. Atenci\u00f3 al detall: l&#8217;acer inox AISI 304 utilitzat per a la placa de cocci\u00f3, se selecciona en fase de fusi\u00f3 per a obtenir el m\u00e0xim rendiment en termes de duresa, &#8230; <a title=\"AH01\" class=\"read-more\" href=\"https:\/\/enlineabarcelona.com\/ca\/producto\/ah01\/\" aria-label=\"M\u00e9s informaci\u00f3 sobre AH01\">Llegiu m\u00e9s<\/a><\/p>\n","protected":false},"featured_media":7535,"comment_status":"closed","ping_status":"open","template":"","meta":{"_acf_changed":false},"product_cat":[1445,1405],"product_tag":[],"disenadores":[1447],"marca":[1446],"class_list":{"0":"post-15222","1":"product","2":"type-product","3":"status-publish","4":"has-post-thumbnail","6":"product_cat-cuina","7":"product_cat-exterior","8":"disenadores-alessandro-andreucci-christian-hoisialessandro-andreucci-christian-hoisi","9":"marca-boffi","10":"sales-flash-overlay","11":"woocommerce-text-align-center","12":"woocommerce-image-align-center","13":"do-quantity-buttons","15":"first","16":"instock","17":"product-type-simple"},"acf":[],"_links":{"self":[{"href":"https:\/\/enlineabarcelona.com\/ca\/wp-json\/wp\/v2\/product\/15222","targetHints":{"allow":["GET"]}}],"collection":[{"href":"https:\/\/enlineabarcelona.com\/ca\/wp-json\/wp\/v2\/product"}],"about":[{"href":"https:\/\/enlineabarcelona.com\/ca\/wp-json\/wp\/v2\/types\/product"}],"replies":[{"embeddable":true,"href":"https:\/\/enlineabarcelona.com\/ca\/wp-json\/wp\/v2\/comments?post=15222"}],"wp:featuredmedia":[{"embeddable":true,"href":"https:\/\/enlineabarcelona.com\/ca\/wp-json\/wp\/v2\/media\/7535"}],"wp:attachment":[{"href":"https:\/\/enlineabarcelona.com\/ca\/wp-json\/wp\/v2\/media?parent=15222"}],"wp:term":[{"taxonomy":"product_cat","embeddable":true,"href":"https:\/\/enlineabarcelona.com\/ca\/wp-json\/wp\/v2\/product_cat?post=15222"},{"taxonomy":"product_tag","embeddable":true,"href":"https:\/\/enlineabarcelona.com\/ca\/wp-json\/wp\/v2\/product_tag?post=15222"},{"taxonomy":"disenadores","embeddable":true,"href":"https:\/\/enlineabarcelona.com\/ca\/wp-json\/wp\/v2\/disenadores?post=15222"},{"taxonomy":"marca","embeddable":true,"href":"https:\/\/enlineabarcelona.com\/ca\/wp-json\/wp\/v2\/marca?post=15222"}],"curies":[{"name":"wp","href":"https:\/\/api.w.org\/{rel}","templated":true}]}}