{"id":15223,"date":"2025-10-27T11:16:10","date_gmt":"2025-10-27T11:16:10","guid":{"rendered":"https:\/\/enlineabarcelona.com\/producto\/open\/"},"modified":"2026-02-02T15:23:57","modified_gmt":"2026-02-02T15:23:57","slug":"open","status":"publish","type":"product","link":"https:\/\/enlineabarcelona.com\/ca\/producto\/open\/","title":{"rendered":"OPEN"},"content":{"rendered":"<p>Cuina composta per un element de cuina i rentat en acer inoxidable (grand\u00e0ria fixa: 2400 mm) que pot completar-se amb una taula. Consta d&#8217;una estructura oberta amb laterals de suport que oculten les connexions de la planta d&#8217;aigua, gas, i accessoris el\u00e8ctrics, potes rodones d&#8217;acer inoxidable i un prestatge en vidre filat amb un marc d&#8217;acer inoxidable. El conjunt es completa amb una taula &#8211; banc amb doble prestatge de vidre armat i un marc d&#8217;acer inoxidable, que s&#8217;utilitza com a taulell d&#8217;aperitius o com a base per a la preparaci\u00f3 d&#8217;aliments.  A difer\u00e8ncia de la resta de la gamma Boffi, Open ofereix totes les funcions i caracter\u00edstiques de la cuina tradicional nom\u00e9s en m\u00f2duls fixos. La versi\u00f3 per a interior pot contenir un compartiment per a rentavaixella en una carcassa d&#8217;acer inoxidable. Open, Monobloc d&#8217;acer inoxidable AISI316, compost per zones de cocci\u00f3 i rentada, taula de tall central gran amb dos calaixos sota; grand\u00e0ries: w. 2400, d. 755, h. 350 mm. Estructura: lateral en acer inoxidable AISI316 que es pot obrir per a accedir a les connexions. Doble pota d&#8217;acer inoxidable amb un di\u00e0metre de 40 mm, i prestatge de vidre armat amb marc d&#8217;acer.<\/p>\n","protected":false},"excerpt":{"rendered":"<p>Cuina composta per un element de cuina i rentat en acer inoxidable (grand\u00e0ria fixa: 2400 mm) que pot completar-se amb una taula. Consta d&#8217;una estructura oberta amb laterals de suport que oculten les connexions de la planta d&#8217;aigua, gas, i accessoris el\u00e8ctrics, potes rodones d&#8217;acer inoxidable i un prestatge en vidre filat amb un marc &#8230; <a title=\"OPEN\" class=\"read-more\" href=\"https:\/\/enlineabarcelona.com\/ca\/producto\/open\/\" aria-label=\"M\u00e9s informaci\u00f3 sobre OPEN\">Llegiu m\u00e9s<\/a><\/p>\n","protected":false},"featured_media":7539,"comment_status":"closed","ping_status":"open","template":"","meta":{"_acf_changed":false},"product_cat":[1445,1405],"product_tag":[],"disenadores":[1811],"marca":[1446],"class_list":{"0":"post-15223","1":"product","2":"type-product","3":"status-publish","4":"has-post-thumbnail","6":"product_cat-cuina","7":"product_cat-exterior","8":"disenadores-piero-lissoni","9":"marca-boffi","10":"sales-flash-overlay","11":"woocommerce-text-align-center","12":"woocommerce-image-align-center","13":"do-quantity-buttons","14":"wc-has-gallery","16":"first","17":"instock","18":"product-type-simple"},"acf":[],"_links":{"self":[{"href":"https:\/\/enlineabarcelona.com\/ca\/wp-json\/wp\/v2\/product\/15223","targetHints":{"allow":["GET"]}}],"collection":[{"href":"https:\/\/enlineabarcelona.com\/ca\/wp-json\/wp\/v2\/product"}],"about":[{"href":"https:\/\/enlineabarcelona.com\/ca\/wp-json\/wp\/v2\/types\/product"}],"replies":[{"embeddable":true,"href":"https:\/\/enlineabarcelona.com\/ca\/wp-json\/wp\/v2\/comments?post=15223"}],"wp:featuredmedia":[{"embeddable":true,"href":"https:\/\/enlineabarcelona.com\/ca\/wp-json\/wp\/v2\/media\/7539"}],"wp:attachment":[{"href":"https:\/\/enlineabarcelona.com\/ca\/wp-json\/wp\/v2\/media?parent=15223"}],"wp:term":[{"taxonomy":"product_cat","embeddable":true,"href":"https:\/\/enlineabarcelona.com\/ca\/wp-json\/wp\/v2\/product_cat?post=15223"},{"taxonomy":"product_tag","embeddable":true,"href":"https:\/\/enlineabarcelona.com\/ca\/wp-json\/wp\/v2\/product_tag?post=15223"},{"taxonomy":"disenadores","embeddable":true,"href":"https:\/\/enlineabarcelona.com\/ca\/wp-json\/wp\/v2\/disenadores?post=15223"},{"taxonomy":"marca","embeddable":true,"href":"https:\/\/enlineabarcelona.com\/ca\/wp-json\/wp\/v2\/marca?post=15223"}],"curies":[{"name":"wp","href":"https:\/\/api.w.org\/{rel}","templated":true}]}}