{"id":15224,"date":"2025-10-27T11:16:10","date_gmt":"2025-10-27T11:16:10","guid":{"rendered":"https:\/\/enlineabarcelona.com\/producto\/minikitchen\/"},"modified":"2026-01-26T16:05:37","modified_gmt":"2026-01-26T16:05:37","slug":"minikitchen","status":"publish","type":"product","link":"https:\/\/enlineabarcelona.com\/ca\/producto\/minikitchen\/","title":{"rendered":"MINIKITCHEN"},"content":{"rendered":"<p>Galleda de cuina m\u00f2bil sobre rodes. Colombo al 1966 va dir: &#8221; les coses han de ser flexibles&#8221;, &#8220;la meva cuina es pot moure f\u00e0cilment quan no s&#8217;usa i es tanca creant un volum compacte com una caixa&#8221;. Minikitchen \u00e9s un moble complet sobre rodes, amb accionament el\u00e8ctric i que compr\u00e8n tot el necessari d&#8217;una cuina, encara que sigui en miniatura: frigor\u00edfic, vitrocer\u00e0mica, calaixos per a olles i plats per a 6 persones, safata extra\u00efble, preses per a petits electrodom\u00e8stics, taules de tallar. Va guanyar la medalla de plata en la XIII Trienale di Mil\u00e0 en 1964, i es exibi\u00f3 en el MoMA, en la llegend\u00e0ria exposici\u00f3 de 1972 &#8220;It\u00e0lia: El nou paisatge dom\u00e8stic&#8221;, on forma part de la col\u00b7lecci\u00f3 permanent.<\/p>\n","protected":false},"excerpt":{"rendered":"<p>Galleda de cuina m\u00f2bil sobre rodes. Colombo al 1966 va dir: &#8221; les coses han de ser flexibles&#8221;, &#8220;la meva cuina es pot moure f\u00e0cilment quan no s&#8217;usa i es tanca creant un volum compacte com una caixa&#8221;. Minikitchen \u00e9s un moble complet sobre rodes, amb accionament el\u00e8ctric i que compr\u00e8n tot el necessari d&#8217;una &#8230; <a title=\"MINIKITCHEN\" class=\"read-more\" href=\"https:\/\/enlineabarcelona.com\/ca\/producto\/minikitchen\/\" aria-label=\"M\u00e9s informaci\u00f3 sobre MINIKITCHEN\">Llegiu m\u00e9s<\/a><\/p>\n","protected":false},"featured_media":7549,"comment_status":"closed","ping_status":"open","template":"","meta":{"_acf_changed":false},"product_cat":[1445,1405],"product_tag":[],"disenadores":[1956],"marca":[1446],"class_list":{"0":"post-15224","1":"product","2":"type-product","3":"status-publish","4":"has-post-thumbnail","6":"product_cat-cuina","7":"product_cat-exterior","8":"disenadores-joe-colombo","9":"marca-boffi","10":"sales-flash-overlay","11":"woocommerce-text-align-center","12":"woocommerce-image-align-center","13":"do-quantity-buttons","14":"wc-has-gallery","16":"first","17":"instock","18":"product-type-simple"},"acf":[],"_links":{"self":[{"href":"https:\/\/enlineabarcelona.com\/ca\/wp-json\/wp\/v2\/product\/15224","targetHints":{"allow":["GET"]}}],"collection":[{"href":"https:\/\/enlineabarcelona.com\/ca\/wp-json\/wp\/v2\/product"}],"about":[{"href":"https:\/\/enlineabarcelona.com\/ca\/wp-json\/wp\/v2\/types\/product"}],"replies":[{"embeddable":true,"href":"https:\/\/enlineabarcelona.com\/ca\/wp-json\/wp\/v2\/comments?post=15224"}],"wp:featuredmedia":[{"embeddable":true,"href":"https:\/\/enlineabarcelona.com\/ca\/wp-json\/wp\/v2\/media\/7549"}],"wp:attachment":[{"href":"https:\/\/enlineabarcelona.com\/ca\/wp-json\/wp\/v2\/media?parent=15224"}],"wp:term":[{"taxonomy":"product_cat","embeddable":true,"href":"https:\/\/enlineabarcelona.com\/ca\/wp-json\/wp\/v2\/product_cat?post=15224"},{"taxonomy":"product_tag","embeddable":true,"href":"https:\/\/enlineabarcelona.com\/ca\/wp-json\/wp\/v2\/product_tag?post=15224"},{"taxonomy":"disenadores","embeddable":true,"href":"https:\/\/enlineabarcelona.com\/ca\/wp-json\/wp\/v2\/disenadores?post=15224"},{"taxonomy":"marca","embeddable":true,"href":"https:\/\/enlineabarcelona.com\/ca\/wp-json\/wp\/v2\/marca?post=15224"}],"curies":[{"name":"wp","href":"https:\/\/api.w.org\/{rel}","templated":true}]}}