{"id":15226,"date":"2025-10-27T11:16:24","date_gmt":"2025-10-27T11:16:24","guid":{"rendered":"https:\/\/enlineabarcelona.com\/producto\/air-minimal\/"},"modified":"2025-12-18T09:58:34","modified_gmt":"2025-12-18T09:58:34","slug":"air-minimal","status":"publish","type":"product","link":"https:\/\/enlineabarcelona.com\/ca\/producto\/air-minimal\/","title":{"rendered":"AIR MINIMAL"},"content":{"rendered":"<p>Ventilador de sostre amb estructura d&#8217;acer inoxidable i pales de fusta contraplacada amb acabat natural o pintat en negre. Disponible amb mutador per a invertir la rotaci\u00f3 de les fulles. T\u00e9 5 velocitats ajustables mitjan\u00e7ant un comandament a dist\u00e0ncia. Versi\u00f3 ST en acabat monocolor blanc o negre.<\/p>\n","protected":false},"excerpt":{"rendered":"<p>Ventilador de sostre amb estructura d&#8217;acer inoxidable i pales de fusta contraplacada amb acabat natural o pintat en negre. Disponible amb mutador per a invertir la rotaci\u00f3 de les fulles. T\u00e9 5 velocitats ajustables mitjan\u00e7ant un comandament a dist\u00e0ncia. Versi\u00f3 ST en acabat monocolor blanc o negre.<\/p>\n","protected":false},"featured_media":14935,"comment_status":"closed","ping_status":"open","template":"","meta":{"_acf_changed":false},"product_cat":[323],"product_tag":[],"disenadores":[1450],"marca":[1446],"class_list":{"0":"post-15226","1":"product","2":"type-product","3":"status-publish","4":"has-post-thumbnail","6":"product_cat-complements-i-accessoris","7":"disenadores-giulio-gianturcogiulio-gianturco","8":"marca-boffi","9":"sales-flash-overlay","10":"woocommerce-text-align-center","11":"woocommerce-image-align-center","12":"do-quantity-buttons","13":"wc-has-gallery","15":"first","16":"instock","17":"purchasable","18":"product-type-simple"},"acf":[],"_links":{"self":[{"href":"https:\/\/enlineabarcelona.com\/ca\/wp-json\/wp\/v2\/product\/15226","targetHints":{"allow":["GET"]}}],"collection":[{"href":"https:\/\/enlineabarcelona.com\/ca\/wp-json\/wp\/v2\/product"}],"about":[{"href":"https:\/\/enlineabarcelona.com\/ca\/wp-json\/wp\/v2\/types\/product"}],"replies":[{"embeddable":true,"href":"https:\/\/enlineabarcelona.com\/ca\/wp-json\/wp\/v2\/comments?post=15226"}],"wp:featuredmedia":[{"embeddable":true,"href":"https:\/\/enlineabarcelona.com\/ca\/wp-json\/wp\/v2\/media\/14935"}],"wp:attachment":[{"href":"https:\/\/enlineabarcelona.com\/ca\/wp-json\/wp\/v2\/media?parent=15226"}],"wp:term":[{"taxonomy":"product_cat","embeddable":true,"href":"https:\/\/enlineabarcelona.com\/ca\/wp-json\/wp\/v2\/product_cat?post=15226"},{"taxonomy":"product_tag","embeddable":true,"href":"https:\/\/enlineabarcelona.com\/ca\/wp-json\/wp\/v2\/product_tag?post=15226"},{"taxonomy":"disenadores","embeddable":true,"href":"https:\/\/enlineabarcelona.com\/ca\/wp-json\/wp\/v2\/disenadores?post=15226"},{"taxonomy":"marca","embeddable":true,"href":"https:\/\/enlineabarcelona.com\/ca\/wp-json\/wp\/v2\/marca?post=15226"}],"curies":[{"name":"wp","href":"https:\/\/api.w.org\/{rel}","templated":true}]}}