{"id":15227,"date":"2025-10-27T11:16:24","date_gmt":"2025-10-27T11:16:24","guid":{"rendered":"https:\/\/enlineabarcelona.com\/producto\/toallero\/"},"modified":"2025-10-27T15:47:16","modified_gmt":"2025-10-27T15:47:16","slug":"toallero","status":"publish","type":"product","link":"https:\/\/enlineabarcelona.com\/ca\/producto\/toallero\/","title":{"rendered":"TOALLERO"},"content":{"rendered":"<p>El seu subtil disseny en fusta de teca s&#8217;integra a la perfecci\u00f3 en qualsevol ambient i t\u00e9 la grand\u00e0ria suficient per a albergar dues tovalloles de platja.<\/p>\n","protected":false},"excerpt":{"rendered":"<p>El seu subtil disseny en fusta de teca s&#8217;integra a la perfecci\u00f3 en qualsevol ambient i t\u00e9 la grand\u00e0ria suficient per a albergar dues tovalloles de platja.<\/p>\n","protected":false},"featured_media":7576,"comment_status":"closed","ping_status":"open","template":"","meta":{"_acf_changed":false},"product_cat":[1451,1405],"product_tag":[],"disenadores":[],"marca":[2042],"class_list":{"0":"post-15227","1":"product","2":"type-product","3":"status-publish","4":"has-post-thumbnail","6":"product_cat-accessoris-i-complements","7":"product_cat-exterior","8":"marca-tribu","9":"sales-flash-overlay","10":"woocommerce-text-align-center","11":"woocommerce-image-align-center","12":"do-quantity-buttons","13":"wc-has-gallery","15":"first","16":"instock","17":"purchasable","18":"product-type-simple"},"acf":[],"_links":{"self":[{"href":"https:\/\/enlineabarcelona.com\/ca\/wp-json\/wp\/v2\/product\/15227","targetHints":{"allow":["GET"]}}],"collection":[{"href":"https:\/\/enlineabarcelona.com\/ca\/wp-json\/wp\/v2\/product"}],"about":[{"href":"https:\/\/enlineabarcelona.com\/ca\/wp-json\/wp\/v2\/types\/product"}],"replies":[{"embeddable":true,"href":"https:\/\/enlineabarcelona.com\/ca\/wp-json\/wp\/v2\/comments?post=15227"}],"wp:featuredmedia":[{"embeddable":true,"href":"https:\/\/enlineabarcelona.com\/ca\/wp-json\/wp\/v2\/media\/7576"}],"wp:attachment":[{"href":"https:\/\/enlineabarcelona.com\/ca\/wp-json\/wp\/v2\/media?parent=15227"}],"wp:term":[{"taxonomy":"product_cat","embeddable":true,"href":"https:\/\/enlineabarcelona.com\/ca\/wp-json\/wp\/v2\/product_cat?post=15227"},{"taxonomy":"product_tag","embeddable":true,"href":"https:\/\/enlineabarcelona.com\/ca\/wp-json\/wp\/v2\/product_tag?post=15227"},{"taxonomy":"disenadores","embeddable":true,"href":"https:\/\/enlineabarcelona.com\/ca\/wp-json\/wp\/v2\/disenadores?post=15227"},{"taxonomy":"marca","embeddable":true,"href":"https:\/\/enlineabarcelona.com\/ca\/wp-json\/wp\/v2\/marca?post=15227"}],"curies":[{"name":"wp","href":"https:\/\/api.w.org\/{rel}","templated":true}]}}