{"id":15228,"date":"2025-10-27T11:16:24","date_gmt":"2025-10-27T11:16:24","guid":{"rendered":"https:\/\/enlineabarcelona.com\/producto\/mood-2\/"},"modified":"2025-10-27T15:47:17","modified_gmt":"2025-10-27T15:47:17","slug":"mood-2","status":"publish","type":"product","link":"https:\/\/enlineabarcelona.com\/ca\/producto\/mood-2\/","title":{"rendered":"MOOD"},"content":{"rendered":"<p>El vapor\u00f3s disseny de la col\u00b7lecci\u00f3&nbsp;Mood&nbsp;i la c\u00e0lida combinaci\u00f3 de teca i v\u00edmet trenat a m\u00e0, creen instant\u00e0niament un ambient especial a la teva terrassa<\/p>\n","protected":false},"excerpt":{"rendered":"<p>El vapor\u00f3s disseny de la col\u00b7lecci\u00f3&nbsp;Mood&nbsp;i la c\u00e0lida combinaci\u00f3 de teca i v\u00edmet trenat a m\u00e0, creen instant\u00e0niament un ambient especial a la teva terrassa<\/p>\n","protected":false},"featured_media":7583,"comment_status":"closed","ping_status":"open","template":"","meta":{"_acf_changed":false},"product_cat":[1405,1420],"product_tag":[],"disenadores":[],"marca":[2042],"class_list":{"0":"post-15228","1":"product","2":"type-product","3":"status-publish","4":"has-post-thumbnail","6":"product_cat-exterior","7":"product_cat-sofas","8":"marca-tribu","9":"sales-flash-overlay","10":"woocommerce-text-align-center","11":"woocommerce-image-align-center","12":"do-quantity-buttons","13":"wc-has-gallery","15":"first","16":"instock","17":"purchasable","18":"product-type-simple"},"acf":[],"_links":{"self":[{"href":"https:\/\/enlineabarcelona.com\/ca\/wp-json\/wp\/v2\/product\/15228","targetHints":{"allow":["GET"]}}],"collection":[{"href":"https:\/\/enlineabarcelona.com\/ca\/wp-json\/wp\/v2\/product"}],"about":[{"href":"https:\/\/enlineabarcelona.com\/ca\/wp-json\/wp\/v2\/types\/product"}],"replies":[{"embeddable":true,"href":"https:\/\/enlineabarcelona.com\/ca\/wp-json\/wp\/v2\/comments?post=15228"}],"wp:featuredmedia":[{"embeddable":true,"href":"https:\/\/enlineabarcelona.com\/ca\/wp-json\/wp\/v2\/media\/7583"}],"wp:attachment":[{"href":"https:\/\/enlineabarcelona.com\/ca\/wp-json\/wp\/v2\/media?parent=15228"}],"wp:term":[{"taxonomy":"product_cat","embeddable":true,"href":"https:\/\/enlineabarcelona.com\/ca\/wp-json\/wp\/v2\/product_cat?post=15228"},{"taxonomy":"product_tag","embeddable":true,"href":"https:\/\/enlineabarcelona.com\/ca\/wp-json\/wp\/v2\/product_tag?post=15228"},{"taxonomy":"disenadores","embeddable":true,"href":"https:\/\/enlineabarcelona.com\/ca\/wp-json\/wp\/v2\/disenadores?post=15228"},{"taxonomy":"marca","embeddable":true,"href":"https:\/\/enlineabarcelona.com\/ca\/wp-json\/wp\/v2\/marca?post=15228"}],"curies":[{"name":"wp","href":"https:\/\/api.w.org\/{rel}","templated":true}]}}