{"id":15230,"date":"2025-10-27T11:16:24","date_gmt":"2025-10-27T11:16:24","guid":{"rendered":"https:\/\/enlineabarcelona.com\/producto\/feelgood-2\/"},"modified":"2026-01-12T12:57:36","modified_gmt":"2026-01-12T12:57:36","slug":"feelgood-2","status":"publish","type":"product","link":"https:\/\/enlineabarcelona.com\/ca\/producto\/feelgood-2\/","title":{"rendered":"FEELGOOD"},"content":{"rendered":"<p>Taburete dentro de la familia Feel Good, atemporal gracias a su dise\u00f1o cl\u00e1sico y contempor\u00e1neo. Patas  en diferentes acabados, aluminio y madera. Asiento y respaldo envolvente, de poliuretano estructural y poliuretano expandido. Cojines de los asientos acolchados para garantizar un elevado confort.<\/p>\n","protected":false},"excerpt":{"rendered":"<p>Taburete dentro de la familia Feel Good, atemporal gracias a su dise\u00f1o cl\u00e1sico y contempor\u00e1neo. Patas en diferentes acabados, aluminio y madera. Asiento y respaldo envolvente, de poliuretano estructural y poliuretano expandido. Cojines de los asientos acolchados para garantizar un elevado confort.<\/p>\n","protected":false},"featured_media":7603,"comment_status":"closed","ping_status":"open","template":"","meta":{"_acf_changed":false},"product_cat":[1323,1134,1324],"product_tag":[],"disenadores":[1933],"marca":[],"class_list":{"0":"post-15230","1":"product","2":"type-product","3":"status-publish","4":"has-post-thumbnail","6":"product_cat-llitsmobiliari","7":"product_cat-mobiliari","8":"product_cat-tamborets","9":"disenadores-antonio-citterio","10":"sales-flash-overlay","11":"woocommerce-text-align-center","12":"woocommerce-image-align-center","13":"do-quantity-buttons","14":"wc-has-gallery","16":"first","17":"instock","18":"purchasable","19":"product-type-simple"},"acf":[],"_links":{"self":[{"href":"https:\/\/enlineabarcelona.com\/ca\/wp-json\/wp\/v2\/product\/15230","targetHints":{"allow":["GET"]}}],"collection":[{"href":"https:\/\/enlineabarcelona.com\/ca\/wp-json\/wp\/v2\/product"}],"about":[{"href":"https:\/\/enlineabarcelona.com\/ca\/wp-json\/wp\/v2\/types\/product"}],"replies":[{"embeddable":true,"href":"https:\/\/enlineabarcelona.com\/ca\/wp-json\/wp\/v2\/comments?post=15230"}],"wp:featuredmedia":[{"embeddable":true,"href":"https:\/\/enlineabarcelona.com\/ca\/wp-json\/wp\/v2\/media\/7603"}],"wp:attachment":[{"href":"https:\/\/enlineabarcelona.com\/ca\/wp-json\/wp\/v2\/media?parent=15230"}],"wp:term":[{"taxonomy":"product_cat","embeddable":true,"href":"https:\/\/enlineabarcelona.com\/ca\/wp-json\/wp\/v2\/product_cat?post=15230"},{"taxonomy":"product_tag","embeddable":true,"href":"https:\/\/enlineabarcelona.com\/ca\/wp-json\/wp\/v2\/product_tag?post=15230"},{"taxonomy":"disenadores","embeddable":true,"href":"https:\/\/enlineabarcelona.com\/ca\/wp-json\/wp\/v2\/disenadores?post=15230"},{"taxonomy":"marca","embeddable":true,"href":"https:\/\/enlineabarcelona.com\/ca\/wp-json\/wp\/v2\/marca?post=15230"}],"curies":[{"name":"wp","href":"https:\/\/api.w.org\/{rel}","templated":true}]}}