{"id":15232,"date":"2025-10-27T11:16:24","date_gmt":"2025-10-27T11:16:24","guid":{"rendered":"https:\/\/enlineabarcelona.com\/producto\/njp-sobremesa\/"},"modified":"2026-02-02T15:16:12","modified_gmt":"2026-02-02T15:16:12","slug":"njp-sobremesa","status":"publish","type":"product","link":"https:\/\/enlineabarcelona.com\/ca\/producto\/njp-sobremesa\/","title":{"rendered":"NJP SOBREMESA"},"content":{"rendered":" <p>L\u00e1mpara de sobremesa. Luz directa y difusa. Su cabezal est\u00e1 dise\u00f1ado para dar forma a la luz y dirigirla de manera \u00f3ptima. Su sistema de movimiento nos permite facilmente posicionarla de forma personalizada. Es reguable ne intensidad. Fuente de luz LED de bajo consumo.<\/p> ","protected":false},"excerpt":{"rendered":"<p>L\u00e1mpara de sobremesa. Luz directa y difusa. Su cabezal est\u00e1 dise\u00f1ado para dar forma a la luz y dirigirla de manera \u00f3ptima. Su sistema de movimiento nos permite facilmente posicionarla de forma personalizada. Es reguable ne intensidad. Fuente de luz LED de bajo consumo.<\/p>\n","protected":false},"featured_media":5976,"comment_status":"closed","ping_status":"open","template":"","meta":{"_acf_changed":false},"product_cat":[17],"product_tag":[],"disenadores":[1960],"marca":[1360],"class_list":{"0":"post-15232","1":"product","2":"type-product","3":"status-publish","4":"has-post-thumbnail","6":"product_cat-sin-categorizar","7":"disenadores-nendo","8":"marca-louis-poulsenlouis-poulsen","9":"sales-flash-overlay","10":"woocommerce-text-align-center","11":"woocommerce-image-align-center","12":"do-quantity-buttons","13":"wc-has-gallery","15":"first","16":"instock","17":"purchasable","18":"product-type-simple"},"acf":[],"_links":{"self":[{"href":"https:\/\/enlineabarcelona.com\/ca\/wp-json\/wp\/v2\/product\/15232","targetHints":{"allow":["GET"]}}],"collection":[{"href":"https:\/\/enlineabarcelona.com\/ca\/wp-json\/wp\/v2\/product"}],"about":[{"href":"https:\/\/enlineabarcelona.com\/ca\/wp-json\/wp\/v2\/types\/product"}],"replies":[{"embeddable":true,"href":"https:\/\/enlineabarcelona.com\/ca\/wp-json\/wp\/v2\/comments?post=15232"}],"wp:featuredmedia":[{"embeddable":true,"href":"https:\/\/enlineabarcelona.com\/ca\/wp-json\/wp\/v2\/media\/5976"}],"wp:attachment":[{"href":"https:\/\/enlineabarcelona.com\/ca\/wp-json\/wp\/v2\/media?parent=15232"}],"wp:term":[{"taxonomy":"product_cat","embeddable":true,"href":"https:\/\/enlineabarcelona.com\/ca\/wp-json\/wp\/v2\/product_cat?post=15232"},{"taxonomy":"product_tag","embeddable":true,"href":"https:\/\/enlineabarcelona.com\/ca\/wp-json\/wp\/v2\/product_tag?post=15232"},{"taxonomy":"disenadores","embeddable":true,"href":"https:\/\/enlineabarcelona.com\/ca\/wp-json\/wp\/v2\/disenadores?post=15232"},{"taxonomy":"marca","embeddable":true,"href":"https:\/\/enlineabarcelona.com\/ca\/wp-json\/wp\/v2\/marca?post=15232"}],"curies":[{"name":"wp","href":"https:\/\/api.w.org\/{rel}","templated":true}]}}