{"id":15235,"date":"2025-10-27T11:16:24","date_gmt":"2025-10-27T11:16:24","guid":{"rendered":"https:\/\/enlineabarcelona.com\/producto\/usm-haller-modular\/"},"modified":"2025-10-27T17:23:03","modified_gmt":"2025-10-27T17:23:03","slug":"usm-haller-modular","status":"publish","type":"product","link":"https:\/\/enlineabarcelona.com\/ca\/producto\/usm-haller-modular\/","title":{"rendered":"USM HALLER MODULAR"},"content":{"rendered":" <p>Sistema modular con infinitas posibilidades de configuraci\u00f3n. Con un estilo atemporal, es un icono del dise\u00f1o moderno. Su composici\u00f3n a partir de una esfera y tubos conectores, hace que se puda crear la comosici\u00f3n que mejor se apadte a tus necesidades, gracias a su amplia gama de medidas y colores, as\u00ed como accesorios.<\/p> ","protected":false},"excerpt":{"rendered":"<p>Sistema modular con infinitas posibilidades de configuraci\u00f3n. Con un estilo atemporal, es un icono del dise\u00f1o moderno. Su composici\u00f3n a partir de una esfera y tubos conectores, hace que se puda crear la comosici\u00f3n que mejor se apadte a tus necesidades, gracias a su amplia gama de medidas y colores, as\u00ed como accesorios.<\/p>\n","protected":false},"featured_media":6410,"comment_status":"closed","ping_status":"open","template":"","meta":{"_acf_changed":false},"product_cat":[1452,1134],"product_tag":[],"disenadores":[1837],"marca":[],"class_list":{"0":"post-15235","1":"product","2":"type-product","3":"status-publish","4":"has-post-thumbnail","6":"product_cat-emmagatzematge","7":"product_cat-mobiliari","8":"disenadores-paul-schaerer-fritz-haller-ca","9":"sales-flash-overlay","10":"woocommerce-text-align-center","11":"woocommerce-image-align-center","12":"do-quantity-buttons","14":"first","15":"instock","16":"product-type-simple"},"acf":[],"_links":{"self":[{"href":"https:\/\/enlineabarcelona.com\/ca\/wp-json\/wp\/v2\/product\/15235","targetHints":{"allow":["GET"]}}],"collection":[{"href":"https:\/\/enlineabarcelona.com\/ca\/wp-json\/wp\/v2\/product"}],"about":[{"href":"https:\/\/enlineabarcelona.com\/ca\/wp-json\/wp\/v2\/types\/product"}],"replies":[{"embeddable":true,"href":"https:\/\/enlineabarcelona.com\/ca\/wp-json\/wp\/v2\/comments?post=15235"}],"wp:featuredmedia":[{"embeddable":true,"href":"https:\/\/enlineabarcelona.com\/ca\/wp-json\/wp\/v2\/media\/6410"}],"wp:attachment":[{"href":"https:\/\/enlineabarcelona.com\/ca\/wp-json\/wp\/v2\/media?parent=15235"}],"wp:term":[{"taxonomy":"product_cat","embeddable":true,"href":"https:\/\/enlineabarcelona.com\/ca\/wp-json\/wp\/v2\/product_cat?post=15235"},{"taxonomy":"product_tag","embeddable":true,"href":"https:\/\/enlineabarcelona.com\/ca\/wp-json\/wp\/v2\/product_tag?post=15235"},{"taxonomy":"disenadores","embeddable":true,"href":"https:\/\/enlineabarcelona.com\/ca\/wp-json\/wp\/v2\/disenadores?post=15235"},{"taxonomy":"marca","embeddable":true,"href":"https:\/\/enlineabarcelona.com\/ca\/wp-json\/wp\/v2\/marca?post=15235"}],"curies":[{"name":"wp","href":"https:\/\/api.w.org\/{rel}","templated":true}]}}