{"id":15236,"date":"2025-10-27T11:16:24","date_gmt":"2025-10-27T11:16:24","guid":{"rendered":"https:\/\/enlineabarcelona.com\/producto\/glo-ball-sobremesa\/"},"modified":"2025-10-27T15:47:23","modified_gmt":"2025-10-27T15:47:23","slug":"glo-ball-sobremesa","status":"publish","type":"product","link":"https:\/\/enlineabarcelona.com\/ca\/producto\/glo-ball-sobremesa\/","title":{"rendered":"GLO-BALL SOBREMESA"},"content":{"rendered":"<p>L\u00e1mpara de sobremesa. De luz difusa. Pantalla en forma de esfera de cristal soplado acabado al \u00e1cido. Estructura en aluminio. Pertenece a una familia de l\u00e1mparas de suspensi\u00f3n, aplique y pie.<\/p>\n","protected":false},"excerpt":{"rendered":"<p>L\u00e1mpara de sobremesa. De luz difusa. Pantalla en forma de esfera de cristal soplado acabado al \u00e1cido. Estructura en aluminio. Pertenece a una familia de l\u00e1mparas de suspensi\u00f3n, aplique y pie.<\/p>\n","protected":false},"featured_media":7663,"comment_status":"closed","ping_status":"open","template":"","meta":{"_acf_changed":false},"product_cat":[1357],"product_tag":[],"disenadores":[1320],"marca":[],"class_list":{"0":"post-15236","1":"product","2":"type-product","3":"status-publish","4":"has-post-thumbnail","6":"product_cat-illuminacio","7":"disenadores-jasper-morrisonjasper-morrison","8":"sales-flash-overlay","9":"woocommerce-text-align-center","10":"woocommerce-image-align-center","11":"do-quantity-buttons","13":"first","14":"instock","15":"purchasable","16":"product-type-simple"},"acf":[],"_links":{"self":[{"href":"https:\/\/enlineabarcelona.com\/ca\/wp-json\/wp\/v2\/product\/15236","targetHints":{"allow":["GET"]}}],"collection":[{"href":"https:\/\/enlineabarcelona.com\/ca\/wp-json\/wp\/v2\/product"}],"about":[{"href":"https:\/\/enlineabarcelona.com\/ca\/wp-json\/wp\/v2\/types\/product"}],"replies":[{"embeddable":true,"href":"https:\/\/enlineabarcelona.com\/ca\/wp-json\/wp\/v2\/comments?post=15236"}],"wp:featuredmedia":[{"embeddable":true,"href":"https:\/\/enlineabarcelona.com\/ca\/wp-json\/wp\/v2\/media\/7663"}],"wp:attachment":[{"href":"https:\/\/enlineabarcelona.com\/ca\/wp-json\/wp\/v2\/media?parent=15236"}],"wp:term":[{"taxonomy":"product_cat","embeddable":true,"href":"https:\/\/enlineabarcelona.com\/ca\/wp-json\/wp\/v2\/product_cat?post=15236"},{"taxonomy":"product_tag","embeddable":true,"href":"https:\/\/enlineabarcelona.com\/ca\/wp-json\/wp\/v2\/product_tag?post=15236"},{"taxonomy":"disenadores","embeddable":true,"href":"https:\/\/enlineabarcelona.com\/ca\/wp-json\/wp\/v2\/disenadores?post=15236"},{"taxonomy":"marca","embeddable":true,"href":"https:\/\/enlineabarcelona.com\/ca\/wp-json\/wp\/v2\/marca?post=15236"}],"curies":[{"name":"wp","href":"https:\/\/api.w.org\/{rel}","templated":true}]}}