{"id":15238,"date":"2025-10-27T11:16:24","date_gmt":"2025-10-27T11:16:24","guid":{"rendered":"https:\/\/enlineabarcelona.com\/producto\/flowerpot\/"},"modified":"2025-10-27T15:47:24","modified_gmt":"2025-10-27T15:47:24","slug":"flowerpot","status":"publish","type":"product","link":"https:\/\/enlineabarcelona.com\/ca\/producto\/flowerpot\/","title":{"rendered":"Flowerpot"},"content":{"rendered":"<p>L\u00e1mpara de sobremesa, de dise\u00f1o dan\u00e9s, de formas ic\u00f3nicas, dise\u00f1ada por Verner Panton en la d\u00e9cada de los 60. L\u00e1mpara de lat\u00f3n, acero inoxidable o metal lacado en diferentes colores:\u00a0 blanco, gris, rosa, azul cobalto, bermell\u00f3n, azul claro, ciruela, verde y negro.<\/p>\n","protected":false},"excerpt":{"rendered":"<p>L\u00e1mpara de sobremesa, de dise\u00f1o dan\u00e9s, de formas ic\u00f3nicas, dise\u00f1ada por Verner Panton en la d\u00e9cada de los 60. L\u00e1mpara de lat\u00f3n, acero inoxidable o metal lacado en diferentes colores:\u00a0 blanco, gris, rosa, azul cobalto, bermell\u00f3n, azul claro, ciruela, verde y negro.<\/p>\n","protected":false},"featured_media":7701,"comment_status":"closed","ping_status":"open","template":"","meta":{"_acf_changed":false},"product_cat":[1405,1438],"product_tag":[],"disenadores":[1372],"marca":[],"class_list":{"0":"post-15238","1":"product","2":"type-product","3":"status-publish","4":"has-post-thumbnail","6":"product_cat-exterior","7":"product_cat-illuminacioilluminacio","8":"disenadores-verner-pantonverner-panton","9":"sales-flash-overlay","10":"woocommerce-text-align-center","11":"woocommerce-image-align-center","12":"do-quantity-buttons","14":"first","15":"instock","16":"purchasable","17":"product-type-simple"},"acf":[],"_links":{"self":[{"href":"https:\/\/enlineabarcelona.com\/ca\/wp-json\/wp\/v2\/product\/15238","targetHints":{"allow":["GET"]}}],"collection":[{"href":"https:\/\/enlineabarcelona.com\/ca\/wp-json\/wp\/v2\/product"}],"about":[{"href":"https:\/\/enlineabarcelona.com\/ca\/wp-json\/wp\/v2\/types\/product"}],"replies":[{"embeddable":true,"href":"https:\/\/enlineabarcelona.com\/ca\/wp-json\/wp\/v2\/comments?post=15238"}],"wp:featuredmedia":[{"embeddable":true,"href":"https:\/\/enlineabarcelona.com\/ca\/wp-json\/wp\/v2\/media\/7701"}],"wp:attachment":[{"href":"https:\/\/enlineabarcelona.com\/ca\/wp-json\/wp\/v2\/media?parent=15238"}],"wp:term":[{"taxonomy":"product_cat","embeddable":true,"href":"https:\/\/enlineabarcelona.com\/ca\/wp-json\/wp\/v2\/product_cat?post=15238"},{"taxonomy":"product_tag","embeddable":true,"href":"https:\/\/enlineabarcelona.com\/ca\/wp-json\/wp\/v2\/product_tag?post=15238"},{"taxonomy":"disenadores","embeddable":true,"href":"https:\/\/enlineabarcelona.com\/ca\/wp-json\/wp\/v2\/disenadores?post=15238"},{"taxonomy":"marca","embeddable":true,"href":"https:\/\/enlineabarcelona.com\/ca\/wp-json\/wp\/v2\/marca?post=15238"}],"curies":[{"name":"wp","href":"https:\/\/api.w.org\/{rel}","templated":true}]}}