{"id":15240,"date":"2025-10-27T11:16:24","date_gmt":"2025-10-27T11:16:24","guid":{"rendered":"https:\/\/enlineabarcelona.com\/producto\/eames-fiberglass-side-chair-turquoise\/"},"modified":"2025-12-18T09:57:10","modified_gmt":"2025-12-18T09:57:10","slug":"eames-fiberglass-side-chair-turquoise","status":"publish","type":"product","link":"https:\/\/enlineabarcelona.com\/ca\/producto\/eames-fiberglass-side-chair-turquoise\/","title":{"rendered":"EAMES FIBERGLASS SIDE CHAIR TURQUOISE"},"content":{"rendered":"<p>Silla de fibra de vidrio, de l\u00edneas org\u00e1nicas, realizada en una sola pieza. Edici\u00f3n limitada en un caracter\u00edstico color de la serie, en la que solo era destinado a pedidos superiores a 200 uds. Puedes encontrarla con la base DSW en arce oscuro O DSR negra.<\/p>\n","protected":false},"excerpt":{"rendered":"<p>Silla de fibra de vidrio, de l\u00edneas org\u00e1nicas, realizada en una sola pieza. Edici\u00f3n limitada en un caracter\u00edstico color de la serie, en la que solo era destinado a pedidos superiores a 200 uds. Puedes encontrarla con la base DSW en arce oscuro O DSR negra.<\/p>\n","protected":false},"featured_media":7733,"comment_status":"closed","ping_status":"open","template":"","meta":{"_acf_changed":false},"product_cat":[1271,1134],"product_tag":[],"disenadores":[1304],"marca":[1311],"class_list":{"0":"post-15240","1":"product","2":"type-product","3":"status-publish","4":"has-post-thumbnail","6":"product_cat-cadires","7":"product_cat-mobiliari","8":"disenadores-charles-ray-eamescharles-ray-eames","9":"marca-vitra","10":"sales-flash-overlay","11":"woocommerce-text-align-center","12":"woocommerce-image-align-center","13":"do-quantity-buttons","14":"wc-has-gallery","16":"first","17":"instock","18":"purchasable","19":"product-type-simple"},"acf":[],"_links":{"self":[{"href":"https:\/\/enlineabarcelona.com\/ca\/wp-json\/wp\/v2\/product\/15240","targetHints":{"allow":["GET"]}}],"collection":[{"href":"https:\/\/enlineabarcelona.com\/ca\/wp-json\/wp\/v2\/product"}],"about":[{"href":"https:\/\/enlineabarcelona.com\/ca\/wp-json\/wp\/v2\/types\/product"}],"replies":[{"embeddable":true,"href":"https:\/\/enlineabarcelona.com\/ca\/wp-json\/wp\/v2\/comments?post=15240"}],"wp:featuredmedia":[{"embeddable":true,"href":"https:\/\/enlineabarcelona.com\/ca\/wp-json\/wp\/v2\/media\/7733"}],"wp:attachment":[{"href":"https:\/\/enlineabarcelona.com\/ca\/wp-json\/wp\/v2\/media?parent=15240"}],"wp:term":[{"taxonomy":"product_cat","embeddable":true,"href":"https:\/\/enlineabarcelona.com\/ca\/wp-json\/wp\/v2\/product_cat?post=15240"},{"taxonomy":"product_tag","embeddable":true,"href":"https:\/\/enlineabarcelona.com\/ca\/wp-json\/wp\/v2\/product_tag?post=15240"},{"taxonomy":"disenadores","embeddable":true,"href":"https:\/\/enlineabarcelona.com\/ca\/wp-json\/wp\/v2\/disenadores?post=15240"},{"taxonomy":"marca","embeddable":true,"href":"https:\/\/enlineabarcelona.com\/ca\/wp-json\/wp\/v2\/marca?post=15240"}],"curies":[{"name":"wp","href":"https:\/\/api.w.org\/{rel}","templated":true}]}}