{"id":15242,"date":"2025-10-27T11:16:24","date_gmt":"2025-10-27T11:16:24","guid":{"rendered":"https:\/\/enlineabarcelona.com\/producto\/panton-chair\/"},"modified":"2025-12-18T09:57:10","modified_gmt":"2025-12-18T09:57:10","slug":"panton-chair","status":"publish","type":"product","link":"https:\/\/enlineabarcelona.com\/ca\/producto\/panton-chair\/","title":{"rendered":"PANTON CHAIR"},"content":{"rendered":"<p>Silla dise\u00f1ada por Verner Panton, icono del dise\u00f1o del siglo XX. Con estructura de pl\u00e1stico, ha recibido numerosos premios internacionales de dise\u00f1o. Disponible en diferentes colores.<\/p>\n\n<p><\/p>\n","protected":false},"excerpt":{"rendered":"<p>Silla dise\u00f1ada por Verner Panton, icono del dise\u00f1o del siglo XX. Con estructura de pl\u00e1stico, ha recibido numerosos premios internacionales de dise\u00f1o. Disponible en diferentes colores.<\/p>\n","protected":false},"featured_media":7755,"comment_status":"closed","ping_status":"open","template":"","meta":{"_acf_changed":false},"product_cat":[1271,1134],"product_tag":[],"disenadores":[1372],"marca":[1311],"class_list":{"0":"post-15242","1":"product","2":"type-product","3":"status-publish","4":"has-post-thumbnail","6":"product_cat-cadires","7":"product_cat-mobiliari","8":"disenadores-verner-pantonverner-panton","9":"marca-vitra","10":"sales-flash-overlay","11":"woocommerce-text-align-center","12":"woocommerce-image-align-center","13":"do-quantity-buttons","14":"wc-has-gallery","16":"first","17":"instock","18":"purchasable","19":"product-type-simple"},"acf":[],"_links":{"self":[{"href":"https:\/\/enlineabarcelona.com\/ca\/wp-json\/wp\/v2\/product\/15242","targetHints":{"allow":["GET"]}}],"collection":[{"href":"https:\/\/enlineabarcelona.com\/ca\/wp-json\/wp\/v2\/product"}],"about":[{"href":"https:\/\/enlineabarcelona.com\/ca\/wp-json\/wp\/v2\/types\/product"}],"replies":[{"embeddable":true,"href":"https:\/\/enlineabarcelona.com\/ca\/wp-json\/wp\/v2\/comments?post=15242"}],"wp:featuredmedia":[{"embeddable":true,"href":"https:\/\/enlineabarcelona.com\/ca\/wp-json\/wp\/v2\/media\/7755"}],"wp:attachment":[{"href":"https:\/\/enlineabarcelona.com\/ca\/wp-json\/wp\/v2\/media?parent=15242"}],"wp:term":[{"taxonomy":"product_cat","embeddable":true,"href":"https:\/\/enlineabarcelona.com\/ca\/wp-json\/wp\/v2\/product_cat?post=15242"},{"taxonomy":"product_tag","embeddable":true,"href":"https:\/\/enlineabarcelona.com\/ca\/wp-json\/wp\/v2\/product_tag?post=15242"},{"taxonomy":"disenadores","embeddable":true,"href":"https:\/\/enlineabarcelona.com\/ca\/wp-json\/wp\/v2\/disenadores?post=15242"},{"taxonomy":"marca","embeddable":true,"href":"https:\/\/enlineabarcelona.com\/ca\/wp-json\/wp\/v2\/marca?post=15242"}],"curies":[{"name":"wp","href":"https:\/\/api.w.org\/{rel}","templated":true}]}}