{"id":15246,"date":"2025-10-27T11:16:40","date_gmt":"2025-10-27T11:16:40","guid":{"rendered":"https:\/\/enlineabarcelona.com\/producto\/silla-ch24-wishbone-chair\/"},"modified":"2025-10-27T15:47:32","modified_gmt":"2025-10-27T15:47:32","slug":"silla-ch24-wishbone-chair","status":"publish","type":"product","link":"https:\/\/enlineabarcelona.com\/ca\/producto\/silla-ch24-wishbone-chair\/","title":{"rendered":"SILLA CH24 WISHBONE CHAIR"},"content":{"rendered":"<p>Silla con estructura de madera y asiento en papercord. Es el primer modelo que Hans J. Wegner dise\u00f1\u00f3 para Carl Hansen &#038; Son. Modelo ic\u00f3nico de las sillas del dise\u00f1o moderno. Combina el respaldo y el reposabrazos en una sola pieza. Su caracteristico respaldo en forma de Y,  da nombre a la silla. Gran parte del proceso de producci\u00f3n se realiza a mano.<\/p>\n","protected":false},"excerpt":{"rendered":"<p>Silla con estructura de madera y asiento en papercord. Es el primer modelo que Hans J. Wegner dise\u00f1\u00f3 para Carl Hansen &#038; Son. Modelo ic\u00f3nico de las sillas del dise\u00f1o moderno. Combina el respaldo y el reposabrazos en una sola pieza. Su caracteristico respaldo en forma de Y, da nombre a la silla. Gran parte &#8230; <a title=\"SILLA CH24 WISHBONE CHAIR\" class=\"read-more\" href=\"https:\/\/enlineabarcelona.com\/ca\/producto\/silla-ch24-wishbone-chair\/\" aria-label=\"M\u00e9s informaci\u00f3 sobre SILLA CH24 WISHBONE CHAIR\">Llegiu m\u00e9s<\/a><\/p>\n","protected":false},"featured_media":7682,"comment_status":"closed","ping_status":"open","template":"","meta":{"_acf_changed":false},"product_cat":[17],"product_tag":[],"disenadores":[],"marca":[],"class_list":{"0":"post-15246","1":"product","2":"type-product","3":"status-publish","4":"has-post-thumbnail","6":"product_cat-sin-categorizar","7":"sales-flash-overlay","8":"woocommerce-text-align-center","9":"woocommerce-image-align-center","10":"do-quantity-buttons","12":"first","13":"instock","14":"purchasable","15":"product-type-simple"},"acf":[],"_links":{"self":[{"href":"https:\/\/enlineabarcelona.com\/ca\/wp-json\/wp\/v2\/product\/15246","targetHints":{"allow":["GET"]}}],"collection":[{"href":"https:\/\/enlineabarcelona.com\/ca\/wp-json\/wp\/v2\/product"}],"about":[{"href":"https:\/\/enlineabarcelona.com\/ca\/wp-json\/wp\/v2\/types\/product"}],"replies":[{"embeddable":true,"href":"https:\/\/enlineabarcelona.com\/ca\/wp-json\/wp\/v2\/comments?post=15246"}],"wp:featuredmedia":[{"embeddable":true,"href":"https:\/\/enlineabarcelona.com\/ca\/wp-json\/wp\/v2\/media\/7682"}],"wp:attachment":[{"href":"https:\/\/enlineabarcelona.com\/ca\/wp-json\/wp\/v2\/media?parent=15246"}],"wp:term":[{"taxonomy":"product_cat","embeddable":true,"href":"https:\/\/enlineabarcelona.com\/ca\/wp-json\/wp\/v2\/product_cat?post=15246"},{"taxonomy":"product_tag","embeddable":true,"href":"https:\/\/enlineabarcelona.com\/ca\/wp-json\/wp\/v2\/product_tag?post=15246"},{"taxonomy":"disenadores","embeddable":true,"href":"https:\/\/enlineabarcelona.com\/ca\/wp-json\/wp\/v2\/disenadores?post=15246"},{"taxonomy":"marca","embeddable":true,"href":"https:\/\/enlineabarcelona.com\/ca\/wp-json\/wp\/v2\/marca?post=15246"}],"curies":[{"name":"wp","href":"https:\/\/api.w.org\/{rel}","templated":true}]}}