{"id":15247,"date":"2025-10-27T11:16:40","date_gmt":"2025-10-27T11:16:40","guid":{"rendered":"https:\/\/enlineabarcelona.com\/producto\/silla-ch24-wishbone-chair-2\/"},"modified":"2026-01-26T16:02:41","modified_gmt":"2026-01-26T16:02:41","slug":"silla-ch24-wishbone-chair-2","status":"publish","type":"product","link":"https:\/\/enlineabarcelona.com\/ca\/producto\/silla-ch24-wishbone-chair-2\/","title":{"rendered":"SILLA CH24 WISHBONE CHAIR"},"content":{"rendered":"<p>Silla con estructura de madera y asiento en papercord. Es el primer modelo que Hans J. Wegner dise\u00f1\u00f3 para Carl Hansen &amp; Son. Modelo ic\u00f3nico de las sillas del dise\u00f1o moderno. Combina el respaldo y el reposabrazos en una sola pieza. Su caracteristico respaldo en forma de Y,  da nombre a la silla. Gran parte del proceso de producci\u00f3n se realiza a mano.<\/p>\n","protected":false},"excerpt":{"rendered":"<p>Silla con estructura de madera y asiento en papercord. Es el primer modelo que Hans J. Wegner dise\u00f1\u00f3 para Carl Hansen &amp; Son. Modelo ic\u00f3nico de las sillas del dise\u00f1o moderno. Combina el respaldo y el reposabrazos en una sola pieza. Su caracteristico respaldo en forma de Y, da nombre a la silla. Gran parte &#8230; <a title=\"SILLA CH24 WISHBONE CHAIR\" class=\"read-more\" href=\"https:\/\/enlineabarcelona.com\/ca\/producto\/silla-ch24-wishbone-chair-2\/\" aria-label=\"M\u00e9s informaci\u00f3 sobre SILLA CH24 WISHBONE CHAIR\">Llegiu m\u00e9s<\/a><\/p>\n","protected":false},"featured_media":7808,"comment_status":"closed","ping_status":"open","template":"","meta":{"_acf_changed":false},"product_cat":[1271,1134],"product_tag":[],"disenadores":[1954],"marca":[1453],"class_list":{"0":"post-15247","1":"product","2":"type-product","3":"status-publish","4":"has-post-thumbnail","6":"product_cat-cadires","7":"product_cat-mobiliari","8":"disenadores-hans-j-wegner","9":"marca-carl-hansen","10":"sales-flash-overlay","11":"woocommerce-text-align-center","12":"woocommerce-image-align-center","13":"do-quantity-buttons","14":"wc-has-gallery","16":"first","17":"instock","18":"sale","19":"purchasable","20":"product-type-simple"},"acf":[],"_links":{"self":[{"href":"https:\/\/enlineabarcelona.com\/ca\/wp-json\/wp\/v2\/product\/15247","targetHints":{"allow":["GET"]}}],"collection":[{"href":"https:\/\/enlineabarcelona.com\/ca\/wp-json\/wp\/v2\/product"}],"about":[{"href":"https:\/\/enlineabarcelona.com\/ca\/wp-json\/wp\/v2\/types\/product"}],"replies":[{"embeddable":true,"href":"https:\/\/enlineabarcelona.com\/ca\/wp-json\/wp\/v2\/comments?post=15247"}],"wp:featuredmedia":[{"embeddable":true,"href":"https:\/\/enlineabarcelona.com\/ca\/wp-json\/wp\/v2\/media\/7808"}],"wp:attachment":[{"href":"https:\/\/enlineabarcelona.com\/ca\/wp-json\/wp\/v2\/media?parent=15247"}],"wp:term":[{"taxonomy":"product_cat","embeddable":true,"href":"https:\/\/enlineabarcelona.com\/ca\/wp-json\/wp\/v2\/product_cat?post=15247"},{"taxonomy":"product_tag","embeddable":true,"href":"https:\/\/enlineabarcelona.com\/ca\/wp-json\/wp\/v2\/product_tag?post=15247"},{"taxonomy":"disenadores","embeddable":true,"href":"https:\/\/enlineabarcelona.com\/ca\/wp-json\/wp\/v2\/disenadores?post=15247"},{"taxonomy":"marca","embeddable":true,"href":"https:\/\/enlineabarcelona.com\/ca\/wp-json\/wp\/v2\/marca?post=15247"}],"curies":[{"name":"wp","href":"https:\/\/api.w.org\/{rel}","templated":true}]}}