{"id":15253,"date":"2025-10-27T11:16:40","date_gmt":"2025-10-27T11:16:40","guid":{"rendered":"https:\/\/enlineabarcelona.com\/producto\/sofa-boa\/"},"modified":"2026-01-19T12:50:03","modified_gmt":"2026-01-19T12:50:03","slug":"sofa-boa","status":"publish","type":"product","link":"https:\/\/enlineabarcelona.com\/ca\/producto\/sofa-boa\/","title":{"rendered":"SOF\u00c1 BOA"},"content":{"rendered":"<p>Sof\u00e1 escultura. Nido de tejido hecho a mano,  120 m de tejido tubular relleno de poliuretano el\u00e1stico y transpirable con un toque de plum\u00f3n,  revestido en tercipelo que aporta una suavidad y una luminosidad peculiar.<\/p>\n","protected":false},"excerpt":{"rendered":"<p>Sof\u00e1 escultura. Nido de tejido hecho a mano, 120 m de tejido tubular relleno de poliuretano el\u00e1stico y transpirable con un toque de plum\u00f3n, revestido en tercipelo que aporta una suavidad y una luminosidad peculiar.<\/p>\n","protected":false},"featured_media":7895,"comment_status":"closed","ping_status":"open","template":"","meta":{"_acf_changed":false},"product_cat":[1134,1298],"product_tag":[],"disenadores":[1948],"marca":[],"class_list":{"0":"post-15253","1":"product","2":"type-product","3":"status-publish","4":"has-post-thumbnail","6":"product_cat-mobiliari","7":"product_cat-sofas","8":"disenadores-fernando-e-humberto-campana","9":"sales-flash-overlay","10":"woocommerce-text-align-center","11":"woocommerce-image-align-center","12":"do-quantity-buttons","13":"wc-has-gallery","15":"first","16":"instock","17":"purchasable","18":"product-type-simple"},"acf":[],"_links":{"self":[{"href":"https:\/\/enlineabarcelona.com\/ca\/wp-json\/wp\/v2\/product\/15253","targetHints":{"allow":["GET"]}}],"collection":[{"href":"https:\/\/enlineabarcelona.com\/ca\/wp-json\/wp\/v2\/product"}],"about":[{"href":"https:\/\/enlineabarcelona.com\/ca\/wp-json\/wp\/v2\/types\/product"}],"replies":[{"embeddable":true,"href":"https:\/\/enlineabarcelona.com\/ca\/wp-json\/wp\/v2\/comments?post=15253"}],"wp:featuredmedia":[{"embeddable":true,"href":"https:\/\/enlineabarcelona.com\/ca\/wp-json\/wp\/v2\/media\/7895"}],"wp:attachment":[{"href":"https:\/\/enlineabarcelona.com\/ca\/wp-json\/wp\/v2\/media?parent=15253"}],"wp:term":[{"taxonomy":"product_cat","embeddable":true,"href":"https:\/\/enlineabarcelona.com\/ca\/wp-json\/wp\/v2\/product_cat?post=15253"},{"taxonomy":"product_tag","embeddable":true,"href":"https:\/\/enlineabarcelona.com\/ca\/wp-json\/wp\/v2\/product_tag?post=15253"},{"taxonomy":"disenadores","embeddable":true,"href":"https:\/\/enlineabarcelona.com\/ca\/wp-json\/wp\/v2\/disenadores?post=15253"},{"taxonomy":"marca","embeddable":true,"href":"https:\/\/enlineabarcelona.com\/ca\/wp-json\/wp\/v2\/marca?post=15253"}],"curies":[{"name":"wp","href":"https:\/\/api.w.org\/{rel}","templated":true}]}}