{"id":15254,"date":"2025-10-27T11:16:40","date_gmt":"2025-10-27T11:16:40","guid":{"rendered":"https:\/\/enlineabarcelona.com\/producto\/taburete-ch58\/"},"modified":"2026-01-26T16:02:42","modified_gmt":"2026-01-26T16:02:42","slug":"taburete-ch58","status":"publish","type":"product","link":"https:\/\/enlineabarcelona.com\/ca\/producto\/taburete-ch58\/","title":{"rendered":"TABURETE CH58"},"content":{"rendered":"<p>Taburete con estructura de madera,  asiento acolchado redondo y reposapi\u00e9s en acero inoxidable.  La construcci\u00f3n proporciona una estabilidad \u00f3ptima con las patas m\u00e1s gruesas en la uni\u00f3n con el anillo y m\u00e1s delgadas hasta el suelo y hasta el asiento en el dise\u00f1o exclusivo de Wegner.<\/p>\n","protected":false},"excerpt":{"rendered":"<p>Taburete con estructura de madera, asiento acolchado redondo y reposapi\u00e9s en acero inoxidable. La construcci\u00f3n proporciona una estabilidad \u00f3ptima con las patas m\u00e1s gruesas en la uni\u00f3n con el anillo y m\u00e1s delgadas hasta el suelo y hasta el asiento en el dise\u00f1o exclusivo de Wegner.<\/p>\n","protected":false},"featured_media":7911,"comment_status":"closed","ping_status":"open","template":"","meta":{"_acf_changed":false},"product_cat":[1134,1310],"product_tag":[],"disenadores":[1954],"marca":[1453],"class_list":{"0":"post-15254","1":"product","2":"type-product","3":"status-publish","4":"has-post-thumbnail","6":"product_cat-mobiliari","7":"product_cat-tamborets","8":"disenadores-hans-j-wegner","9":"marca-carl-hansen","10":"sales-flash-overlay","11":"woocommerce-text-align-center","12":"woocommerce-image-align-center","13":"do-quantity-buttons","14":"wc-has-gallery","16":"first","17":"instock","18":"purchasable","19":"product-type-simple"},"acf":[],"_links":{"self":[{"href":"https:\/\/enlineabarcelona.com\/ca\/wp-json\/wp\/v2\/product\/15254","targetHints":{"allow":["GET"]}}],"collection":[{"href":"https:\/\/enlineabarcelona.com\/ca\/wp-json\/wp\/v2\/product"}],"about":[{"href":"https:\/\/enlineabarcelona.com\/ca\/wp-json\/wp\/v2\/types\/product"}],"replies":[{"embeddable":true,"href":"https:\/\/enlineabarcelona.com\/ca\/wp-json\/wp\/v2\/comments?post=15254"}],"wp:featuredmedia":[{"embeddable":true,"href":"https:\/\/enlineabarcelona.com\/ca\/wp-json\/wp\/v2\/media\/7911"}],"wp:attachment":[{"href":"https:\/\/enlineabarcelona.com\/ca\/wp-json\/wp\/v2\/media?parent=15254"}],"wp:term":[{"taxonomy":"product_cat","embeddable":true,"href":"https:\/\/enlineabarcelona.com\/ca\/wp-json\/wp\/v2\/product_cat?post=15254"},{"taxonomy":"product_tag","embeddable":true,"href":"https:\/\/enlineabarcelona.com\/ca\/wp-json\/wp\/v2\/product_tag?post=15254"},{"taxonomy":"disenadores","embeddable":true,"href":"https:\/\/enlineabarcelona.com\/ca\/wp-json\/wp\/v2\/disenadores?post=15254"},{"taxonomy":"marca","embeddable":true,"href":"https:\/\/enlineabarcelona.com\/ca\/wp-json\/wp\/v2\/marca?post=15254"}],"curies":[{"name":"wp","href":"https:\/\/api.w.org\/{rel}","templated":true}]}}