{"id":15263,"date":"2025-10-27T11:16:40","date_gmt":"2025-10-27T11:16:40","guid":{"rendered":"https:\/\/enlineabarcelona.com\/producto\/apollo\/"},"modified":"2026-01-12T12:57:35","modified_gmt":"2026-01-12T12:57:35","slug":"apollo","status":"publish","type":"product","link":"https:\/\/enlineabarcelona.com\/ca\/producto\/apollo\/","title":{"rendered":"APOLLO"},"content":{"rendered":"<p>Butaca giratoria de formas redondeadas. El dise\u00f1o del respaldo, la profundidad del asiento, las formas contorneadas y acolchado son elementos que hacen que el sill\u00f3n Apollo sea acogedor y c\u00f3modo. La estructura est\u00e1 definida por un borde de aluminio pintado en una gama de colores sofisticados.<\/p>\n","protected":false},"excerpt":{"rendered":"<p>Butaca giratoria de formas redondeadas. El dise\u00f1o del respaldo, la profundidad del asiento, las formas contorneadas y acolchado son elementos que hacen que el sill\u00f3n Apollo sea acogedor y c\u00f3modo. La estructura est\u00e1 definida por un borde de aluminio pintado en una gama de colores sofisticados.<\/p>\n","protected":false},"featured_media":8001,"comment_status":"closed","ping_status":"open","template":"","meta":{"_acf_changed":false},"product_cat":[1290,1134],"product_tag":[],"disenadores":[1933],"marca":[],"class_list":{"0":"post-15263","1":"product","2":"type-product","3":"status-publish","4":"has-post-thumbnail","6":"product_cat-butaques","7":"product_cat-mobiliari","8":"disenadores-antonio-citterio","9":"sales-flash-overlay","10":"woocommerce-text-align-center","11":"woocommerce-image-align-center","12":"do-quantity-buttons","14":"first","15":"instock","16":"purchasable","17":"product-type-simple"},"acf":[],"_links":{"self":[{"href":"https:\/\/enlineabarcelona.com\/ca\/wp-json\/wp\/v2\/product\/15263","targetHints":{"allow":["GET"]}}],"collection":[{"href":"https:\/\/enlineabarcelona.com\/ca\/wp-json\/wp\/v2\/product"}],"about":[{"href":"https:\/\/enlineabarcelona.com\/ca\/wp-json\/wp\/v2\/types\/product"}],"replies":[{"embeddable":true,"href":"https:\/\/enlineabarcelona.com\/ca\/wp-json\/wp\/v2\/comments?post=15263"}],"wp:featuredmedia":[{"embeddable":true,"href":"https:\/\/enlineabarcelona.com\/ca\/wp-json\/wp\/v2\/media\/8001"}],"wp:attachment":[{"href":"https:\/\/enlineabarcelona.com\/ca\/wp-json\/wp\/v2\/media?parent=15263"}],"wp:term":[{"taxonomy":"product_cat","embeddable":true,"href":"https:\/\/enlineabarcelona.com\/ca\/wp-json\/wp\/v2\/product_cat?post=15263"},{"taxonomy":"product_tag","embeddable":true,"href":"https:\/\/enlineabarcelona.com\/ca\/wp-json\/wp\/v2\/product_tag?post=15263"},{"taxonomy":"disenadores","embeddable":true,"href":"https:\/\/enlineabarcelona.com\/ca\/wp-json\/wp\/v2\/disenadores?post=15263"},{"taxonomy":"marca","embeddable":true,"href":"https:\/\/enlineabarcelona.com\/ca\/wp-json\/wp\/v2\/marca?post=15263"}],"curies":[{"name":"wp","href":"https:\/\/api.w.org\/{rel}","templated":true}]}}