{"id":15264,"date":"2025-10-27T11:16:40","date_gmt":"2025-10-27T11:16:40","guid":{"rendered":"https:\/\/enlineabarcelona.com\/producto\/comodo\/"},"modified":"2025-10-27T15:47:48","modified_gmt":"2025-10-27T15:47:48","slug":"comodo","status":"publish","type":"product","link":"https:\/\/enlineabarcelona.com\/ca\/producto\/comodo\/","title":{"rendered":"COMODO"},"content":{"rendered":"<p>Mesita auxiliar dise\u00f1ada por Achille Castiglioni que pude utilizarse como mesita de noche, bandeja, mesa de caf\u00e9 o simplemente como caja de almacenamiento para todos sus utensilios. Base en acero y caj\u00f3n en madera.<\/p>\n","protected":false},"excerpt":{"rendered":"<p>Mesita auxiliar dise\u00f1ada por Achille Castiglioni que pude utilizarse como mesita de noche, bandeja, mesa de caf\u00e9 o simplemente como caja de almacenamiento para todos sus utensilios. Base en acero y caj\u00f3n en madera.<\/p>\n","protected":false},"featured_media":8005,"comment_status":"closed","ping_status":"open","template":"","meta":{"_acf_changed":false},"product_cat":[1134,1336],"product_tag":[],"disenadores":[],"marca":[1348],"class_list":{"0":"post-15264","1":"product","2":"type-product","3":"status-publish","4":"has-post-thumbnail","6":"product_cat-mobiliari","7":"product_cat-taules","8":"marca-karakterkarakter","9":"sales-flash-overlay","10":"woocommerce-text-align-center","11":"woocommerce-image-align-center","12":"do-quantity-buttons","13":"wc-has-gallery","15":"first","16":"instock","17":"purchasable","18":"product-type-simple"},"acf":[],"_links":{"self":[{"href":"https:\/\/enlineabarcelona.com\/ca\/wp-json\/wp\/v2\/product\/15264","targetHints":{"allow":["GET"]}}],"collection":[{"href":"https:\/\/enlineabarcelona.com\/ca\/wp-json\/wp\/v2\/product"}],"about":[{"href":"https:\/\/enlineabarcelona.com\/ca\/wp-json\/wp\/v2\/types\/product"}],"replies":[{"embeddable":true,"href":"https:\/\/enlineabarcelona.com\/ca\/wp-json\/wp\/v2\/comments?post=15264"}],"wp:featuredmedia":[{"embeddable":true,"href":"https:\/\/enlineabarcelona.com\/ca\/wp-json\/wp\/v2\/media\/8005"}],"wp:attachment":[{"href":"https:\/\/enlineabarcelona.com\/ca\/wp-json\/wp\/v2\/media?parent=15264"}],"wp:term":[{"taxonomy":"product_cat","embeddable":true,"href":"https:\/\/enlineabarcelona.com\/ca\/wp-json\/wp\/v2\/product_cat?post=15264"},{"taxonomy":"product_tag","embeddable":true,"href":"https:\/\/enlineabarcelona.com\/ca\/wp-json\/wp\/v2\/product_tag?post=15264"},{"taxonomy":"disenadores","embeddable":true,"href":"https:\/\/enlineabarcelona.com\/ca\/wp-json\/wp\/v2\/disenadores?post=15264"},{"taxonomy":"marca","embeddable":true,"href":"https:\/\/enlineabarcelona.com\/ca\/wp-json\/wp\/v2\/marca?post=15264"}],"curies":[{"name":"wp","href":"https:\/\/api.w.org\/{rel}","templated":true}]}}