{"id":15265,"date":"2025-10-27T11:16:40","date_gmt":"2025-10-27T11:16:40","guid":{"rendered":"https:\/\/enlineabarcelona.com\/producto\/hal-lounge-chair-ottoman\/"},"modified":"2025-12-18T09:57:10","modified_gmt":"2025-12-18T09:57:10","slug":"hal-lounge-chair-ottoman","status":"publish","type":"product","link":"https:\/\/enlineabarcelona.com\/ca\/producto\/hal-lounge-chair-ottoman\/","title":{"rendered":"HAL LOUNGE CHAIR &#038; OTTOMAN"},"content":{"rendered":"<p>La butaca Hal es la interpretaci\u00f3n de su dise\u00f1ador Jasper Morrison, del sill\u00f3n c\u00f3modo de respaldo alto. De formas sencillas, redondeadas y medidas reducidas, Hal es una butaca con una gran versatilidad.<\/p>\n","protected":false},"excerpt":{"rendered":"<p>La butaca Hal es la interpretaci\u00f3n de su dise\u00f1ador Jasper Morrison, del sill\u00f3n c\u00f3modo de respaldo alto. De formas sencillas, redondeadas y medidas reducidas, Hal es una butaca con una gran versatilidad.<\/p>\n","protected":false},"featured_media":8012,"comment_status":"closed","ping_status":"open","template":"","meta":{"_acf_changed":false},"product_cat":[1307,1134],"product_tag":[],"disenadores":[1320],"marca":[1311],"class_list":{"0":"post-15265","1":"product","2":"type-product","3":"status-publish","4":"has-post-thumbnail","6":"product_cat-chaise-longue","7":"product_cat-mobiliari","8":"disenadores-jasper-morrisonjasper-morrison","9":"marca-vitra","10":"sales-flash-overlay","11":"woocommerce-text-align-center","12":"woocommerce-image-align-center","13":"do-quantity-buttons","14":"wc-has-gallery","16":"first","17":"instock","18":"purchasable","19":"product-type-simple"},"acf":[],"_links":{"self":[{"href":"https:\/\/enlineabarcelona.com\/ca\/wp-json\/wp\/v2\/product\/15265","targetHints":{"allow":["GET"]}}],"collection":[{"href":"https:\/\/enlineabarcelona.com\/ca\/wp-json\/wp\/v2\/product"}],"about":[{"href":"https:\/\/enlineabarcelona.com\/ca\/wp-json\/wp\/v2\/types\/product"}],"replies":[{"embeddable":true,"href":"https:\/\/enlineabarcelona.com\/ca\/wp-json\/wp\/v2\/comments?post=15265"}],"wp:featuredmedia":[{"embeddable":true,"href":"https:\/\/enlineabarcelona.com\/ca\/wp-json\/wp\/v2\/media\/8012"}],"wp:attachment":[{"href":"https:\/\/enlineabarcelona.com\/ca\/wp-json\/wp\/v2\/media?parent=15265"}],"wp:term":[{"taxonomy":"product_cat","embeddable":true,"href":"https:\/\/enlineabarcelona.com\/ca\/wp-json\/wp\/v2\/product_cat?post=15265"},{"taxonomy":"product_tag","embeddable":true,"href":"https:\/\/enlineabarcelona.com\/ca\/wp-json\/wp\/v2\/product_tag?post=15265"},{"taxonomy":"disenadores","embeddable":true,"href":"https:\/\/enlineabarcelona.com\/ca\/wp-json\/wp\/v2\/disenadores?post=15265"},{"taxonomy":"marca","embeddable":true,"href":"https:\/\/enlineabarcelona.com\/ca\/wp-json\/wp\/v2\/marca?post=15265"}],"curies":[{"name":"wp","href":"https:\/\/api.w.org\/{rel}","templated":true}]}}