{"id":15268,"date":"2025-10-27T11:16:55","date_gmt":"2025-10-27T11:16:55","guid":{"rendered":"https:\/\/enlineabarcelona.com\/producto\/star-trek\/"},"modified":"2025-10-27T15:47:51","modified_gmt":"2025-10-27T15:47:51","slug":"star-trek","status":"publish","type":"product","link":"https:\/\/enlineabarcelona.com\/ca\/producto\/star-trek\/","title":{"rendered":"STAR TREK"},"content":{"rendered":"<p>La butaca Star Trek est\u00e1 dise\u00f1ada para la lectura. Su dise\u00f1o surge de la combinaci\u00f3n del dise\u00f1o italiano y el escandinavo. Su dise\u00f1ador\u00a0 Roberto Lazzeroni quiso jugar con los vol\u00famenes y las proporciones para realizar esta butaca.<\/p>\n","protected":false},"excerpt":{"rendered":"<p>La butaca Star Trek est\u00e1 dise\u00f1ada para la lectura. Su dise\u00f1o surge de la combinaci\u00f3n del dise\u00f1o italiano y el escandinavo. Su dise\u00f1ador\u00a0 Roberto Lazzeroni quiso jugar con los vol\u00famenes y las proporciones para realizar esta butaca.<\/p>\n","protected":false},"featured_media":8063,"comment_status":"closed","ping_status":"open","template":"","meta":{"_acf_changed":false},"product_cat":[1466,1134],"product_tag":[],"disenadores":[1467],"marca":[1468],"class_list":{"0":"post-15268","1":"product","2":"type-product","3":"status-publish","4":"has-post-thumbnail","6":"product_cat-butaquesoutlet","7":"product_cat-mobiliari","8":"disenadores-roberto-lazzeroniroberto-lazzeroni","9":"marca-ceccotti","10":"sales-flash-overlay","11":"woocommerce-text-align-center","12":"woocommerce-image-align-center","13":"do-quantity-buttons","14":"wc-has-gallery","16":"first","17":"instock","18":"sale","19":"purchasable","20":"product-type-simple"},"acf":[],"_links":{"self":[{"href":"https:\/\/enlineabarcelona.com\/ca\/wp-json\/wp\/v2\/product\/15268","targetHints":{"allow":["GET"]}}],"collection":[{"href":"https:\/\/enlineabarcelona.com\/ca\/wp-json\/wp\/v2\/product"}],"about":[{"href":"https:\/\/enlineabarcelona.com\/ca\/wp-json\/wp\/v2\/types\/product"}],"replies":[{"embeddable":true,"href":"https:\/\/enlineabarcelona.com\/ca\/wp-json\/wp\/v2\/comments?post=15268"}],"wp:featuredmedia":[{"embeddable":true,"href":"https:\/\/enlineabarcelona.com\/ca\/wp-json\/wp\/v2\/media\/8063"}],"wp:attachment":[{"href":"https:\/\/enlineabarcelona.com\/ca\/wp-json\/wp\/v2\/media?parent=15268"}],"wp:term":[{"taxonomy":"product_cat","embeddable":true,"href":"https:\/\/enlineabarcelona.com\/ca\/wp-json\/wp\/v2\/product_cat?post=15268"},{"taxonomy":"product_tag","embeddable":true,"href":"https:\/\/enlineabarcelona.com\/ca\/wp-json\/wp\/v2\/product_tag?post=15268"},{"taxonomy":"disenadores","embeddable":true,"href":"https:\/\/enlineabarcelona.com\/ca\/wp-json\/wp\/v2\/disenadores?post=15268"},{"taxonomy":"marca","embeddable":true,"href":"https:\/\/enlineabarcelona.com\/ca\/wp-json\/wp\/v2\/marca?post=15268"}],"curies":[{"name":"wp","href":"https:\/\/api.w.org\/{rel}","templated":true}]}}