{"id":15269,"date":"2025-10-27T11:16:55","date_gmt":"2025-10-27T11:16:55","guid":{"rendered":"https:\/\/enlineabarcelona.com\/producto\/acquario\/"},"modified":"2026-02-02T15:23:56","modified_gmt":"2026-02-02T15:23:56","slug":"acquario","status":"publish","type":"product","link":"https:\/\/enlineabarcelona.com\/ca\/producto\/acquario\/","title":{"rendered":"ACQUARIO"},"content":{"rendered":"<p>Acquario es la cajonera central, perfecta en el centro de una habitaci\u00f3n, realizada en cristal transparente con perfiles de lat\u00f3n bru\u00f1ido. Se divide en 3 estantes y est\u00e1 equipado con bandejas de madera para dejar el contenido a la vista, almacenarlo en perfecto orden y luego extraerlo con facilidad. &nbsp;Los cajones de eucalipto tienen el fondo de cuero.<\/p>\n\n<p><\/p>\n","protected":false},"excerpt":{"rendered":"<p>Acquario es la cajonera central, perfecta en el centro de una habitaci\u00f3n, realizada en cristal transparente con perfiles de lat\u00f3n bru\u00f1ido. Se divide en 3 estantes y est\u00e1 equipado con bandejas de madera para dejar el contenido a la vista, almacenarlo en perfecto orden y luego extraerlo con facilidad. &nbsp;Los cajones de eucalipto tienen el &#8230; <a title=\"ACQUARIO\" class=\"read-more\" href=\"https:\/\/enlineabarcelona.com\/ca\/producto\/acquario\/\" aria-label=\"M\u00e9s informaci\u00f3 sobre ACQUARIO\">Llegiu m\u00e9s<\/a><\/p>\n","protected":false},"featured_media":8073,"comment_status":"closed","ping_status":"open","template":"","meta":{"_acf_changed":false},"product_cat":[1452,1134],"product_tag":[],"disenadores":[1811],"marca":[],"class_list":{"0":"post-15269","1":"product","2":"type-product","3":"status-publish","4":"has-post-thumbnail","6":"product_cat-emmagatzematge","7":"product_cat-mobiliari","8":"disenadores-piero-lissoni","9":"sales-flash-overlay","10":"woocommerce-text-align-center","11":"woocommerce-image-align-center","12":"do-quantity-buttons","13":"wc-has-gallery","15":"first","16":"instock","17":"purchasable","18":"product-type-simple"},"acf":[],"_links":{"self":[{"href":"https:\/\/enlineabarcelona.com\/ca\/wp-json\/wp\/v2\/product\/15269","targetHints":{"allow":["GET"]}}],"collection":[{"href":"https:\/\/enlineabarcelona.com\/ca\/wp-json\/wp\/v2\/product"}],"about":[{"href":"https:\/\/enlineabarcelona.com\/ca\/wp-json\/wp\/v2\/types\/product"}],"replies":[{"embeddable":true,"href":"https:\/\/enlineabarcelona.com\/ca\/wp-json\/wp\/v2\/comments?post=15269"}],"wp:featuredmedia":[{"embeddable":true,"href":"https:\/\/enlineabarcelona.com\/ca\/wp-json\/wp\/v2\/media\/8073"}],"wp:attachment":[{"href":"https:\/\/enlineabarcelona.com\/ca\/wp-json\/wp\/v2\/media?parent=15269"}],"wp:term":[{"taxonomy":"product_cat","embeddable":true,"href":"https:\/\/enlineabarcelona.com\/ca\/wp-json\/wp\/v2\/product_cat?post=15269"},{"taxonomy":"product_tag","embeddable":true,"href":"https:\/\/enlineabarcelona.com\/ca\/wp-json\/wp\/v2\/product_tag?post=15269"},{"taxonomy":"disenadores","embeddable":true,"href":"https:\/\/enlineabarcelona.com\/ca\/wp-json\/wp\/v2\/disenadores?post=15269"},{"taxonomy":"marca","embeddable":true,"href":"https:\/\/enlineabarcelona.com\/ca\/wp-json\/wp\/v2\/marca?post=15269"}],"curies":[{"name":"wp","href":"https:\/\/api.w.org\/{rel}","templated":true}]}}