{"id":15270,"date":"2025-10-27T11:16:55","date_gmt":"2025-10-27T11:16:55","guid":{"rendered":"https:\/\/enlineabarcelona.com\/producto\/bellevue-aj7\/"},"modified":"2026-01-12T13:03:21","modified_gmt":"2026-01-12T13:03:21","slug":"bellevue-aj7","status":"publish","type":"product","link":"https:\/\/enlineabarcelona.com\/ca\/producto\/bellevue-aj7\/","title":{"rendered":"BELLEVUE AJ7"},"content":{"rendered":"<p>L\u00e1mpara de pie. De luz directa. Dise\u00f1ada por Arne Jacobsen, su preferencia por las l\u00edneas elegantes y las formas simples y org\u00e1nicas son f\u00e1cilmente reconocibles en la l\u00e1mpara Bellevue.<\/p>\n\n<p><\/p>\n","protected":false},"excerpt":{"rendered":"<p>L\u00e1mpara de pie. De luz directa. Dise\u00f1ada por Arne Jacobsen, su preferencia por las l\u00edneas elegantes y las formas simples y org\u00e1nicas son f\u00e1cilmente reconocibles en la l\u00e1mpara Bellevue.<\/p>\n","protected":false},"featured_media":8083,"comment_status":"closed","ping_status":"open","template":"","meta":{"_acf_changed":false},"product_cat":[1357],"product_tag":[],"disenadores":[1936],"marca":[],"class_list":{"0":"post-15270","1":"product","2":"type-product","3":"status-publish","4":"has-post-thumbnail","6":"product_cat-illuminacio","7":"disenadores-arne-jacobsen","8":"sales-flash-overlay","9":"woocommerce-text-align-center","10":"woocommerce-image-align-center","11":"do-quantity-buttons","13":"first","14":"instock","15":"purchasable","16":"product-type-simple"},"acf":[],"_links":{"self":[{"href":"https:\/\/enlineabarcelona.com\/ca\/wp-json\/wp\/v2\/product\/15270","targetHints":{"allow":["GET"]}}],"collection":[{"href":"https:\/\/enlineabarcelona.com\/ca\/wp-json\/wp\/v2\/product"}],"about":[{"href":"https:\/\/enlineabarcelona.com\/ca\/wp-json\/wp\/v2\/types\/product"}],"replies":[{"embeddable":true,"href":"https:\/\/enlineabarcelona.com\/ca\/wp-json\/wp\/v2\/comments?post=15270"}],"wp:featuredmedia":[{"embeddable":true,"href":"https:\/\/enlineabarcelona.com\/ca\/wp-json\/wp\/v2\/media\/8083"}],"wp:attachment":[{"href":"https:\/\/enlineabarcelona.com\/ca\/wp-json\/wp\/v2\/media?parent=15270"}],"wp:term":[{"taxonomy":"product_cat","embeddable":true,"href":"https:\/\/enlineabarcelona.com\/ca\/wp-json\/wp\/v2\/product_cat?post=15270"},{"taxonomy":"product_tag","embeddable":true,"href":"https:\/\/enlineabarcelona.com\/ca\/wp-json\/wp\/v2\/product_tag?post=15270"},{"taxonomy":"disenadores","embeddable":true,"href":"https:\/\/enlineabarcelona.com\/ca\/wp-json\/wp\/v2\/disenadores?post=15270"},{"taxonomy":"marca","embeddable":true,"href":"https:\/\/enlineabarcelona.com\/ca\/wp-json\/wp\/v2\/marca?post=15270"}],"curies":[{"name":"wp","href":"https:\/\/api.w.org\/{rel}","templated":true}]}}