{"id":15271,"date":"2025-10-27T11:16:55","date_gmt":"2025-10-27T11:16:55","guid":{"rendered":"https:\/\/enlineabarcelona.com\/producto\/maralunga-pouf\/"},"modified":"2025-10-27T17:23:45","modified_gmt":"2025-10-27T17:23:45","slug":"maralunga-pouf","status":"publish","type":"product","link":"https:\/\/enlineabarcelona.com\/ca\/producto\/maralunga-pouf\/","title":{"rendered":"MARALUNGA &#038; POUF"},"content":{"rendered":"<p>Butaca de formas c\u00e1lidas y envolventes que acent\u00faa el confort de su dise\u00f1o. Comodidad tambi\u00e9n asegurada por el mecanismo de cadena de bicicleta para ajustar la posici\u00f3n del reposacabezas que est\u00e1 oculto en el coj\u00edn de espuma.<\/p>\n\n<p><\/p>\n","protected":false},"excerpt":{"rendered":"<p>Butaca de formas c\u00e1lidas y envolventes que acent\u00faa el confort de su dise\u00f1o. Comodidad tambi\u00e9n asegurada por el mecanismo de cadena de bicicleta para ajustar la posici\u00f3n del reposacabezas que est\u00e1 oculto en el coj\u00edn de espuma.<\/p>\n","protected":false},"featured_media":8108,"comment_status":"closed","ping_status":"open","template":"","meta":{"_acf_changed":false},"product_cat":[1290,1134],"product_tag":[],"disenadores":[1280],"marca":[],"class_list":{"0":"post-15271","1":"product","2":"type-product","3":"status-publish","4":"has-post-thumbnail","6":"product_cat-butaques","7":"product_cat-mobiliari","8":"disenadores-vico-magistrettivico-magistretti","9":"sales-flash-overlay","10":"woocommerce-text-align-center","11":"woocommerce-image-align-center","12":"do-quantity-buttons","14":"first","15":"instock","16":"purchasable","17":"product-type-simple"},"acf":[],"_links":{"self":[{"href":"https:\/\/enlineabarcelona.com\/ca\/wp-json\/wp\/v2\/product\/15271","targetHints":{"allow":["GET"]}}],"collection":[{"href":"https:\/\/enlineabarcelona.com\/ca\/wp-json\/wp\/v2\/product"}],"about":[{"href":"https:\/\/enlineabarcelona.com\/ca\/wp-json\/wp\/v2\/types\/product"}],"replies":[{"embeddable":true,"href":"https:\/\/enlineabarcelona.com\/ca\/wp-json\/wp\/v2\/comments?post=15271"}],"wp:featuredmedia":[{"embeddable":true,"href":"https:\/\/enlineabarcelona.com\/ca\/wp-json\/wp\/v2\/media\/8108"}],"wp:attachment":[{"href":"https:\/\/enlineabarcelona.com\/ca\/wp-json\/wp\/v2\/media?parent=15271"}],"wp:term":[{"taxonomy":"product_cat","embeddable":true,"href":"https:\/\/enlineabarcelona.com\/ca\/wp-json\/wp\/v2\/product_cat?post=15271"},{"taxonomy":"product_tag","embeddable":true,"href":"https:\/\/enlineabarcelona.com\/ca\/wp-json\/wp\/v2\/product_tag?post=15271"},{"taxonomy":"disenadores","embeddable":true,"href":"https:\/\/enlineabarcelona.com\/ca\/wp-json\/wp\/v2\/disenadores?post=15271"},{"taxonomy":"marca","embeddable":true,"href":"https:\/\/enlineabarcelona.com\/ca\/wp-json\/wp\/v2\/marca?post=15271"}],"curies":[{"name":"wp","href":"https:\/\/api.w.org\/{rel}","templated":true}]}}