{"id":15273,"date":"2025-10-27T11:16:55","date_gmt":"2025-10-27T11:16:55","guid":{"rendered":"https:\/\/enlineabarcelona.com\/producto\/tesaurus\/"},"modified":"2025-10-27T15:47:53","modified_gmt":"2025-10-27T15:47:53","slug":"tesaurus","status":"publish","type":"product","link":"https:\/\/enlineabarcelona.com\/ca\/producto\/tesaurus\/","title":{"rendered":"TESAURUS"},"content":{"rendered":"<p>El contenedor Tesaurus, es una de las piezas m\u00e1s artesanales de su firma, Maxalto. La madera contrachapara de tineo chileno est\u00e1 realizada con motivo damero al tresbolillo con vetas cruzadas. Los interiores est\u00e1n hechos de refinado are fris\u00e9. El revestimiento de pergamino es un proceso largo y minucioso y debe ser colocado por artesanos especializados que est\u00e9n capacitados para respetar las caracter\u00edsticas naturales del material. Cada pieza de esta colecci\u00f3n se convierte en u objeto \u00fanico, dif\u00edcil de imitar y exclusivo.<\/p>\n","protected":false},"excerpt":{"rendered":"<p>El contenedor Tesaurus, es una de las piezas m\u00e1s artesanales de su firma, Maxalto. La madera contrachapara de tineo chileno est\u00e1 realizada con motivo damero al tresbolillo con vetas cruzadas. Los interiores est\u00e1n hechos de refinado are fris\u00e9. El revestimiento de pergamino es un proceso largo y minucioso y debe ser colocado por artesanos especializados &#8230; <a title=\"TESAURUS\" class=\"read-more\" href=\"https:\/\/enlineabarcelona.com\/ca\/producto\/tesaurus\/\" aria-label=\"M\u00e9s informaci\u00f3 sobre TESAURUS\">Llegiu m\u00e9s<\/a><\/p>\n","protected":false},"featured_media":8119,"comment_status":"closed","ping_status":"open","template":"","meta":{"_acf_changed":false},"product_cat":[1134,1345],"product_tag":[],"disenadores":[],"marca":[],"class_list":{"0":"post-15273","1":"product","2":"type-product","3":"status-publish","4":"has-post-thumbnail","6":"product_cat-mobiliari","7":"product_cat-prestatgeries","8":"sales-flash-overlay","9":"woocommerce-text-align-center","10":"woocommerce-image-align-center","11":"do-quantity-buttons","12":"wc-has-gallery","14":"first","15":"instock","16":"purchasable","17":"product-type-simple"},"acf":[],"_links":{"self":[{"href":"https:\/\/enlineabarcelona.com\/ca\/wp-json\/wp\/v2\/product\/15273","targetHints":{"allow":["GET"]}}],"collection":[{"href":"https:\/\/enlineabarcelona.com\/ca\/wp-json\/wp\/v2\/product"}],"about":[{"href":"https:\/\/enlineabarcelona.com\/ca\/wp-json\/wp\/v2\/types\/product"}],"replies":[{"embeddable":true,"href":"https:\/\/enlineabarcelona.com\/ca\/wp-json\/wp\/v2\/comments?post=15273"}],"wp:featuredmedia":[{"embeddable":true,"href":"https:\/\/enlineabarcelona.com\/ca\/wp-json\/wp\/v2\/media\/8119"}],"wp:attachment":[{"href":"https:\/\/enlineabarcelona.com\/ca\/wp-json\/wp\/v2\/media?parent=15273"}],"wp:term":[{"taxonomy":"product_cat","embeddable":true,"href":"https:\/\/enlineabarcelona.com\/ca\/wp-json\/wp\/v2\/product_cat?post=15273"},{"taxonomy":"product_tag","embeddable":true,"href":"https:\/\/enlineabarcelona.com\/ca\/wp-json\/wp\/v2\/product_tag?post=15273"},{"taxonomy":"disenadores","embeddable":true,"href":"https:\/\/enlineabarcelona.com\/ca\/wp-json\/wp\/v2\/disenadores?post=15273"},{"taxonomy":"marca","embeddable":true,"href":"https:\/\/enlineabarcelona.com\/ca\/wp-json\/wp\/v2\/marca?post=15273"}],"curies":[{"name":"wp","href":"https:\/\/api.w.org\/{rel}","templated":true}]}}