{"id":15275,"date":"2025-10-27T11:18:05","date_gmt":"2025-10-27T11:18:05","guid":{"rendered":"https:\/\/enlineabarcelona.com\/producto\/bonnet-sc92\/"},"modified":"2025-10-27T17:24:27","modified_gmt":"2025-10-27T17:24:27","slug":"bonnet-sc92","status":"publish","type":"product","link":"https:\/\/enlineabarcelona.com\/ca\/producto\/bonnet-sc92\/","title":{"rendered":"L\u00e1mpara Bonnet SC92"},"content":{"rendered":"\n<p>Reconocido por su capacidad para extraer elegancia de la simplicidad, el estudio de dise\u00f1o Space Copenhagen cre\u00f3 Bonnet, una colecci\u00f3n que celebra la belleza inherente de la luz. Elaborada con meticulosa atenci\u00f3n al detalle, la l\u00e1mpara de ara\u00f1a Bonnet ofrece tres longitudes de tallo que acent\u00faan el contorno de la l\u00e1mpara, emanando un aura de naturalidad y gracia. Las pantallas curvas envuelven la fuente de luz, enmarcando y guiando la luz difusa con precisi\u00f3n.<\/p>\n","protected":false},"excerpt":{"rendered":"<p>Reconocido por su capacidad para extraer elegancia de la simplicidad, el estudio de dise\u00f1o Space Copenhagen cre\u00f3 Bonnet, una colecci\u00f3n que celebra la belleza inherente de la luz. Elaborada con meticulosa atenci\u00f3n al detalle, la l\u00e1mpara de ara\u00f1a Bonnet ofrece tres longitudes de tallo que acent\u00faan el contorno de la l\u00e1mpara, emanando un aura de &#8230; <a title=\"L\u00e1mpara Bonnet SC92\" class=\"read-more\" href=\"https:\/\/enlineabarcelona.com\/ca\/producto\/bonnet-sc92\/\" aria-label=\"M\u00e9s informaci\u00f3 sobre L\u00e1mpara Bonnet SC92\">Llegiu m\u00e9s<\/a><\/p>\n","protected":false},"featured_media":9688,"comment_status":"closed","ping_status":"open","template":"","meta":{"_acf_changed":false},"product_cat":[1357,1470],"product_tag":[],"disenadores":[1682],"marca":[],"class_list":{"0":"post-15275","1":"product","2":"type-product","3":"status-publish","4":"has-post-thumbnail","6":"product_cat-illuminacio","7":"product_cat-llums-de-suspensio","8":"disenadores-space-copenhagen","9":"sales-flash-overlay","10":"woocommerce-text-align-center","11":"woocommerce-image-align-center","12":"do-quantity-buttons","13":"wc-has-gallery","15":"first","16":"instock","17":"purchasable","18":"product-type-simple"},"acf":[],"_links":{"self":[{"href":"https:\/\/enlineabarcelona.com\/ca\/wp-json\/wp\/v2\/product\/15275","targetHints":{"allow":["GET"]}}],"collection":[{"href":"https:\/\/enlineabarcelona.com\/ca\/wp-json\/wp\/v2\/product"}],"about":[{"href":"https:\/\/enlineabarcelona.com\/ca\/wp-json\/wp\/v2\/types\/product"}],"replies":[{"embeddable":true,"href":"https:\/\/enlineabarcelona.com\/ca\/wp-json\/wp\/v2\/comments?post=15275"}],"wp:featuredmedia":[{"embeddable":true,"href":"https:\/\/enlineabarcelona.com\/ca\/wp-json\/wp\/v2\/media\/9688"}],"wp:attachment":[{"href":"https:\/\/enlineabarcelona.com\/ca\/wp-json\/wp\/v2\/media?parent=15275"}],"wp:term":[{"taxonomy":"product_cat","embeddable":true,"href":"https:\/\/enlineabarcelona.com\/ca\/wp-json\/wp\/v2\/product_cat?post=15275"},{"taxonomy":"product_tag","embeddable":true,"href":"https:\/\/enlineabarcelona.com\/ca\/wp-json\/wp\/v2\/product_tag?post=15275"},{"taxonomy":"disenadores","embeddable":true,"href":"https:\/\/enlineabarcelona.com\/ca\/wp-json\/wp\/v2\/disenadores?post=15275"},{"taxonomy":"marca","embeddable":true,"href":"https:\/\/enlineabarcelona.com\/ca\/wp-json\/wp\/v2\/marca?post=15275"}],"curies":[{"name":"wp","href":"https:\/\/api.w.org\/{rel}","templated":true}]}}