{"id":16882,"date":"2025-12-01T10:43:16","date_gmt":"2025-12-01T10:43:16","guid":{"rendered":"https:\/\/enlineabarcelona.com\/?post_type=product&#038;p=16882"},"modified":"2025-12-01T10:43:17","modified_gmt":"2025-12-01T10:43:17","slug":"cocina-yota","status":"publish","type":"product","link":"https:\/\/enlineabarcelona.com\/ca\/producto\/cocina-yota\/","title":{"rendered":"Cocina Yota"},"content":{"rendered":"<div class=\"wpb_animate_when_almost_visible wpb_fadeInLeft fadeInLeft wpb_column vc_column_container vc_col-sm-4 wpb_start_animation animated\">\n<div class=\"vc_column-inner\">\n<div class=\"wpb_wrapper\">\n<div class=\"wpb_text_column wpb_content_element \">\n<div class=\"wpb_wrapper\">\n<div class=\"vc_row wpb_row vc_row-fluid margine_laterale_blocchi vc_custom_1623834918597 vc_row-has-fill vc_row-o-content-middle vc_row-flex\" data-vc-full-width=\"true\" data-vc-full-width-init=\"true\">\n<div class=\"wpb_animate_when_almost_visible wpb_fadeInRight fadeInRight wpb_column vc_column_container vc_col-sm-7 wpb_start_animation animated\">\n<div class=\"vc_column-inner\">\n<div class=\"wpb_wrapper\">\n<div class=\"wpb_text_column wpb_content_element  white-text\">\n<div class=\"wpb_wrapper\">\n<p>Una cocina creada alrededor de las personas que la disfrutan, cada detalle se ha pensado para acompan\u0303ar al cliente en un viaje emocional. La noble puerta de 22 mil\u00edmetros de espesor confiere una importancia especial a la cocina y es valorizada por una amplia gama de materiales, como las maderas chapadas finamente labradas y los lacados brillantes, mate y los lacados especiales.<\/p>\n<\/div>\n<\/div>\n<\/div>\n<\/div>\n<\/div>\n<\/div>\n<p class=\"p1\">Una atm\u00f3sfera acogedora y envolvente surge de una cocina que se distingue por un dise\u00f1o imperecedero, caracterizado por elegantes elementos curvos. Los nobles acabados lacados a\u00f1aden un toque de distinci\u00f3n, mientras su composici\u00f3n se ha pensado para ofrecer la m\u00e1xima funcionalidad, gracias a los accesorios integrados.<\/p>\n<\/div>\n<\/div>\n<\/div>\n<\/div>\n<\/div>\n<div class=\"wpb_animate_when_almost_visible wpb_fadeInRight fadeInRight wpb_column vc_column_container vc_col-sm-8 wpb_start_animation animated\">\n<div class=\"vc_column-inner\">\n<div class=\"wpb_wrapper\"><\/div>\n<\/div>\n<\/div>\n","protected":false},"excerpt":{"rendered":"<p>Una cocina creada alrededor de las personas que la disfrutan, cada detalle se ha pensado para acompan\u0303ar al cliente en un viaje emocional. La noble puerta de 22 mil\u00edmetros de espesor confiere una importancia especial a la cocina y es valorizada por una amplia gama de materiales, como las maderas chapadas finamente labradas y los &#8230; <a title=\"Cocina Yota\" class=\"read-more\" href=\"https:\/\/enlineabarcelona.com\/ca\/producto\/cocina-yota\/\" aria-label=\"M\u00e9s informaci\u00f3 sobre Cocina Yota\">Llegiu m\u00e9s<\/a><\/p>\n","protected":false},"featured_media":16904,"comment_status":"closed","ping_status":"closed","template":"","meta":{"_acf_changed":false},"product_cat":[299],"product_tag":[],"disenadores":[1897],"marca":[1676],"class_list":{"0":"post-16882","1":"product","2":"type-product","3":"status-publish","4":"has-post-thumbnail","6":"product_cat-cocina","7":"disenadores-armony-cucine","8":"marca-armony-cucine","9":"sales-flash-overlay","10":"woocommerce-text-align-center","11":"woocommerce-image-align-center","12":"do-quantity-buttons","13":"wc-has-gallery","15":"first","16":"instock","17":"taxable","18":"shipping-taxable","19":"product-type-simple"},"acf":[],"_links":{"self":[{"href":"https:\/\/enlineabarcelona.com\/ca\/wp-json\/wp\/v2\/product\/16882","targetHints":{"allow":["GET"]}}],"collection":[{"href":"https:\/\/enlineabarcelona.com\/ca\/wp-json\/wp\/v2\/product"}],"about":[{"href":"https:\/\/enlineabarcelona.com\/ca\/wp-json\/wp\/v2\/types\/product"}],"replies":[{"embeddable":true,"href":"https:\/\/enlineabarcelona.com\/ca\/wp-json\/wp\/v2\/comments?post=16882"}],"wp:featuredmedia":[{"embeddable":true,"href":"https:\/\/enlineabarcelona.com\/ca\/wp-json\/wp\/v2\/media\/16904"}],"wp:attachment":[{"href":"https:\/\/enlineabarcelona.com\/ca\/wp-json\/wp\/v2\/media?parent=16882"}],"wp:term":[{"taxonomy":"product_cat","embeddable":true,"href":"https:\/\/enlineabarcelona.com\/ca\/wp-json\/wp\/v2\/product_cat?post=16882"},{"taxonomy":"product_tag","embeddable":true,"href":"https:\/\/enlineabarcelona.com\/ca\/wp-json\/wp\/v2\/product_tag?post=16882"},{"taxonomy":"disenadores","embeddable":true,"href":"https:\/\/enlineabarcelona.com\/ca\/wp-json\/wp\/v2\/disenadores?post=16882"},{"taxonomy":"marca","embeddable":true,"href":"https:\/\/enlineabarcelona.com\/ca\/wp-json\/wp\/v2\/marca?post=16882"}],"curies":[{"name":"wp","href":"https:\/\/api.w.org\/{rel}","templated":true}]}}