{"id":16885,"date":"2025-12-01T10:32:36","date_gmt":"2025-12-01T10:32:36","guid":{"rendered":"https:\/\/enlineabarcelona.com\/?post_type=product&#038;p=16885"},"modified":"2025-12-01T11:02:11","modified_gmt":"2025-12-01T11:02:11","slug":"cocina-rho","status":"publish","type":"product","link":"https:\/\/enlineabarcelona.com\/ca\/producto\/cocina-rho\/","title":{"rendered":"Cocina Rho"},"content":{"rendered":"<div class=\"vc_row wpb_row vc_row-fluid margine_laterale_blocchi vc_custom_1623834918597 vc_row-has-fill vc_row-o-content-middle vc_row-flex\" data-vc-full-width=\"true\" data-vc-full-width-init=\"true\">\n<div class=\"wpb_animate_when_almost_visible wpb_fadeInRight fadeInRight wpb_column vc_column_container vc_col-sm-7 wpb_start_animation animated\">\n<div class=\"vc_column-inner\">\n<div class=\"wpb_wrapper\">\n<div class=\"wpb_text_column wpb_content_element  white-text\">\n<div class=\"wpb_wrapper\">\n<div class=\"wpb_text_column wpb_content_element \">\n<div class=\"wpb_wrapper\">\n<p>La utilizacio\u0301n de materiales innovadores permite inventar formas y conceptos siempre nuevos, encontrando la alquimia perfecta entre innovacio\u0301n y tradicio\u0301n. La s\u00f3lida puerta, de 22 mm de espesor, se utiliza como base para un ambiente armonioso en el cual se desarrollan estructuras compactas y fuertes, que encierran en su interior funciones, contenedores y espacios bien organizados.<\/p>\n<\/div>\n<\/div>\n<\/div>\n<\/div>\n<\/div>\n<\/div>\n<\/div>\n<\/div>\n<div class=\"vc_row wpb_row vc_row-fluid margine_laterale_blocchi\">\n<div class=\"wpb_column vc_column_container vc_col-sm-12\">\n<div class=\"vc_column-inner\">\n<div class=\"wpb_wrapper\">\n<div class=\"vc_row wpb_row vc_row-fluid margine_laterale_blocchi vc_row-o-content-middle vc_row-flex\">\n<div class=\"wpb_animate_when_almost_visible wpb_fadeInLeft fadeInLeft wpb_column vc_column_container vc_col-sm-4 wpb_start_animation animated\">\n<div class=\"vc_column-inner\">\n<div class=\"wpb_wrapper\">\n<div class=\"wpb_text_column wpb_content_element \">\n<div class=\"wpb_wrapper\">\n<p>Un proyecto que se funde armoniosamente con la arquitectura circunstante, transformando el ambiente en una experiencia est\u00e9tica funcional. Los acabados se han seleccionado atentamente para acentuar la belleza y la elegancia de la cocina. El melam\u00ednico Lamina Brunito, con su superficie de rayas que reproduce los reflejos de una chapa de metal, confiere un toque de modernidad y elegancia. El lacado brillante Moka a\u00f1ade calor a la composici\u00f3n, creando un contraste visualmente fascinante. La encimera de gres, amplia y sofisticada, complementa la atm\u00f3sfera, confiriendo un toque de lujo y elegancia.<\/p>\n<\/div>\n<\/div>\n<\/div>\n<\/div>\n<\/div>\n<\/div>\n<div class=\"vc_row wpb_row vc_row-fluid\">\n<div class=\"wpb_column vc_column_container vc_col-sm-12\">\n<div class=\"vc_column-inner\">\n<div class=\"wpb_wrapper\"><\/div>\n<\/div>\n<\/div>\n<\/div>\n<\/div>\n<\/div>\n<\/div>\n<\/div>\n","protected":false},"excerpt":{"rendered":"<p>La utilizacio\u0301n de materiales innovadores permite inventar formas y conceptos siempre nuevos, encontrando la alquimia perfecta entre innovacio\u0301n y tradicio\u0301n. La s\u00f3lida puerta, de 22 mm de espesor, se utiliza como base para un ambiente armonioso en el cual se desarrollan estructuras compactas y fuertes, que encierran en su interior funciones, contenedores y espacios bien &#8230; <a title=\"Cocina Rho\" class=\"read-more\" href=\"https:\/\/enlineabarcelona.com\/ca\/producto\/cocina-rho\/\" aria-label=\"M\u00e9s informaci\u00f3 sobre Cocina Rho\">Llegiu m\u00e9s<\/a><\/p>\n","protected":false},"featured_media":16950,"comment_status":"closed","ping_status":"closed","template":"","meta":{"_acf_changed":false},"product_cat":[299],"product_tag":[],"disenadores":[1897],"marca":[1676],"class_list":{"0":"post-16885","1":"product","2":"type-product","3":"status-publish","4":"has-post-thumbnail","6":"product_cat-cocina","7":"disenadores-armony-cucine","8":"marca-armony-cucine","9":"sales-flash-overlay","10":"woocommerce-text-align-center","11":"woocommerce-image-align-center","12":"do-quantity-buttons","13":"wc-has-gallery","15":"first","16":"instock","17":"taxable","18":"shipping-taxable","19":"product-type-simple"},"acf":[],"_links":{"self":[{"href":"https:\/\/enlineabarcelona.com\/ca\/wp-json\/wp\/v2\/product\/16885","targetHints":{"allow":["GET"]}}],"collection":[{"href":"https:\/\/enlineabarcelona.com\/ca\/wp-json\/wp\/v2\/product"}],"about":[{"href":"https:\/\/enlineabarcelona.com\/ca\/wp-json\/wp\/v2\/types\/product"}],"replies":[{"embeddable":true,"href":"https:\/\/enlineabarcelona.com\/ca\/wp-json\/wp\/v2\/comments?post=16885"}],"wp:featuredmedia":[{"embeddable":true,"href":"https:\/\/enlineabarcelona.com\/ca\/wp-json\/wp\/v2\/media\/16950"}],"wp:attachment":[{"href":"https:\/\/enlineabarcelona.com\/ca\/wp-json\/wp\/v2\/media?parent=16885"}],"wp:term":[{"taxonomy":"product_cat","embeddable":true,"href":"https:\/\/enlineabarcelona.com\/ca\/wp-json\/wp\/v2\/product_cat?post=16885"},{"taxonomy":"product_tag","embeddable":true,"href":"https:\/\/enlineabarcelona.com\/ca\/wp-json\/wp\/v2\/product_tag?post=16885"},{"taxonomy":"disenadores","embeddable":true,"href":"https:\/\/enlineabarcelona.com\/ca\/wp-json\/wp\/v2\/disenadores?post=16885"},{"taxonomy":"marca","embeddable":true,"href":"https:\/\/enlineabarcelona.com\/ca\/wp-json\/wp\/v2\/marca?post=16885"}],"curies":[{"name":"wp","href":"https:\/\/api.w.org\/{rel}","templated":true}]}}