{"id":16931,"date":"2025-12-01T10:57:57","date_gmt":"2025-12-01T10:57:57","guid":{"rendered":"https:\/\/enlineabarcelona.com\/?post_type=product&#038;p=16931"},"modified":"2025-12-01T11:18:23","modified_gmt":"2025-12-01T11:18:23","slug":"cocina-diamond","status":"publish","type":"product","link":"https:\/\/enlineabarcelona.com\/ca\/producto\/cocina-diamond\/","title":{"rendered":"Cocina Diamond"},"content":{"rendered":"<div class=\"vc_row wpb_row vc_row-fluid margine_laterale_blocchi vc_row-o-content-middle vc_row-flex\">\n<div class=\"wpb_animate_when_almost_visible wpb_fadeInRight fadeInRight wpb_column vc_column_container vc_col-sm-5 wpb_start_animation animated\">\n<div class=\"vc_column-inner\">\n<div class=\"wpb_wrapper\">\n<div class=\"vc_row wpb_row vc_inner vc_row-fluid\">\n<div class=\"wpb_column vc_column_container vc_col-sm-12\">\n<div class=\"vc_column-inner\">\n<div class=\"wpb_wrapper\">\n<div class=\"wpb_text_column wpb_content_element \">\n<div class=\"wpb_wrapper\">\n<p>Una cocina lineal que combina la elegancia de la madera flameada Negra con los reflejos del lacado brillante Grigio Metro, valoriza y vuelve a\u00fan m\u00e1s sugestiva esta Penthouse. Los muebles de columnas con puertas entrantes Wing, al lado de la isla central, decoran y dividen el espacio y pueden incorporar electrodom\u00e9sticos, encimeras de trabajo extra\u00edbles y estantes equipados para botellas, copas y accesorios para vino y c\u00f3ctel.<\/p>\n<\/div>\n<\/div>\n<\/div>\n<\/div>\n<\/div>\n<\/div>\n<\/div>\n<\/div>\n<\/div>\n<\/div>\n<div class=\"vc_row wpb_row vc_row-fluid\">\n<div class=\"wpb_column vc_column_container vc_col-sm-12\">\n<div class=\"vc_column-inner\">\n<div class=\"wpb_wrapper\"><\/div>\n<\/div>\n<\/div>\n<\/div>\n","protected":false},"excerpt":{"rendered":"<p>Una cocina lineal que combina la elegancia de la madera flameada Negra con los reflejos del lacado brillante Grigio Metro, valoriza y vuelve a\u00fan m\u00e1s sugestiva esta Penthouse. Los muebles de columnas con puertas entrantes Wing, al lado de la isla central, decoran y dividen el espacio y pueden incorporar electrodom\u00e9sticos, encimeras de trabajo extra\u00edbles &#8230; <a title=\"Cocina Diamond\" class=\"read-more\" href=\"https:\/\/enlineabarcelona.com\/ca\/producto\/cocina-diamond\/\" aria-label=\"M\u00e9s informaci\u00f3 sobre Cocina Diamond\">Llegiu m\u00e9s<\/a><\/p>\n","protected":false},"featured_media":16976,"comment_status":"closed","ping_status":"closed","template":"","meta":{"_acf_changed":false},"product_cat":[299],"product_tag":[],"disenadores":[1897],"marca":[1676],"class_list":{"0":"post-16931","1":"product","2":"type-product","3":"status-publish","4":"has-post-thumbnail","6":"product_cat-cocina","7":"disenadores-armony-cucine","8":"marca-armony-cucine","9":"sales-flash-overlay","10":"woocommerce-text-align-center","11":"woocommerce-image-align-center","12":"do-quantity-buttons","13":"wc-has-gallery","15":"first","16":"instock","17":"taxable","18":"shipping-taxable","19":"product-type-simple"},"acf":[],"_links":{"self":[{"href":"https:\/\/enlineabarcelona.com\/ca\/wp-json\/wp\/v2\/product\/16931","targetHints":{"allow":["GET"]}}],"collection":[{"href":"https:\/\/enlineabarcelona.com\/ca\/wp-json\/wp\/v2\/product"}],"about":[{"href":"https:\/\/enlineabarcelona.com\/ca\/wp-json\/wp\/v2\/types\/product"}],"replies":[{"embeddable":true,"href":"https:\/\/enlineabarcelona.com\/ca\/wp-json\/wp\/v2\/comments?post=16931"}],"wp:featuredmedia":[{"embeddable":true,"href":"https:\/\/enlineabarcelona.com\/ca\/wp-json\/wp\/v2\/media\/16976"}],"wp:attachment":[{"href":"https:\/\/enlineabarcelona.com\/ca\/wp-json\/wp\/v2\/media?parent=16931"}],"wp:term":[{"taxonomy":"product_cat","embeddable":true,"href":"https:\/\/enlineabarcelona.com\/ca\/wp-json\/wp\/v2\/product_cat?post=16931"},{"taxonomy":"product_tag","embeddable":true,"href":"https:\/\/enlineabarcelona.com\/ca\/wp-json\/wp\/v2\/product_tag?post=16931"},{"taxonomy":"disenadores","embeddable":true,"href":"https:\/\/enlineabarcelona.com\/ca\/wp-json\/wp\/v2\/disenadores?post=16931"},{"taxonomy":"marca","embeddable":true,"href":"https:\/\/enlineabarcelona.com\/ca\/wp-json\/wp\/v2\/marca?post=16931"}],"curies":[{"name":"wp","href":"https:\/\/api.w.org\/{rel}","templated":true}]}}