{"id":16997,"date":"2025-12-01T11:19:16","date_gmt":"2025-12-01T11:19:16","guid":{"rendered":"https:\/\/enlineabarcelona.com\/?post_type=product&#038;p=16997"},"modified":"2025-12-01T12:05:18","modified_gmt":"2025-12-01T12:05:18","slug":"cocina-kappa","status":"publish","type":"product","link":"https:\/\/enlineabarcelona.com\/ca\/producto\/cocina-kappa\/","title":{"rendered":"Cocina Kappa"},"content":{"rendered":"<div class=\"vc_row wpb_row vc_row-fluid margine_laterale_blocchi vc_row-o-content-middle vc_row-flex\">\n<div class=\"wpb_animate_when_almost_visible wpb_fadeInRight fadeInRight wpb_column vc_column_container vc_col-sm-5 wpb_start_animation animated\">\n<div class=\"vc_column-inner\">\n<div class=\"wpb_wrapper\">\n<div class=\"vc_row wpb_row vc_inner vc_row-fluid\">\n<div class=\"wpb_column vc_column_container vc_col-sm-12\">\n<div class=\"vc_column-inner\">\n<div class=\"wpb_wrapper\">\n<div class=\"wpb_text_column wpb_content_element \">\n<div class=\"wpb_wrapper\">\n<p><span style=\"font-size: inherit; font-family: -apple-system, system-ui, BlinkMacSystemFont, 'Segoe UI', Helvetica, Arial, sans-serif, 'Apple Color Emoji', 'Segoe UI Emoji', 'Segoe UI Symbol';\">Los rasgos firmes y fuertes de la cocina Kappa disen\u0303an espacios modernos y refinados donde medirse con la comida y la hospitalidad, interpretando la exigencia de ambientes cada vez ma\u0301s complejos y representativos, conformes con los nuevos estilos. Una elecci\u00f3n esmerada y limitada de acabados para unos modelos completos y que pueden valorizarse con m\u00f3dulos equipados, soluciones funcionales y amplios contenedores, capaces de ofrecer la armon\u00eda total entre los espacios y la emotividad.<\/span><\/p>\n<\/div>\n<\/div>\n<\/div>\n<\/div>\n<\/div>\n<\/div>\n<\/div>\n<\/div>\n<\/div>\n<\/div>\n<div class=\"vc_row wpb_row vc_row-fluid\">\n<div class=\"wpb_column vc_column_container vc_col-sm-12\">\n<div class=\"vc_column-inner\">\n<div class=\"wpb_wrapper\">\n<div class=\"vc_row-full-width vc_clearfix\"><\/div>\n<div class=\"vc_row wpb_row vc_row-fluid margine_laterale_blocchi\">\n<div class=\"wpb_column vc_column_container vc_col-sm-12\">\n<div class=\"vc_column-inner\">\n<div class=\"wpb_wrapper\"><\/div>\n<\/div>\n<\/div>\n<\/div>\n<\/div>\n<\/div>\n<\/div>\n<\/div>\n","protected":false},"excerpt":{"rendered":"<p>Los rasgos firmes y fuertes de la cocina Kappa disen\u0303an espacios modernos y refinados donde medirse con la comida y la hospitalidad, interpretando la exigencia de ambientes cada vez ma\u0301s complejos y representativos, conformes con los nuevos estilos. Una elecci\u00f3n esmerada y limitada de acabados para unos modelos completos y que pueden valorizarse con m\u00f3dulos &#8230; <a title=\"Cocina Kappa\" class=\"read-more\" href=\"https:\/\/enlineabarcelona.com\/ca\/producto\/cocina-kappa\/\" aria-label=\"M\u00e9s informaci\u00f3 sobre Cocina Kappa\">Llegiu m\u00e9s<\/a><\/p>\n","protected":false},"featured_media":17085,"comment_status":"closed","ping_status":"closed","template":"","meta":{"_acf_changed":false},"product_cat":[299],"product_tag":[],"disenadores":[1897],"marca":[1676],"class_list":{"0":"post-16997","1":"product","2":"type-product","3":"status-publish","4":"has-post-thumbnail","6":"product_cat-cocina","7":"disenadores-armony-cucine","8":"marca-armony-cucine","9":"sales-flash-overlay","10":"woocommerce-text-align-center","11":"woocommerce-image-align-center","12":"do-quantity-buttons","13":"wc-has-gallery","15":"first","16":"instock","17":"taxable","18":"shipping-taxable","19":"product-type-simple"},"acf":[],"_links":{"self":[{"href":"https:\/\/enlineabarcelona.com\/ca\/wp-json\/wp\/v2\/product\/16997","targetHints":{"allow":["GET"]}}],"collection":[{"href":"https:\/\/enlineabarcelona.com\/ca\/wp-json\/wp\/v2\/product"}],"about":[{"href":"https:\/\/enlineabarcelona.com\/ca\/wp-json\/wp\/v2\/types\/product"}],"replies":[{"embeddable":true,"href":"https:\/\/enlineabarcelona.com\/ca\/wp-json\/wp\/v2\/comments?post=16997"}],"wp:featuredmedia":[{"embeddable":true,"href":"https:\/\/enlineabarcelona.com\/ca\/wp-json\/wp\/v2\/media\/17085"}],"wp:attachment":[{"href":"https:\/\/enlineabarcelona.com\/ca\/wp-json\/wp\/v2\/media?parent=16997"}],"wp:term":[{"taxonomy":"product_cat","embeddable":true,"href":"https:\/\/enlineabarcelona.com\/ca\/wp-json\/wp\/v2\/product_cat?post=16997"},{"taxonomy":"product_tag","embeddable":true,"href":"https:\/\/enlineabarcelona.com\/ca\/wp-json\/wp\/v2\/product_tag?post=16997"},{"taxonomy":"disenadores","embeddable":true,"href":"https:\/\/enlineabarcelona.com\/ca\/wp-json\/wp\/v2\/disenadores?post=16997"},{"taxonomy":"marca","embeddable":true,"href":"https:\/\/enlineabarcelona.com\/ca\/wp-json\/wp\/v2\/marca?post=16997"}],"curies":[{"name":"wp","href":"https:\/\/api.w.org\/{rel}","templated":true}]}}