{"id":17001,"date":"2025-12-01T11:22:38","date_gmt":"2025-12-01T11:22:38","guid":{"rendered":"https:\/\/enlineabarcelona.com\/?post_type=product&#038;p=17001"},"modified":"2025-12-01T12:33:12","modified_gmt":"2025-12-01T12:33:12","slug":"cocina-riga","status":"publish","type":"product","link":"https:\/\/enlineabarcelona.com\/ca\/producto\/cocina-riga\/","title":{"rendered":"Cocina Riga"},"content":{"rendered":"<div class=\"vc_row wpb_row vc_row-fluid margine_laterale_blocchi vc_row-o-content-middle vc_row-flex\">\n<div class=\"wpb_animate_when_almost_visible wpb_fadeInRight fadeInRight wpb_column vc_column_container vc_col-sm-5 wpb_start_animation animated\">\n<div class=\"vc_column-inner\">\n<div class=\"wpb_wrapper\">\n<div class=\"vc_row wpb_row vc_inner vc_row-fluid\">\n<div class=\"wpb_column vc_column_container vc_col-sm-12\">\n<div class=\"vc_column-inner\">\n<div class=\"wpb_wrapper\">\n<div class=\"wpb_text_column wpb_content_element \">\n<div>Una cocina que ilumina gracias a las puertas lacadas mate Neve, provistas de la caracter\u00edstica superficie 3D canelada del modelo Riga, y reconforta gracias al acabado madera Noce Caramel. Los vol\u00famenes bien definidos de la composici\u00f3n subdividen con armon\u00eda las distintas zonas de la casa, mientras la isla central se convierte en el punto principal del ambiente.<\/div>\n<div><\/div>\n<div>Una composici\u00f3n imperecedera, elegante y funcional. La isla est\u00e1 constituida por tres monobloques, cada uno dedicado a una funci\u00f3n diferente: cocci\u00f3n, lavado y preparaci\u00f3n. El mueble Mover, con puertas correderas, oculta a gusto un \u00e1rea equipada.<\/div>\n<div><\/div>\n<div>El dise\u00f1o, seductor y profundo, es acentuado por la combinaci\u00f3n de acabados: Nogal para columnas y muebles colgantes, Mica Blu Petrolio para las vitrinas Frame y el Laminam Pietra Grey para los muebles bajos.<\/div>\n<\/div>\n<\/div>\n<\/div>\n<\/div>\n<\/div>\n<\/div>\n<\/div>\n<\/div>\n<\/div>\n<div class=\"vc_row wpb_row vc_row-fluid\">\n<div class=\"wpb_column vc_column_container vc_col-sm-12\">\n<div class=\"vc_column-inner\">\n<div class=\"wpb_wrapper\">\n<div class=\"vc_row wpb_row vc_row-fluid margine_laterale_blocchi\">\n<div class=\"wpb_column vc_column_container vc_col-sm-12\">\n<div class=\"vc_column-inner\">\n<div class=\"wpb_wrapper\"><\/div>\n<\/div>\n<\/div>\n<\/div>\n<\/div>\n<\/div>\n<\/div>\n<\/div>\n","protected":false},"excerpt":{"rendered":"<p>Una cocina que ilumina gracias a las puertas lacadas mate Neve, provistas de la caracter\u00edstica superficie 3D canelada del modelo Riga, y reconforta gracias al acabado madera Noce Caramel. Los vol\u00famenes bien definidos de la composici\u00f3n subdividen con armon\u00eda las distintas zonas de la casa, mientras la isla central se convierte en el punto principal &#8230; <a title=\"Cocina Riga\" class=\"read-more\" href=\"https:\/\/enlineabarcelona.com\/ca\/producto\/cocina-riga\/\" aria-label=\"M\u00e9s informaci\u00f3 sobre Cocina Riga\">Llegiu m\u00e9s<\/a><\/p>\n","protected":false},"featured_media":17009,"comment_status":"closed","ping_status":"closed","template":"","meta":{"_acf_changed":false},"product_cat":[299],"product_tag":[],"disenadores":[1897],"marca":[1676],"class_list":{"0":"post-17001","1":"product","2":"type-product","3":"status-publish","4":"has-post-thumbnail","6":"product_cat-cocina","7":"disenadores-armony-cucine","8":"marca-armony-cucine","9":"sales-flash-overlay","10":"woocommerce-text-align-center","11":"woocommerce-image-align-center","12":"do-quantity-buttons","13":"wc-has-gallery","15":"first","16":"instock","17":"taxable","18":"shipping-taxable","19":"product-type-simple"},"acf":[],"_links":{"self":[{"href":"https:\/\/enlineabarcelona.com\/ca\/wp-json\/wp\/v2\/product\/17001","targetHints":{"allow":["GET"]}}],"collection":[{"href":"https:\/\/enlineabarcelona.com\/ca\/wp-json\/wp\/v2\/product"}],"about":[{"href":"https:\/\/enlineabarcelona.com\/ca\/wp-json\/wp\/v2\/types\/product"}],"replies":[{"embeddable":true,"href":"https:\/\/enlineabarcelona.com\/ca\/wp-json\/wp\/v2\/comments?post=17001"}],"wp:featuredmedia":[{"embeddable":true,"href":"https:\/\/enlineabarcelona.com\/ca\/wp-json\/wp\/v2\/media\/17009"}],"wp:attachment":[{"href":"https:\/\/enlineabarcelona.com\/ca\/wp-json\/wp\/v2\/media?parent=17001"}],"wp:term":[{"taxonomy":"product_cat","embeddable":true,"href":"https:\/\/enlineabarcelona.com\/ca\/wp-json\/wp\/v2\/product_cat?post=17001"},{"taxonomy":"product_tag","embeddable":true,"href":"https:\/\/enlineabarcelona.com\/ca\/wp-json\/wp\/v2\/product_tag?post=17001"},{"taxonomy":"disenadores","embeddable":true,"href":"https:\/\/enlineabarcelona.com\/ca\/wp-json\/wp\/v2\/disenadores?post=17001"},{"taxonomy":"marca","embeddable":true,"href":"https:\/\/enlineabarcelona.com\/ca\/wp-json\/wp\/v2\/marca?post=17001"}],"curies":[{"name":"wp","href":"https:\/\/api.w.org\/{rel}","templated":true}]}}