{"id":17002,"date":"2025-12-01T11:22:49","date_gmt":"2025-12-01T11:22:49","guid":{"rendered":"https:\/\/enlineabarcelona.com\/?post_type=product&#038;p=17002"},"modified":"2025-12-01T11:34:33","modified_gmt":"2025-12-01T11:34:33","slug":"cocina-etro","status":"publish","type":"product","link":"https:\/\/enlineabarcelona.com\/ca\/producto\/cocina-etro\/","title":{"rendered":"Cocina Etro"},"content":{"rendered":"<div class=\"vc_row wpb_row vc_row-fluid margine_laterale_blocchi vc_row-o-content-middle vc_row-flex\">\n<div class=\"wpb_animate_when_almost_visible wpb_fadeInRight fadeInRight wpb_column vc_column_container vc_col-sm-5 wpb_start_animation animated\">\n<div class=\"vc_column-inner\">\n<div class=\"wpb_wrapper\">\n<div class=\"vc_row wpb_row vc_inner vc_row-fluid\">\n<div class=\"wpb_column vc_column_container vc_col-sm-12\">\n<div class=\"vc_column-inner\">\n<div class=\"wpb_wrapper\">\n<div class=\"wpb_text_column wpb_content_element \">\n<div class=\"wpb_wrapper\">\n<p><span style=\"font-size: inherit; font-family: -apple-system, system-ui, BlinkMacSystemFont, 'Segoe UI', Helvetica, Arial, sans-serif, 'Apple Color Emoji', 'Segoe UI Emoji', 'Segoe UI Symbol';\">Una composici\u00f3n que reinterpreta en estilo contempor\u00e1neo algunos entre los elementos m\u00e1s tradicionales de la cocina llev\u00e1ndola a una nueva dimensi\u00f3n de sobriedad moderna. La puerta enmarcada en acabado Lamitex Rovere, un material resistente que reproduce los acabados de la madera, se combina con la isla central de amplia capacidad contenedora en lacado mate Lavagna.<\/span><\/p>\n<\/div>\n<\/div>\n<\/div>\n<\/div>\n<\/div>\n<\/div>\n<\/div>\n<\/div>\n<\/div>\n<\/div>\n<div class=\"vc_row wpb_row vc_row-fluid\">\n<div class=\"wpb_column vc_column_container vc_col-sm-12\">\n<div class=\"vc_column-inner\">\n<div class=\"wpb_wrapper\">\n<div class=\"vc_row wpb_row vc_row-fluid margine_laterale_blocchi\">\n<div class=\"wpb_column vc_column_container vc_col-sm-12\">\n<div class=\"vc_column-inner\">\n<div class=\"wpb_wrapper\"><\/div>\n<\/div>\n<\/div>\n<\/div>\n<\/div>\n<\/div>\n<\/div>\n<\/div>\n","protected":false},"excerpt":{"rendered":"<p>Una composici\u00f3n que reinterpreta en estilo contempor\u00e1neo algunos entre los elementos m\u00e1s tradicionales de la cocina llev\u00e1ndola a una nueva dimensi\u00f3n de sobriedad moderna. La puerta enmarcada en acabado Lamitex Rovere, un material resistente que reproduce los acabados de la madera, se combina con la isla central de amplia capacidad contenedora en lacado mate Lavagna.<\/p>\n","protected":false},"featured_media":17025,"comment_status":"closed","ping_status":"closed","template":"","meta":{"_acf_changed":false},"product_cat":[299],"product_tag":[],"disenadores":[1897],"marca":[1676],"class_list":{"0":"post-17002","1":"product","2":"type-product","3":"status-publish","4":"has-post-thumbnail","6":"product_cat-cocina","7":"disenadores-armony-cucine","8":"marca-armony-cucine","9":"sales-flash-overlay","10":"woocommerce-text-align-center","11":"woocommerce-image-align-center","12":"do-quantity-buttons","13":"wc-has-gallery","15":"first","16":"instock","17":"taxable","18":"shipping-taxable","19":"product-type-simple"},"acf":[],"_links":{"self":[{"href":"https:\/\/enlineabarcelona.com\/ca\/wp-json\/wp\/v2\/product\/17002","targetHints":{"allow":["GET"]}}],"collection":[{"href":"https:\/\/enlineabarcelona.com\/ca\/wp-json\/wp\/v2\/product"}],"about":[{"href":"https:\/\/enlineabarcelona.com\/ca\/wp-json\/wp\/v2\/types\/product"}],"replies":[{"embeddable":true,"href":"https:\/\/enlineabarcelona.com\/ca\/wp-json\/wp\/v2\/comments?post=17002"}],"wp:featuredmedia":[{"embeddable":true,"href":"https:\/\/enlineabarcelona.com\/ca\/wp-json\/wp\/v2\/media\/17025"}],"wp:attachment":[{"href":"https:\/\/enlineabarcelona.com\/ca\/wp-json\/wp\/v2\/media?parent=17002"}],"wp:term":[{"taxonomy":"product_cat","embeddable":true,"href":"https:\/\/enlineabarcelona.com\/ca\/wp-json\/wp\/v2\/product_cat?post=17002"},{"taxonomy":"product_tag","embeddable":true,"href":"https:\/\/enlineabarcelona.com\/ca\/wp-json\/wp\/v2\/product_tag?post=17002"},{"taxonomy":"disenadores","embeddable":true,"href":"https:\/\/enlineabarcelona.com\/ca\/wp-json\/wp\/v2\/disenadores?post=17002"},{"taxonomy":"marca","embeddable":true,"href":"https:\/\/enlineabarcelona.com\/ca\/wp-json\/wp\/v2\/marca?post=17002"}],"curies":[{"name":"wp","href":"https:\/\/api.w.org\/{rel}","templated":true}]}}