{"id":17124,"date":"2025-12-02T10:29:37","date_gmt":"2025-12-02T10:29:37","guid":{"rendered":"https:\/\/enlineabarcelona.com\/?post_type=product&#038;p=17124"},"modified":"2025-12-02T12:52:37","modified_gmt":"2025-12-02T12:52:37","slug":"cama-angle","status":"publish","type":"product","link":"https:\/\/enlineabarcelona.com\/ca\/producto\/cama-angle\/","title":{"rendered":"Cama Angle"},"content":{"rendered":"<p class=\"textBlock__subtitle\">Cama de matrimonio con una cabecera importante y envolvente, enriquecida con una elaboraci\u00f3n capitonn\u00e9 exclusiva.<\/p>\n<div class=\"textBlock__desc\">Cama matrimonial con una l\u00ednea importante, propuesta en las versiones con cabecera simple o enriquecida por dos paneles laterales. Cabecera acolchada en versi\u00f3n capitonn\u00e9, con revestimiento totalmente desenfundable en tejido o piel. Disponible con base de muelles Leonardo, base fija h 25 cm, base contenedor o base con movimiento el\u00e9ctrico. En la intersecci\u00f3n entre cabecera y paneles laterales Angle puede equiparse con dos l\u00e1mparas Angle con estructura en tubular cromado brillo, dorado o bronce.<\/div>\n","protected":false},"excerpt":{"rendered":"<p>Cama de matrimonio con una cabecera importante y envolvente, enriquecida con una elaboraci\u00f3n capitonn\u00e9 exclusiva. Cama matrimonial con una l\u00ednea importante, propuesta en las versiones con cabecera simple o enriquecida por dos paneles laterales. Cabecera acolchada en versi\u00f3n capitonn\u00e9, con revestimiento totalmente desenfundable en tejido o piel. Disponible con base de muelles Leonardo, base fija &#8230; <a title=\"Cama Angle\" class=\"read-more\" href=\"https:\/\/enlineabarcelona.com\/ca\/producto\/cama-angle\/\" aria-label=\"M\u00e9s informaci\u00f3 sobre Cama Angle\">Llegiu m\u00e9s<\/a><\/p>\n","protected":false},"featured_media":17126,"comment_status":"closed","ping_status":"closed","template":"","meta":{"_acf_changed":false},"product_cat":[301],"product_tag":[],"disenadores":[794],"marca":[],"class_list":{"0":"post-17124","1":"product","2":"type-product","3":"status-publish","4":"has-post-thumbnail","6":"product_cat-camas","7":"disenadores-rodolfo-dordoni","8":"sales-flash-overlay","9":"woocommerce-text-align-center","10":"woocommerce-image-align-center","11":"do-quantity-buttons","12":"wc-has-gallery","14":"first","15":"instock","16":"taxable","17":"shipping-taxable","18":"product-type-simple"},"acf":[],"_links":{"self":[{"href":"https:\/\/enlineabarcelona.com\/ca\/wp-json\/wp\/v2\/product\/17124","targetHints":{"allow":["GET"]}}],"collection":[{"href":"https:\/\/enlineabarcelona.com\/ca\/wp-json\/wp\/v2\/product"}],"about":[{"href":"https:\/\/enlineabarcelona.com\/ca\/wp-json\/wp\/v2\/types\/product"}],"replies":[{"embeddable":true,"href":"https:\/\/enlineabarcelona.com\/ca\/wp-json\/wp\/v2\/comments?post=17124"}],"wp:featuredmedia":[{"embeddable":true,"href":"https:\/\/enlineabarcelona.com\/ca\/wp-json\/wp\/v2\/media\/17126"}],"wp:attachment":[{"href":"https:\/\/enlineabarcelona.com\/ca\/wp-json\/wp\/v2\/media?parent=17124"}],"wp:term":[{"taxonomy":"product_cat","embeddable":true,"href":"https:\/\/enlineabarcelona.com\/ca\/wp-json\/wp\/v2\/product_cat?post=17124"},{"taxonomy":"product_tag","embeddable":true,"href":"https:\/\/enlineabarcelona.com\/ca\/wp-json\/wp\/v2\/product_tag?post=17124"},{"taxonomy":"disenadores","embeddable":true,"href":"https:\/\/enlineabarcelona.com\/ca\/wp-json\/wp\/v2\/disenadores?post=17124"},{"taxonomy":"marca","embeddable":true,"href":"https:\/\/enlineabarcelona.com\/ca\/wp-json\/wp\/v2\/marca?post=17124"}],"curies":[{"name":"wp","href":"https:\/\/api.w.org\/{rel}","templated":true}]}}