{"id":17148,"date":"2025-12-02T11:19:15","date_gmt":"2025-12-02T11:19:15","guid":{"rendered":"https:\/\/enlineabarcelona.com\/?post_type=product&#038;p=17148"},"modified":"2025-12-02T11:20:48","modified_gmt":"2025-12-02T11:20:48","slug":"cama-gaudi","status":"publish","type":"product","link":"https:\/\/enlineabarcelona.com\/ca\/producto\/cama-gaudi\/","title":{"rendered":"Cama Gaud\u00ed"},"content":{"rendered":"<p>Cama en que la preciada estructura de madera curvada se combina de forma natural con el suave revestimiento textil.<\/p>\n<p>La cama Gaud\u00ed es un homenaje a la madera, material natural por excelencia. La cabecera y los pies de apoyo de madera maciza, en los acabados fresno natural, te\u00f1ido caf\u00e9 y te\u00f1ido negro o de iroko natural y te\u00f1ido caf\u00e9, son el resultado de preciad\u00e1s labores artesanas y crean una estructura sinuosa lista para acomodar el revestimiento en tejido o piel. El revestimiento parece simplemente apoyado, pero en realidad es el resultado de un complejo y detallado estudio de dise\u00f1o, para realzar la pureza y la belleza de la madera y proporcionar a la cama un aspecto acogedor y sumamente exclusivo. El plano de apoyo de Gaud\u00ed es de lamas fijas con regulaci\u00f3n de dureza.<\/p>\n","protected":false},"excerpt":{"rendered":"<p>Cama en que la preciada estructura de madera curvada se combina de forma natural con el suave revestimiento textil. La cama Gaud\u00ed es un homenaje a la madera, material natural por excelencia. La cabecera y los pies de apoyo de madera maciza, en los acabados fresno natural, te\u00f1ido caf\u00e9 y te\u00f1ido negro o de iroko &#8230; <a title=\"Cama Gaud\u00ed\" class=\"read-more\" href=\"https:\/\/enlineabarcelona.com\/ca\/producto\/cama-gaudi\/\" aria-label=\"M\u00e9s informaci\u00f3 sobre Cama Gaud\u00ed\">Llegiu m\u00e9s<\/a><\/p>\n","protected":false},"featured_media":17149,"comment_status":"closed","ping_status":"closed","template":"","meta":{"_acf_changed":false},"product_cat":[301],"product_tag":[],"disenadores":[1903],"marca":[],"class_list":{"0":"post-17148","1":"product","2":"type-product","3":"status-publish","4":"has-post-thumbnail","6":"product_cat-camas","7":"disenadores-matteo-nunziati","8":"sales-flash-overlay","9":"woocommerce-text-align-center","10":"woocommerce-image-align-center","11":"do-quantity-buttons","12":"wc-has-gallery","14":"first","15":"instock","16":"taxable","17":"shipping-taxable","18":"product-type-simple"},"acf":[],"_links":{"self":[{"href":"https:\/\/enlineabarcelona.com\/ca\/wp-json\/wp\/v2\/product\/17148","targetHints":{"allow":["GET"]}}],"collection":[{"href":"https:\/\/enlineabarcelona.com\/ca\/wp-json\/wp\/v2\/product"}],"about":[{"href":"https:\/\/enlineabarcelona.com\/ca\/wp-json\/wp\/v2\/types\/product"}],"replies":[{"embeddable":true,"href":"https:\/\/enlineabarcelona.com\/ca\/wp-json\/wp\/v2\/comments?post=17148"}],"wp:featuredmedia":[{"embeddable":true,"href":"https:\/\/enlineabarcelona.com\/ca\/wp-json\/wp\/v2\/media\/17149"}],"wp:attachment":[{"href":"https:\/\/enlineabarcelona.com\/ca\/wp-json\/wp\/v2\/media?parent=17148"}],"wp:term":[{"taxonomy":"product_cat","embeddable":true,"href":"https:\/\/enlineabarcelona.com\/ca\/wp-json\/wp\/v2\/product_cat?post=17148"},{"taxonomy":"product_tag","embeddable":true,"href":"https:\/\/enlineabarcelona.com\/ca\/wp-json\/wp\/v2\/product_tag?post=17148"},{"taxonomy":"disenadores","embeddable":true,"href":"https:\/\/enlineabarcelona.com\/ca\/wp-json\/wp\/v2\/disenadores?post=17148"},{"taxonomy":"marca","embeddable":true,"href":"https:\/\/enlineabarcelona.com\/ca\/wp-json\/wp\/v2\/marca?post=17148"}],"curies":[{"name":"wp","href":"https:\/\/api.w.org\/{rel}","templated":true}]}}