{"id":17196,"date":"2025-12-02T12:39:34","date_gmt":"2025-12-02T12:39:34","guid":{"rendered":"https:\/\/enlineabarcelona.com\/?post_type=product&#038;p=17196"},"modified":"2025-12-02T12:40:38","modified_gmt":"2025-12-02T12:40:38","slug":"cama-iko","status":"publish","type":"product","link":"https:\/\/enlineabarcelona.com\/ca\/producto\/cama-iko\/","title":{"rendered":"Cama Iko"},"content":{"rendered":"<p>El encanto de un dise\u00f1o lineal que se hace \u00fanico por el esmero en los detalles y los materiales preciados, inusuales y heterog\u00e9neos.<\/p>\n<p>Elegancia, exclusividad y lujo no ostentado distinguen a esta cama de matrimonio, cuya aparente sencillez tiene sus puntos fuertes en la pureza de las l\u00edneas, la riqueza de los materiales empleados y la refinaci\u00f3n de los detalles. Iko es la cama para los que van m\u00e1s all\u00e1 de la aparente simplicidad de las formas y reconocen el valor y la importancia de los detalles.<\/p>\n<div class=\"textBlockButtons\"><\/div>\n","protected":false},"excerpt":{"rendered":"<p>El encanto de un dise\u00f1o lineal que se hace \u00fanico por el esmero en los detalles y los materiales preciados, inusuales y heterog\u00e9neos. Elegancia, exclusividad y lujo no ostentado distinguen a esta cama de matrimonio, cuya aparente sencillez tiene sus puntos fuertes en la pureza de las l\u00edneas, la riqueza de los materiales empleados y &#8230; <a title=\"Cama Iko\" class=\"read-more\" href=\"https:\/\/enlineabarcelona.com\/ca\/producto\/cama-iko\/\" aria-label=\"M\u00e9s informaci\u00f3 sobre Cama Iko\">Llegiu m\u00e9s<\/a><\/p>\n","protected":false},"featured_media":17197,"comment_status":"closed","ping_status":"closed","template":"","meta":{"_acf_changed":false},"product_cat":[301],"product_tag":[],"disenadores":[794],"marca":[],"class_list":{"0":"post-17196","1":"product","2":"type-product","3":"status-publish","4":"has-post-thumbnail","6":"product_cat-camas","7":"disenadores-rodolfo-dordoni","8":"sales-flash-overlay","9":"woocommerce-text-align-center","10":"woocommerce-image-align-center","11":"do-quantity-buttons","12":"wc-has-gallery","14":"first","15":"instock","16":"taxable","17":"shipping-taxable","18":"product-type-simple"},"acf":[],"_links":{"self":[{"href":"https:\/\/enlineabarcelona.com\/ca\/wp-json\/wp\/v2\/product\/17196","targetHints":{"allow":["GET"]}}],"collection":[{"href":"https:\/\/enlineabarcelona.com\/ca\/wp-json\/wp\/v2\/product"}],"about":[{"href":"https:\/\/enlineabarcelona.com\/ca\/wp-json\/wp\/v2\/types\/product"}],"replies":[{"embeddable":true,"href":"https:\/\/enlineabarcelona.com\/ca\/wp-json\/wp\/v2\/comments?post=17196"}],"wp:featuredmedia":[{"embeddable":true,"href":"https:\/\/enlineabarcelona.com\/ca\/wp-json\/wp\/v2\/media\/17197"}],"wp:attachment":[{"href":"https:\/\/enlineabarcelona.com\/ca\/wp-json\/wp\/v2\/media?parent=17196"}],"wp:term":[{"taxonomy":"product_cat","embeddable":true,"href":"https:\/\/enlineabarcelona.com\/ca\/wp-json\/wp\/v2\/product_cat?post=17196"},{"taxonomy":"product_tag","embeddable":true,"href":"https:\/\/enlineabarcelona.com\/ca\/wp-json\/wp\/v2\/product_tag?post=17196"},{"taxonomy":"disenadores","embeddable":true,"href":"https:\/\/enlineabarcelona.com\/ca\/wp-json\/wp\/v2\/disenadores?post=17196"},{"taxonomy":"marca","embeddable":true,"href":"https:\/\/enlineabarcelona.com\/ca\/wp-json\/wp\/v2\/marca?post=17196"}],"curies":[{"name":"wp","href":"https:\/\/api.w.org\/{rel}","templated":true}]}}