{"id":17220,"date":"2025-12-02T12:53:12","date_gmt":"2025-12-02T12:53:12","guid":{"rendered":"https:\/\/enlineabarcelona.com\/?post_type=product&#038;p=17220"},"modified":"2025-12-02T12:56:05","modified_gmt":"2025-12-02T12:56:05","slug":"cama-nathalie","status":"publish","type":"product","link":"https:\/\/enlineabarcelona.com\/ca\/producto\/cama-nathalie\/","title":{"rendered":"Cama Nathalie"},"content":{"rendered":"<p class=\"textBlock__subtitle\">Primera cama textil moderna, acolchada y totalmente desenfundable. Un icono que marc\u00f3 un hito en la historia del mueble y que incluso en la actualidad sigue siendo inimitable.<\/p>\n<p class=\"textBlock__subtitle\">Inconfundible con sus lazos, Nathalie es la cabeza de estirpe de las camas textiles. Primera y \u00fanica de su tipo, en el a\u00f1o 2020 Nathalie fue galardonada con el Compasso d&#8217;Oro a la Carrera del Producto y est\u00e1 protegida como obra de arte por la Ley Europea de Dise\u00f1o. Nathalie es un aut\u00e9ntico sistema completo dise\u00f1ado para ofrecer a todos un excelente descanso, con la posibilidad de elegir la superficie de descanso y la base, que tambi\u00e9n se ofrece en la pr\u00e1ctica versi\u00f3n con contenedor para guardar lo que se desee.<\/p>\n","protected":false},"excerpt":{"rendered":"<p>Primera cama textil moderna, acolchada y totalmente desenfundable. Un icono que marc\u00f3 un hito en la historia del mueble y que incluso en la actualidad sigue siendo inimitable. Inconfundible con sus lazos, Nathalie es la cabeza de estirpe de las camas textiles. Primera y \u00fanica de su tipo, en el a\u00f1o 2020 Nathalie fue galardonada &#8230; <a title=\"Cama Nathalie\" class=\"read-more\" href=\"https:\/\/enlineabarcelona.com\/ca\/producto\/cama-nathalie\/\" aria-label=\"M\u00e9s informaci\u00f3 sobre Cama Nathalie\">Llegiu m\u00e9s<\/a><\/p>\n","protected":false},"featured_media":17221,"comment_status":"closed","ping_status":"closed","template":"","meta":{"_acf_changed":false},"product_cat":[301],"product_tag":[],"disenadores":[886],"marca":[],"class_list":{"0":"post-17220","1":"product","2":"type-product","3":"status-publish","4":"has-post-thumbnail","6":"product_cat-camas","7":"disenadores-vico-magistretti","8":"sales-flash-overlay","9":"woocommerce-text-align-center","10":"woocommerce-image-align-center","11":"do-quantity-buttons","12":"wc-has-gallery","14":"first","15":"instock","16":"taxable","17":"shipping-taxable","18":"product-type-simple"},"acf":[],"_links":{"self":[{"href":"https:\/\/enlineabarcelona.com\/ca\/wp-json\/wp\/v2\/product\/17220","targetHints":{"allow":["GET"]}}],"collection":[{"href":"https:\/\/enlineabarcelona.com\/ca\/wp-json\/wp\/v2\/product"}],"about":[{"href":"https:\/\/enlineabarcelona.com\/ca\/wp-json\/wp\/v2\/types\/product"}],"replies":[{"embeddable":true,"href":"https:\/\/enlineabarcelona.com\/ca\/wp-json\/wp\/v2\/comments?post=17220"}],"wp:featuredmedia":[{"embeddable":true,"href":"https:\/\/enlineabarcelona.com\/ca\/wp-json\/wp\/v2\/media\/17221"}],"wp:attachment":[{"href":"https:\/\/enlineabarcelona.com\/ca\/wp-json\/wp\/v2\/media?parent=17220"}],"wp:term":[{"taxonomy":"product_cat","embeddable":true,"href":"https:\/\/enlineabarcelona.com\/ca\/wp-json\/wp\/v2\/product_cat?post=17220"},{"taxonomy":"product_tag","embeddable":true,"href":"https:\/\/enlineabarcelona.com\/ca\/wp-json\/wp\/v2\/product_tag?post=17220"},{"taxonomy":"disenadores","embeddable":true,"href":"https:\/\/enlineabarcelona.com\/ca\/wp-json\/wp\/v2\/disenadores?post=17220"},{"taxonomy":"marca","embeddable":true,"href":"https:\/\/enlineabarcelona.com\/ca\/wp-json\/wp\/v2\/marca?post=17220"}],"curies":[{"name":"wp","href":"https:\/\/api.w.org\/{rel}","templated":true}]}}