{"id":17244,"date":"2025-12-03T11:52:42","date_gmt":"2025-12-03T11:52:42","guid":{"rendered":"https:\/\/enlineabarcelona.com\/?post_type=product&#038;p=17244"},"modified":"2025-12-03T11:53:33","modified_gmt":"2025-12-03T11:53:33","slug":"cama-tadao","status":"publish","type":"product","link":"https:\/\/enlineabarcelona.com\/ca\/producto\/cama-tadao\/","title":{"rendered":"Cama Tadao"},"content":{"rendered":"<p>Del genio de Vico Magistretti nace Tadao, la cama en la que las lamas de la base definen la est\u00e9tica. Una intuici\u00f3n acertada, fruto de la capacidad de captar la belleza en las cosas m\u00e1s sencillas. Una idea sencilla e ingeniosa: hacer visibles los listones de la cama, normalmente ocultos. La funci\u00f3n se convierte en el elemento principal del proyecto. Cama de inspiraci\u00f3n oriental, refinada y esencial.<\/p>\n","protected":false},"excerpt":{"rendered":"<p>Del genio de Vico Magistretti nace Tadao, la cama en la que las lamas de la base definen la est\u00e9tica. Una intuici\u00f3n acertada, fruto de la capacidad de captar la belleza en las cosas m\u00e1s sencillas. Una idea sencilla e ingeniosa: hacer visibles los listones de la cama, normalmente ocultos. La funci\u00f3n se convierte en &#8230; <a title=\"Cama Tadao\" class=\"read-more\" href=\"https:\/\/enlineabarcelona.com\/ca\/producto\/cama-tadao\/\" aria-label=\"M\u00e9s informaci\u00f3 sobre Cama Tadao\">Llegiu m\u00e9s<\/a><\/p>\n","protected":false},"featured_media":17245,"comment_status":"closed","ping_status":"closed","template":"","meta":{"_acf_changed":false},"product_cat":[301],"product_tag":[],"disenadores":[886],"marca":[],"class_list":{"0":"post-17244","1":"product","2":"type-product","3":"status-publish","4":"has-post-thumbnail","6":"product_cat-camas","7":"disenadores-vico-magistretti","8":"sales-flash-overlay","9":"woocommerce-text-align-center","10":"woocommerce-image-align-center","11":"do-quantity-buttons","12":"wc-has-gallery","14":"first","15":"instock","16":"taxable","17":"shipping-taxable","18":"product-type-simple"},"acf":[],"_links":{"self":[{"href":"https:\/\/enlineabarcelona.com\/ca\/wp-json\/wp\/v2\/product\/17244","targetHints":{"allow":["GET"]}}],"collection":[{"href":"https:\/\/enlineabarcelona.com\/ca\/wp-json\/wp\/v2\/product"}],"about":[{"href":"https:\/\/enlineabarcelona.com\/ca\/wp-json\/wp\/v2\/types\/product"}],"replies":[{"embeddable":true,"href":"https:\/\/enlineabarcelona.com\/ca\/wp-json\/wp\/v2\/comments?post=17244"}],"wp:featuredmedia":[{"embeddable":true,"href":"https:\/\/enlineabarcelona.com\/ca\/wp-json\/wp\/v2\/media\/17245"}],"wp:attachment":[{"href":"https:\/\/enlineabarcelona.com\/ca\/wp-json\/wp\/v2\/media?parent=17244"}],"wp:term":[{"taxonomy":"product_cat","embeddable":true,"href":"https:\/\/enlineabarcelona.com\/ca\/wp-json\/wp\/v2\/product_cat?post=17244"},{"taxonomy":"product_tag","embeddable":true,"href":"https:\/\/enlineabarcelona.com\/ca\/wp-json\/wp\/v2\/product_tag?post=17244"},{"taxonomy":"disenadores","embeddable":true,"href":"https:\/\/enlineabarcelona.com\/ca\/wp-json\/wp\/v2\/disenadores?post=17244"},{"taxonomy":"marca","embeddable":true,"href":"https:\/\/enlineabarcelona.com\/ca\/wp-json\/wp\/v2\/marca?post=17244"}],"curies":[{"name":"wp","href":"https:\/\/api.w.org\/{rel}","templated":true}]}}