{"id":17297,"date":"2025-12-03T12:22:05","date_gmt":"2025-12-03T12:22:05","guid":{"rendered":"https:\/\/enlineabarcelona.com\/?post_type=product&#038;p=17297"},"modified":"2025-12-03T12:22:05","modified_gmt":"2025-12-03T12:22:05","slug":"cama-notturno-shabby-chic","status":"publish","type":"product","link":"https:\/\/enlineabarcelona.com\/ca\/producto\/cama-notturno-shabby-chic\/","title":{"rendered":"Cama Notturno Shabby Chic"},"content":{"rendered":"<p>Cama sobria y comedida a la que la suave tapicer\u00eda, de colores delicados y aspecto vivido, da un aire resueltamente contempor\u00e1neo. L\u00edneas limpias, simples y elegantes hacen de esta cama un \u2018ever green\u2019 apto para todos los gustos, todos los ambientes y todas las situaciones de moblaje. La variante \u201cShabby Chic\u201d, ofrece una imagen claramente contempor\u00e1nea, a la cual contribuyen los revestimientos de tendencia, delicados en sus colores y con un aspecto expresamente \u201cvivido\u201d.<\/p>\n","protected":false},"excerpt":{"rendered":"<p>Cama sobria y comedida a la que la suave tapicer\u00eda, de colores delicados y aspecto vivido, da un aire resueltamente contempor\u00e1neo. L\u00edneas limpias, simples y elegantes hacen de esta cama un \u2018ever green\u2019 apto para todos los gustos, todos los ambientes y todas las situaciones de moblaje. La variante \u201cShabby Chic\u201d, ofrece una imagen claramente &#8230; <a title=\"Cama Notturno Shabby Chic\" class=\"read-more\" href=\"https:\/\/enlineabarcelona.com\/ca\/producto\/cama-notturno-shabby-chic\/\" aria-label=\"M\u00e9s informaci\u00f3 sobre Cama Notturno Shabby Chic\">Llegiu m\u00e9s<\/a><\/p>\n","protected":false},"featured_media":17304,"comment_status":"closed","ping_status":"closed","template":"","meta":{"_acf_changed":false},"product_cat":[301],"product_tag":[],"disenadores":[1907],"marca":[],"class_list":{"0":"post-17297","1":"product","2":"type-product","3":"status-publish","4":"has-post-thumbnail","6":"product_cat-camas","7":"disenadores-flou","8":"sales-flash-overlay","9":"woocommerce-text-align-center","10":"woocommerce-image-align-center","11":"do-quantity-buttons","12":"wc-has-gallery","14":"first","15":"instock","16":"taxable","17":"shipping-taxable","18":"product-type-simple"},"acf":[],"_links":{"self":[{"href":"https:\/\/enlineabarcelona.com\/ca\/wp-json\/wp\/v2\/product\/17297","targetHints":{"allow":["GET"]}}],"collection":[{"href":"https:\/\/enlineabarcelona.com\/ca\/wp-json\/wp\/v2\/product"}],"about":[{"href":"https:\/\/enlineabarcelona.com\/ca\/wp-json\/wp\/v2\/types\/product"}],"replies":[{"embeddable":true,"href":"https:\/\/enlineabarcelona.com\/ca\/wp-json\/wp\/v2\/comments?post=17297"}],"wp:featuredmedia":[{"embeddable":true,"href":"https:\/\/enlineabarcelona.com\/ca\/wp-json\/wp\/v2\/media\/17304"}],"wp:attachment":[{"href":"https:\/\/enlineabarcelona.com\/ca\/wp-json\/wp\/v2\/media?parent=17297"}],"wp:term":[{"taxonomy":"product_cat","embeddable":true,"href":"https:\/\/enlineabarcelona.com\/ca\/wp-json\/wp\/v2\/product_cat?post=17297"},{"taxonomy":"product_tag","embeddable":true,"href":"https:\/\/enlineabarcelona.com\/ca\/wp-json\/wp\/v2\/product_tag?post=17297"},{"taxonomy":"disenadores","embeddable":true,"href":"https:\/\/enlineabarcelona.com\/ca\/wp-json\/wp\/v2\/disenadores?post=17297"},{"taxonomy":"marca","embeddable":true,"href":"https:\/\/enlineabarcelona.com\/ca\/wp-json\/wp\/v2\/marca?post=17297"}],"curies":[{"name":"wp","href":"https:\/\/api.w.org\/{rel}","templated":true}]}}